{"id":174,"date":"2023-08-16T09:27:55","date_gmt":"2023-08-16T09:27:55","guid":{"rendered":"https:\/\/fidevsa.com\/?page_id=174"},"modified":"2024-03-23T17:25:11","modified_gmt":"2024-03-23T17:25:11","slug":"a-propos","status":"publish","type":"page","link":"https:\/\/fidevsa.com\/en\/a-propos\/","title":{"rendered":"About"},"content":{"rendered":"<div data-elementor-type=\"wp-page\" data-elementor-id=\"174\" class=\"elementor elementor-174\" data-elementor-post-type=\"page\">\n\t\t\t\t<div class=\"elementor-element elementor-element-b81ec45 e-flex e-con-boxed e-con e-parent\" data-id=\"b81ec45\" data-element_type=\"container\" data-e-type=\"container\" data-settings=\"{&quot;background_background&quot;:&quot;classic&quot;}\">\n\t\t\t\t\t<div class=\"e-con-inner\">\n\t\t\t\t<div class=\"elementor-element elementor-element-d65f7a8 elementor-widget elementor-widget-heading\" data-id=\"d65f7a8\" data-element_type=\"widget\" data-e-type=\"widget\" data-widget_type=\"heading.default\">\n\t\t\t\t<div class=\"elementor-widget-container\">\n\t\t\t\t\t<h2 class=\"elementor-heading-title elementor-size-default\">WHO WE ARE<\/h2>\t\t\t\t<\/div>\n\t\t\t\t<\/div>\n\t\t\t\t<div class=\"elementor-element elementor-element-d27ae09 elementor-widget elementor-widget-ube-breadcrumbs\" data-id=\"d27ae09\" data-element_type=\"widget\" data-e-type=\"widget\" data-widget_type=\"ube-breadcrumbs.default\">\n\t\t\t\t<div class=\"elementor-widget-container\">\n\t\t\t\t\t<nav aria-label=\"breadcrumb\">\n\t\t<ol class=\"ube-breadcrumbs breadcrumbs list-unstyled d-inline-flex flex-wrap align-items-center m-0 separator-angle-double\"><li class=\"breadcrumb-item\"><a href=\"https:\/\/fidevsa.com\/en\">Home<\/a><\/li><\/ol><\/nav>\t\t\t\t<\/div>\n\t\t\t\t<\/div>\n\t\t\t\t\t<\/div>\n\t\t\t\t<\/div>\n\t\t<div class=\"elementor-element elementor-element-3b2f195 e-flex e-con-boxed e-con e-parent\" data-id=\"3b2f195\" data-element_type=\"container\" data-e-type=\"container\" data-settings=\"{&quot;background_background&quot;:&quot;classic&quot;}\">\n\t\t\t\t\t<div class=\"e-con-inner\">\n\t\t<div class=\"elementor-element elementor-element-9864262 e-flex e-con-boxed e-con e-child\" data-id=\"9864262\" data-element_type=\"container\" data-e-type=\"container\">\n\t\t\t\t\t<div class=\"e-con-inner\">\n\t\t\t\t<div class=\"elementor-element elementor-element-1da32b0 elementor-widget elementor-widget-heading\" data-id=\"1da32b0\" data-element_type=\"widget\" data-e-type=\"widget\" data-widget_type=\"heading.default\">\n\t\t\t\t<div class=\"elementor-widget-container\">\n\t\t\t\t\t<h2 class=\"elementor-heading-title elementor-size-default\"><span style=\"color: #000\">General presentation of the<\/span> structure<\/h2>\t\t\t\t<\/div>\n\t\t\t\t<\/div>\n\t\t\t\t<div class=\"elementor-element elementor-element-108a08a elementor-widget elementor-widget-text-editor\" data-id=\"108a08a\" data-element_type=\"widget\" data-e-type=\"widget\" data-widget_type=\"text-editor.default\">\n\t\t\t\t<div class=\"elementor-widget-container\">\n\t\t\t\t\t\t\t\t\t<p>Created in 2020, the etablishment <strong>FINANCE FOR DEVELOPMENT CAMEROON (FIDEV CAMEROON S.A.)<\/strong> was approved as a second category EMF (public limited company with a board of directors) on March 16, 2020. It is headquartered in Yaound\u00e9 at Mont\u00e9e Anne Rouge, opposite Artisanat, and has a share capital of FCFA 500,000,000. It is registered on the list of microfinance institutions under No. 002\/EMF\/2020\/B of the CNEF special registration register and approved in 2020 by order 00000190\/MINFI of March 16, 2020.<\/p>\t\t\t\t\t\t\t\t<\/div>\n\t\t\t\t<\/div>\n\t\t\t\t<div class=\"elementor-element elementor-element-bf5dbc0 elementor-widget elementor-widget-ube-accordion\" data-id=\"bf5dbc0\" data-element_type=\"widget\" data-e-type=\"widget\" data-widget_type=\"ube-accordion.default\">\n\t\t\t\t<div class=\"elementor-widget-container\">\n\t\t\t\t\t<div class=\"ube-accordion accordion\" id=\"accordion-bf5dbc0\">\n\t        <div class=\"card ube-accordion-card ube-accordion-separate bg-primary text-white active\">\n            <div class=\"card-header ube-accordion-card-header\" id=\"heading-bf5dbc069f578431cc2d\">\n                <h2 class=\"ube-accordion-link m-0 d-flex align-items-center collapsed\" data-toggle=\"collapse\" data-target=\"#collapse-bf5dbc069f578431cc2d\" aria-expanded=\"true\" aria-controls=\"collapse-bf5dbc069f578431cc2d\">\n\t\t\t\t\t\t\t\t\t\t                    <span >FINANCE FOR DEVELOPMENT<\/span>\n\t\t\t\t\t                        <span class=\"ube-accordion-icon ube-icon right-icon ml-auto\">\n                                     \t                                     <i class=\"fas fa-caret-right\"><\/i>                                                                     <\/span>\n\t\t\t\t\t                <\/h2>\n            <\/div>\n\t\t\t            <div class=\"ube-collapsible collapse show\" aria-labelledby=\"heading-bf5dbc069f578431cc2d\" id=\"collapse-bf5dbc069f578431cc2d\" data-parent=\"#accordion-bf5dbc0\">\n                <div class=\"card-body ube-accordion-card-body\">\n\t\t\t\t\t                        <div >\n\t\t\t\t\t\t\t<p>(FIDEV) Cameroun SA est une institution de micro finance de 2\u00e8me cat\u00e9gorie cr\u00e9\u00e9e en 2020 dont l\u2019objectif principal est de fournir des services financiers \u00e0 valeur ajout\u00e9e au grand public (en particulier les personnes \u00e0 revenu moyen et faible donc g\u00e9n\u00e9ralement exclues du syst\u00e8mes bancaires et situ\u00e9es en zones rurales) sous forme d\u2019\u00e9pargne, les pr\u00eats, les services de transfert. <br \/>The convergence of telecoms and finance opens up a wealth of possibilities and considerably expands the opportunities in our industry.<br \/>This is why, since 2023, FIDEV Cameroun S.A. has been a member of the GIMAC platform, enabling us to expand into :<\/p>                        <\/div>\n\t\t\t\t\t                <\/div>\n            <\/div>\n        <\/div>\n\t        <div class=\"card ube-accordion-card ube-accordion-separate bg-primary text-white\">\n            <div class=\"card-header ube-accordion-card-header\" id=\"heading-bf5dbc069f578431d016\">\n                <h2 class=\"ube-accordion-link m-0 d-flex align-items-center collapsed\" data-toggle=\"collapse\" data-target=\"#collapse-bf5dbc069f578431d016\" aria-expanded=\"false\" aria-controls=\"collapse-bf5dbc069f578431d016\">\n\t\t\t\t\t\t\t\t\t\t                    <span >MICROFINANCE VIA AGENTS<\/span>\n\t\t\t\t\t                        <span class=\"ube-accordion-icon ube-icon right-icon ml-auto\">\n                                     \t                                     <i class=\"fas fa-caret-right\"><\/i>                                                                     <\/span>\n\t\t\t\t\t                <\/h2>\n            <\/div>\n\t\t\t            <div class=\"ube-collapsible collapse\" aria-labelledby=\"heading-bf5dbc069f578431d016\" id=\"collapse-bf5dbc069f578431d016\" data-parent=\"#accordion-bf5dbc0\">\n                <div class=\"card-body ube-accordion-card-body\">\n\t\t\t\t\t                        <div >\n\t\t\t\t\t\t\t<p>Gr\u00e2ce \u00e0 un r\u00e9seau d\u2019 Agents Partenaires, en particulier dans les zones rurales, nous offrons des services de base comme les d\u00e9p\u00f4ts, les retraits, le paiement des factures de services publics, l\u2019achat de cr\u00e9dits de communication, les paiements d\u2019assurance, entre autres.<\/p>                        <\/div>\n\t\t\t\t\t                <\/div>\n            <\/div>\n        <\/div>\n\t        <div class=\"card ube-accordion-card ube-accordion-separate bg-primary text-white\">\n            <div class=\"card-header ube-accordion-card-header\" id=\"heading-bf5dbc069f578431d2a9\">\n                <h2 class=\"ube-accordion-link m-0 d-flex align-items-center collapsed\" data-toggle=\"collapse\" data-target=\"#collapse-bf5dbc069f578431d2a9\" aria-expanded=\"false\" aria-controls=\"collapse-bf5dbc069f578431d2a9\">\n\t\t\t\t\t\t\t\t\t\t                    <span >MOBILE MICROFINANCE SERVICE<\/span>\n\t\t\t\t\t                        <span class=\"ube-accordion-icon ube-icon right-icon ml-auto\">\n                                     \t                                     <i class=\"fas fa-caret-right\"><\/i>                                                                     <\/span>\n\t\t\t\t\t                <\/h2>\n            <\/div>\n\t\t\t            <div class=\"ube-collapsible collapse\" aria-labelledby=\"heading-bf5dbc069f578431d2a9\" id=\"collapse-bf5dbc069f578431d2a9\" data-parent=\"#accordion-bf5dbc0\">\n                <div class=\"card-body ube-accordion-card-body\">\n\t\t\t\t\t                        <div >\n\t\t\t\t\t\t\t<p>Nos services de banque mobile permettent aux clients d\u2019effectuer des transactions sur leurs comptes domicili\u00e9s chez nous \u00e0 l\u2019aide de leurs appareils mobiles.<br \/>Cette orientation digitale, permettra d\u2019am\u00e9liorer le niveau de vie dans les zones rurales, de cr\u00e9er des emplois et de favoriser le d\u00e9veloppement. Telle est la vision de FIDEV Cameroun S.A. pour qui le Client est Roi!<\/p>                        <\/div>\n\t\t\t\t\t                <\/div>\n            <\/div>\n        <\/div>\n\t<\/div>\t\t\t\t<\/div>\n\t\t\t\t<\/div>\n\t\t\t\t\t<\/div>\n\t\t\t\t<\/div>\n\t\t\t\t\t<\/div>\n\t\t\t\t<\/div>\n\t\t<div class=\"elementor-element elementor-element-9641acf e-flex e-con-boxed e-con e-parent\" data-id=\"9641acf\" data-element_type=\"container\" data-e-type=\"container\" data-settings=\"{&quot;background_background&quot;:&quot;classic&quot;}\">\n\t\t\t\t\t<div class=\"e-con-inner\">\n\t\t<div class=\"elementor-element elementor-element-258a8c7 e-con-full e-flex elementor-invisible e-con e-child\" data-id=\"258a8c7\" data-element_type=\"container\" data-e-type=\"container\" data-settings=\"{&quot;background_background&quot;:&quot;classic&quot;,&quot;animation&quot;:&quot;fadeInLeft&quot;}\">\n\t\t\t\t<div class=\"elementor-element elementor-element-8501846 elementor-widget elementor-widget-heading\" data-id=\"8501846\" data-element_type=\"widget\" data-e-type=\"widget\" data-widget_type=\"heading.default\">\n\t\t\t\t<div class=\"elementor-widget-container\">\n\t\t\t\t\t<h2 class=\"elementor-heading-title elementor-size-default\">You are our loyalty to fidev<\/h2>\t\t\t\t<\/div>\n\t\t\t\t<\/div>\n\t\t\t\t<div class=\"elementor-element elementor-element-7cc57bb elementor-widget elementor-widget-text-editor\" data-id=\"7cc57bb\" data-element_type=\"widget\" data-e-type=\"widget\" data-widget_type=\"text-editor.default\">\n\t\t\t\t<div class=\"elementor-widget-container\">\n\t\t\t\t\t\t\t\t\t<p><span style=\"color: #ffffff;\">Pr\u00eat \u00e0 g\u00e9rer vos finances en toute simplicit\u00e9 ? Rejoignez-nous d\u00e8s aujourd\u2019hui ! Ouvrez un compte en quelques minutes pour profiter de nos services bancaires avanc\u00e9s, de taux d\u2019int\u00e9r\u00eat comp\u00e9titifs et d\u2019une s\u00e9curit\u00e9 de premier ordre. Ne laissez pas passer cette opportunit\u00e9. Cliquez ci-dessous pour commencer votre voyage vers une meilleure gestion financi\u00e8re.<\/span><\/p>\t\t\t\t\t\t\t\t<\/div>\n\t\t\t\t<\/div>\n\t\t\t\t<div class=\"elementor-element elementor-element-b902388 elementor-widget elementor-widget-button\" data-id=\"b902388\" data-element_type=\"widget\" data-e-type=\"widget\" data-widget_type=\"button.default\">\n\t\t\t\t<div class=\"elementor-widget-container\">\n\t\t\t\t\t\t\t\t\t<div class=\"elementor-button-wrapper\">\n\t\t\t\t\t<a class=\"elementor-button elementor-button-link elementor-size-sm\" href=\"https:\/\/fidevsa.com\/en\/contact\/\">\n\t\t\t\t\t\t<span class=\"elementor-button-content-wrapper\">\n\t\t\t\t\t\t\t\t\t<span class=\"elementor-button-text\">Contact us<\/span>\n\t\t\t\t\t<\/span>\n\t\t\t\t\t<\/a>\n\t\t\t\t<\/div>\n\t\t\t\t\t\t\t\t<\/div>\n\t\t\t\t<\/div>\n\t\t\t\t<\/div>\n\t\t\t\t\t<\/div>\n\t\t\t\t<\/div>\n\t\t\t\t<\/div>","protected":false},"excerpt":{"rendered":"<p>QUI SOMMES NOUS Accueil Pr\u00e9sentation g\u00e9n\u00e9rale de la structure Cr\u00e9\u00e9e en 2020, l\u2019Etablissement FINANCE POUR LE DEVELOPPEMENT CAMEROUN (FIDEV CAMEROUN S.A.) a obtenu l\u2019agr\u00e9ment d\u2019EMF de deuxi\u00e8me cat\u00e9gorie (soci\u00e9t\u00e9 anonyme avec conseil d\u2019administration) le 16 Mars 2020. Son si\u00e8ge social est \u00e0 Yaound\u00e9 lieu-dit Mont\u00e9e Anne Rouge, face Artisanat ; son capital social est de [&hellip;]<\/p>\n","protected":false},"author":1,"featured_media":0,"parent":0,"menu_order":0,"comment_status":"closed","ping_status":"closed","template":"elementor_header_footer","meta":{"_acf_changed":false,"inline_featured_image":false,"footnotes":""},"class_list":["post-174","page","type-page","status-publish","hentry"],"acf":[],"_links":{"self":[{"href":"https:\/\/fidevsa.com\/en\/wp-json\/wp\/v2\/pages\/174","targetHints":{"allow":["GET"]}}],"collection":[{"href":"https:\/\/fidevsa.com\/en\/wp-json\/wp\/v2\/pages"}],"about":[{"href":"https:\/\/fidevsa.com\/en\/wp-json\/wp\/v2\/types\/page"}],"author":[{"embeddable":true,"href":"https:\/\/fidevsa.com\/en\/wp-json\/wp\/v2\/users\/1"}],"replies":[{"embeddable":true,"href":"https:\/\/fidevsa.com\/en\/wp-json\/wp\/v2\/comments?post=174"}],"version-history":[{"count":0,"href":"https:\/\/fidevsa.com\/en\/wp-json\/wp\/v2\/pages\/174\/revisions"}],"wp:attachment":[{"href":"https:\/\/fidevsa.com\/en\/wp-json\/wp\/v2\/media?parent=174"}],"curies":[{"name":"wp","href":"https:\/\/api.w.org\/{rel}","templated":true}]}}