{"id":213,"date":"2023-08-21T04:11:47","date_gmt":"2023-08-21T04:11:47","guid":{"rendered":"https:\/\/fidevsa.com\/?page_id=213"},"modified":"2023-10-04T12:59:24","modified_gmt":"2023-10-04T12:59:24","slug":"credit-aux-entreprises","status":"publish","type":"page","link":"https:\/\/fidevsa.com\/en\/credit-aux-entreprises\/","title":{"rendered":"Cr\u00e9dit aux entreprises"},"content":{"rendered":"<div data-elementor-type=\"wp-page\" data-elementor-id=\"213\" class=\"elementor elementor-213\" data-elementor-post-type=\"page\">\n\t\t\t\t<div class=\"elementor-element elementor-element-b7f5800 e-flex e-con-boxed e-con e-parent\" data-id=\"b7f5800\" data-element_type=\"container\" data-e-type=\"container\" data-settings=\"{&quot;background_background&quot;:&quot;classic&quot;}\">\n\t\t\t\t\t<div class=\"e-con-inner\">\n\t\t\t\t<div class=\"elementor-element elementor-element-0f3e28e elementor-widget elementor-widget-heading\" data-id=\"0f3e28e\" data-element_type=\"widget\" data-e-type=\"widget\" data-widget_type=\"heading.default\">\n\t\t\t\t<div class=\"elementor-widget-container\">\n\t\t\t\t\t<h2 class=\"elementor-heading-title elementor-size-default\">Cr\u00e9dit aux entreprises<\/h2>\t\t\t\t<\/div>\n\t\t\t\t<\/div>\n\t\t\t\t<div class=\"elementor-element elementor-element-baf4060 elementor-widget elementor-widget-ube-breadcrumbs\" data-id=\"baf4060\" data-element_type=\"widget\" data-e-type=\"widget\" data-widget_type=\"ube-breadcrumbs.default\">\n\t\t\t\t<div class=\"elementor-widget-container\">\n\t\t\t\t\t<nav aria-label=\"breadcrumb\">\n\t\t<ol class=\"ube-breadcrumbs breadcrumbs list-unstyled d-inline-flex flex-wrap align-items-center m-0 separator-angle-double\"><li class=\"breadcrumb-item\"><a href=\"https:\/\/fidevsa.com\/en\">Home<\/a><\/li><\/ol><\/nav>\t\t\t\t<\/div>\n\t\t\t\t<\/div>\n\t\t\t\t\t<\/div>\n\t\t\t\t<\/div>\n\t\t<div class=\"elementor-element elementor-element-5e14930 e-flex e-con-boxed e-con e-parent\" data-id=\"5e14930\" data-element_type=\"container\" data-e-type=\"container\">\n\t\t\t\t\t<div class=\"e-con-inner\">\n\t\t<div class=\"elementor-element elementor-element-552f9d1 e-con-full e-flex e-con e-child\" data-id=\"552f9d1\" data-element_type=\"container\" data-e-type=\"container\" data-settings=\"{&quot;background_background&quot;:&quot;gradient&quot;}\">\n\t\t\t\t<div class=\"elementor-element elementor-element-de8eeb1 elementor-widget elementor-widget-image-carousel\" data-id=\"de8eeb1\" data-element_type=\"widget\" data-e-type=\"widget\" data-settings=\"{&quot;slides_to_show&quot;:&quot;1&quot;,&quot;navigation&quot;:&quot;none&quot;,&quot;autoplay&quot;:&quot;yes&quot;,&quot;pause_on_hover&quot;:&quot;yes&quot;,&quot;pause_on_interaction&quot;:&quot;yes&quot;,&quot;autoplay_speed&quot;:5000,&quot;infinite&quot;:&quot;yes&quot;,&quot;effect&quot;:&quot;slide&quot;,&quot;speed&quot;:500}\" data-widget_type=\"image-carousel.default\">\n\t\t\t\t<div class=\"elementor-widget-container\">\n\t\t\t\t\t\t\t<div class=\"elementor-image-carousel-wrapper swiper\" role=\"region\" aria-roledescription=\"carousel\" aria-label=\"Carrousel d\u2019images\" dir=\"ltr\">\n\t\t\t<div class=\"elementor-image-carousel swiper-wrapper\" aria-live=\"off\">\n\t\t\t\t\t\t\t\t<div class=\"swiper-slide\" role=\"group\" aria-roledescription=\"slide\" aria-label=\"1 sur 3\"><figure class=\"swiper-slide-inner\"><img decoding=\"async\" class=\"swiper-slide-image\" src=\"https:\/\/fidevsa.com\/wp-content\/uploads\/2023\/08\/sa.jpg\" alt=\"sa\" \/><\/figure><\/div><div class=\"swiper-slide\" role=\"group\" aria-roledescription=\"slide\" aria-label=\"2 sur 3\"><figure class=\"swiper-slide-inner\"><img decoding=\"async\" class=\"swiper-slide-image\" src=\"https:\/\/fidevsa.com\/wp-content\/uploads\/2023\/08\/sarl.jpg\" alt=\"sarl\" \/><\/figure><\/div><div class=\"swiper-slide\" role=\"group\" aria-roledescription=\"slide\" aria-label=\"3 sur 3\"><figure class=\"swiper-slide-inner\"><img decoding=\"async\" class=\"swiper-slide-image\" src=\"https:\/\/fidevsa.com\/wp-content\/uploads\/2023\/08\/ets.jpg\" alt=\"ets\" \/><\/figure><\/div>\t\t\t<\/div>\n\t\t\t\t\t\t\t\n\t\t\t\t\t\t\t\t\t<\/div>\n\t\t\t\t\t\t<\/div>\n\t\t\t\t<\/div>\n\t\t\t\t<\/div>\n\t\t<div class=\"elementor-element elementor-element-872ed31 e-con-full e-flex e-con e-child\" data-id=\"872ed31\" data-element_type=\"container\" data-e-type=\"container\">\n\t\t\t\t<div class=\"elementor-element elementor-element-d3735e1 elementor-widget elementor-widget-heading\" data-id=\"d3735e1\" data-element_type=\"widget\" data-e-type=\"widget\" data-widget_type=\"heading.default\">\n\t\t\t\t<div class=\"elementor-widget-container\">\n\t\t\t\t\t<h2 class=\"elementor-heading-title elementor-size-default\">Vous \u00eates une SA ? Un ETS ? Une SARL ?<\/h2>\t\t\t\t<\/div>\n\t\t\t\t<\/div>\n\t\t\t\t<div class=\"elementor-element elementor-element-7fab163 elementor-widget elementor-widget-text-editor\" data-id=\"7fab163\" data-element_type=\"widget\" data-e-type=\"widget\" data-widget_type=\"text-editor.default\">\n\t\t\t\t<div class=\"elementor-widget-container\">\n\t\t\t\t\t\t\t\t\t<p>Toutes les entreprises inscrites dans notre fichier client sont \u00e9ligibles pour b\u00e9n\u00e9ficier de toutes les facilit\u00e9s de caisses que nous offrons.<\/p>\t\t\t\t\t\t\t\t<\/div>\n\t\t\t\t<\/div>\n\t\t\t\t<div class=\"elementor-element elementor-element-2ff4ea7 elementor-view-stacked ube-position-left elementor-shape-circle elementor-widget elementor-widget-ube-icon-box\" data-id=\"2ff4ea7\" data-element_type=\"widget\" data-e-type=\"widget\" data-widget_type=\"ube-icon-box.default\">\n\t\t\t\t<div class=\"elementor-widget-container\">\n\t\t\t\t\t<div class=\"ube-icon-box-wrapper\">\n\t<div class=\"ube-icon-box\">\n\t\t\t\t\t<div class=\"ube-ib-icon\">\n\t\t\t\t<span class=\"elementor-icon\"><i aria-hidden=\"true\" class=\"icon icon-right-arrow1\"><\/i><\/span>\t\t\t<\/div>\n\t\t\t\t\t\t\t<div class=\"ube-ib-content\">\n\t\t\t\t\t\t\t\t\t\t\t\t\t<div class=\"ube-ib-desc mb-0\">Le pr\u00e9financement des commandes publiques, il s\u2019agit pour FIDEV de pr\u00e9financer votre commande \u00e0 hauteur de 70% ou enti\u00e8rement et vous permettre de respecter les d\u00e9lais de livraisons si vous avez des difficult\u00e9s \u00e0 ex\u00e9cuter les commandes de votre entreprise.<\/div>\n\t\t\t\t\t\t\t<\/div>\n\t\t\t<\/div>\n\t<\/div>\n\n\t\t\t\t<\/div>\n\t\t\t\t<\/div>\n\t\t\t\t<div class=\"elementor-element elementor-element-85e6232 elementor-view-stacked ube-position-left elementor-shape-circle elementor-widget elementor-widget-ube-icon-box\" data-id=\"85e6232\" data-element_type=\"widget\" data-e-type=\"widget\" data-widget_type=\"ube-icon-box.default\">\n\t\t\t\t<div class=\"elementor-widget-container\">\n\t\t\t\t\t<div class=\"ube-icon-box-wrapper\">\n\t<div class=\"ube-icon-box\">\n\t\t\t\t\t<div class=\"ube-ib-icon\">\n\t\t\t\t<span class=\"elementor-icon\"><i aria-hidden=\"true\" class=\"icon icon-right-arrow1\"><\/i><\/span>\t\t\t<\/div>\n\t\t\t\t\t\t\t<div class=\"ube-ib-content\">\n\t\t\t\t\t\t\t\t\t\t\t\t\t<div class=\"ube-ib-desc mb-0\">Les besoins en fonds de roulement, Vous avez des difficult\u00e9s pour faire fonctionner vos activit\u00e9s, par exemple le ravitaillement en stock, nous vous donnons des moyens correspondants \u00e0 votre capacit\u00e9 financi\u00e8re.<\/div>\n\t\t\t\t\t\t\t<\/div>\n\t\t\t<\/div>\n\t<\/div>\n\n\t\t\t\t<\/div>\n\t\t\t\t<\/div>\n\t\t\t\t<\/div>\n\t\t\t\t\t<\/div>\n\t\t\t\t<\/div>\n\t\t<div class=\"elementor-element elementor-element-39384ae e-flex e-con-boxed e-con e-parent\" data-id=\"39384ae\" data-element_type=\"container\" data-e-type=\"container\" data-settings=\"{&quot;background_background&quot;:&quot;classic&quot;}\">\n\t\t\t\t\t<div class=\"e-con-inner\">\n\t\t\t\t<div class=\"elementor-element elementor-element-5504dcd elementor-widget elementor-widget-heading\" data-id=\"5504dcd\" data-element_type=\"widget\" data-e-type=\"widget\" data-widget_type=\"heading.default\">\n\t\t\t\t<div class=\"elementor-widget-container\">\n\t\t\t\t\t<h2 class=\"elementor-heading-title elementor-size-default\"><span style=\"color: #000\">Les cr\u00e9dits<\/span> commerciaux<\/h2>\t\t\t\t<\/div>\n\t\t\t\t<\/div>\n\t\t\t\t<div class=\"elementor-element elementor-element-5d48730 elementor-widget elementor-widget-text-editor\" data-id=\"5d48730\" data-element_type=\"widget\" data-e-type=\"widget\" data-widget_type=\"text-editor.default\">\n\t\t\t\t<div class=\"elementor-widget-container\">\n\t\t\t\t\t\t\t\t\t<p>Vous \u00eates une entreprise, un homme d\u2019affaire ou encore un d\u00e9tenteur de compte courant dans nos livres, vous pouvez, Pour toute activit\u00e9 commerciale, obtenir des cr\u00e9dits de fonctionnements de votre activit\u00e9 et les cr\u00e9dits d\u2019investissements.<\/p>\t\t\t\t\t\t\t\t<\/div>\n\t\t\t\t<\/div>\n\t\t<div class=\"elementor-element elementor-element-871130c e-flex e-con-boxed e-con e-child\" data-id=\"871130c\" data-element_type=\"container\" data-e-type=\"container\">\n\t\t\t\t\t<div class=\"e-con-inner\">\n\t\t<div class=\"elementor-element elementor-element-2964c28 e-flex e-con-boxed e-con e-child\" data-id=\"2964c28\" data-element_type=\"container\" data-e-type=\"container\" data-settings=\"{&quot;background_background&quot;:&quot;gradient&quot;}\">\n\t\t\t\t\t<div class=\"e-con-inner\">\n\t\t\t\t<div class=\"elementor-element elementor-element-96f6a3e elementor-widget elementor-widget-heading\" data-id=\"96f6a3e\" data-element_type=\"widget\" data-e-type=\"widget\" data-widget_type=\"heading.default\">\n\t\t\t\t<div class=\"elementor-widget-container\">\n\t\t\t\t\t<h2 class=\"elementor-heading-title elementor-size-default\">Cr\u00e9dits de fonctionnement<\/h2>\t\t\t\t<\/div>\n\t\t\t\t<\/div>\n\t\t\t\t\t<\/div>\n\t\t\t\t<\/div>\n\t\t<div class=\"elementor-element elementor-element-4c9ff4f elementor-hidden-mobile e-flex e-con-boxed e-con e-child\" data-id=\"4c9ff4f\" data-element_type=\"container\" data-e-type=\"container\" data-settings=\"{&quot;background_background&quot;:&quot;gradient&quot;}\">\n\t\t\t\t\t<div class=\"e-con-inner\">\n\t\t\t\t<div class=\"elementor-element elementor-element-0c04e08 elementor-widget elementor-widget-heading\" data-id=\"0c04e08\" data-element_type=\"widget\" data-e-type=\"widget\" data-widget_type=\"heading.default\">\n\t\t\t\t<div class=\"elementor-widget-container\">\n\t\t\t\t\t<h2 class=\"elementor-heading-title elementor-size-default\">Cr\u00e9dits d\u2019investissement<\/h2>\t\t\t\t<\/div>\n\t\t\t\t<\/div>\n\t\t\t\t\t<\/div>\n\t\t\t\t<\/div>\n\t\t\t\t\t<\/div>\n\t\t\t\t<\/div>\n\t\t<div class=\"elementor-element elementor-element-7e056b9 e-flex e-con-boxed e-con e-child\" data-id=\"7e056b9\" data-element_type=\"container\" data-e-type=\"container\">\n\t\t\t\t\t<div class=\"e-con-inner\">\n\t\t<div class=\"elementor-element elementor-element-bd263c1 e-flex e-con-boxed e-con e-child\" data-id=\"bd263c1\" data-element_type=\"container\" data-e-type=\"container\" data-settings=\"{&quot;background_background&quot;:&quot;classic&quot;}\">\n\t\t\t\t\t<div class=\"e-con-inner\">\n\t\t\t\t<div class=\"elementor-element elementor-element-9948879 elementor-widget elementor-widget-text-editor\" data-id=\"9948879\" data-element_type=\"widget\" data-e-type=\"widget\" data-widget_type=\"text-editor.default\">\n\t\t\t\t<div class=\"elementor-widget-container\">\n\t\t\t\t\t\t\t\t\t<p>Votre activit\u00e9 est en difficult\u00e9, nous vous aidons \u00e0 tenir bon sur le march\u00e9 \u00e0 travers :<\/p>\t\t\t\t\t\t\t\t<\/div>\n\t\t\t\t<\/div>\n\t\t\t\t<div class=\"elementor-element elementor-element-a49a496 elementor-view-stacked ube-position-left elementor-shape-circle elementor-widget elementor-widget-ube-icon-box\" data-id=\"a49a496\" data-element_type=\"widget\" data-e-type=\"widget\" data-widget_type=\"ube-icon-box.default\">\n\t\t\t\t<div class=\"elementor-widget-container\">\n\t\t\t\t\t<div class=\"ube-icon-box-wrapper\">\n\t<div class=\"ube-icon-box\">\n\t\t\t\t\t<div class=\"ube-ib-icon\">\n\t\t\t\t<span class=\"elementor-icon\"><i aria-hidden=\"true\" class=\"icon icon-right-arrow1\"><\/i><\/span>\t\t\t<\/div>\n\t\t\t\t\t\t\t<div class=\"ube-ib-content\">\n\t\t\t\t\t\t\t\t\t\t\t\t\t<div class=\"ube-ib-desc mb-0\">Les financements des fonds de roulements<\/div>\n\t\t\t\t\t\t\t<\/div>\n\t\t\t<\/div>\n\t<\/div>\n\n\t\t\t\t<\/div>\n\t\t\t\t<\/div>\n\t\t\t\t<div class=\"elementor-element elementor-element-9bbff28 elementor-view-stacked ube-position-left elementor-shape-circle elementor-widget elementor-widget-ube-icon-box\" data-id=\"9bbff28\" data-element_type=\"widget\" data-e-type=\"widget\" data-widget_type=\"ube-icon-box.default\">\n\t\t\t\t<div class=\"elementor-widget-container\">\n\t\t\t\t\t<div class=\"ube-icon-box-wrapper\">\n\t<div class=\"ube-icon-box\">\n\t\t\t\t\t<div class=\"ube-ib-icon\">\n\t\t\t\t<span class=\"elementor-icon\"><i aria-hidden=\"true\" class=\"icon icon-right-arrow1\"><\/i><\/span>\t\t\t<\/div>\n\t\t\t\t\t\t\t<div class=\"ube-ib-content\">\n\t\t\t\t\t\t\t\t\t\t\t\t\t<div class=\"ube-ib-desc mb-0\">L\u2019approvisionnement du stock des marchandises<\/div>\n\t\t\t\t\t\t\t<\/div>\n\t\t\t<\/div>\n\t<\/div>\n\n\t\t\t\t<\/div>\n\t\t\t\t<\/div>\n\t\t\t\t<div class=\"elementor-element elementor-element-34d3a08 elementor-view-stacked ube-position-left elementor-shape-circle elementor-widget elementor-widget-ube-icon-box\" data-id=\"34d3a08\" data-element_type=\"widget\" data-e-type=\"widget\" data-widget_type=\"ube-icon-box.default\">\n\t\t\t\t<div class=\"elementor-widget-container\">\n\t\t\t\t\t<div class=\"ube-icon-box-wrapper\">\n\t<div class=\"ube-icon-box\">\n\t\t\t\t\t<div class=\"ube-ib-icon\">\n\t\t\t\t<span class=\"elementor-icon\"><i aria-hidden=\"true\" class=\"icon icon-right-arrow1\"><\/i><\/span>\t\t\t<\/div>\n\t\t\t\t\t\t\t<div class=\"ube-ib-content\">\n\t\t\t\t\t\t\t\t\t\t\t\t\t<div class=\"ube-ib-desc mb-0\">L\u2019achat des fournitures de bureau et de la mati\u00e8re premi\u00e8re<\/div>\n\t\t\t\t\t\t\t<\/div>\n\t\t\t<\/div>\n\t<\/div>\n\n\t\t\t\t<\/div>\n\t\t\t\t<\/div>\n\t\t\t\t<div class=\"elementor-element elementor-element-ac85948 elementor-view-stacked ube-position-left elementor-shape-circle elementor-widget elementor-widget-ube-icon-box\" data-id=\"ac85948\" data-element_type=\"widget\" data-e-type=\"widget\" data-widget_type=\"ube-icon-box.default\">\n\t\t\t\t<div class=\"elementor-widget-container\">\n\t\t\t\t\t<div class=\"ube-icon-box-wrapper\">\n\t<div class=\"ube-icon-box\">\n\t\t\t\t\t<div class=\"ube-ib-icon\">\n\t\t\t\t<span class=\"elementor-icon\"><i aria-hidden=\"true\" class=\"icon icon-right-arrow1\"><\/i><\/span>\t\t\t<\/div>\n\t\t\t\t\t\t\t<div class=\"ube-ib-content\">\n\t\t\t\t\t\t\t\t\t\t\t\t\t<div class=\"ube-ib-desc mb-0\">Les facilit\u00e9s de caisse<\/div>\n\t\t\t\t\t\t\t<\/div>\n\t\t\t<\/div>\n\t<\/div>\n\n\t\t\t\t<\/div>\n\t\t\t\t<\/div>\n\t\t\t\t<div class=\"elementor-element elementor-element-fe3c41b elementor-view-stacked ube-position-left elementor-shape-circle elementor-widget elementor-widget-ube-icon-box\" data-id=\"fe3c41b\" data-element_type=\"widget\" data-e-type=\"widget\" data-widget_type=\"ube-icon-box.default\">\n\t\t\t\t<div class=\"elementor-widget-container\">\n\t\t\t\t\t<div class=\"ube-icon-box-wrapper\">\n\t<div class=\"ube-icon-box\">\n\t\t\t\t\t<div class=\"ube-ib-icon\">\n\t\t\t\t<span class=\"elementor-icon\"><i aria-hidden=\"true\" class=\"icon icon-right-arrow1\"><\/i><\/span>\t\t\t<\/div>\n\t\t\t\t\t\t\t<div class=\"ube-ib-content\">\n\t\t\t\t\t\t\t\t\t\t\t\t\t<div class=\"ube-ib-desc mb-0\">Les d\u00e9couverts<\/div>\n\t\t\t\t\t\t\t<\/div>\n\t\t\t<\/div>\n\t<\/div>\n\n\t\t\t\t<\/div>\n\t\t\t\t<\/div>\n\t\t\t\t\t<\/div>\n\t\t\t\t<\/div>\n\t\t<div class=\"elementor-element elementor-element-a53248e e-flex e-con-boxed e-con e-child\" data-id=\"a53248e\" data-element_type=\"container\" data-e-type=\"container\">\n\t\t\t\t\t<div class=\"e-con-inner\">\n\t\t<div class=\"elementor-element elementor-element-d77a8ff elementor-hidden-desktop elementor-hidden-tablet e-flex e-con-boxed e-con e-child\" data-id=\"d77a8ff\" data-element_type=\"container\" data-e-type=\"container\" data-settings=\"{&quot;background_background&quot;:&quot;gradient&quot;}\">\n\t\t\t\t\t<div class=\"e-con-inner\">\n\t\t\t\t<div class=\"elementor-element elementor-element-e0202a3 elementor-widget elementor-widget-heading\" data-id=\"e0202a3\" data-element_type=\"widget\" data-e-type=\"widget\" data-widget_type=\"heading.default\">\n\t\t\t\t<div class=\"elementor-widget-container\">\n\t\t\t\t\t<h2 class=\"elementor-heading-title elementor-size-default\">Cr\u00e9dits d\u2019investissement<\/h2>\t\t\t\t<\/div>\n\t\t\t\t<\/div>\n\t\t\t\t\t<\/div>\n\t\t\t\t<\/div>\n\t\t\t\t<div class=\"elementor-element elementor-element-4102649 elementor-widget elementor-widget-text-editor\" data-id=\"4102649\" data-element_type=\"widget\" data-e-type=\"widget\" data-widget_type=\"text-editor.default\">\n\t\t\t\t<div class=\"elementor-widget-container\">\n\t\t\t\t\t\t\t\t\t<p>FIDEV donne aux entreprises des montants de cr\u00e9dits pouvant atteindre 50 000 000 FCFA (cinquante millions de francs CFA).<\/p>\t\t\t\t\t\t\t\t<\/div>\n\t\t\t\t<\/div>\n\t\t\t\t<div class=\"elementor-element elementor-element-0173008 elementor-view-stacked ube-position-left elementor-shape-circle elementor-widget elementor-widget-ube-icon-box\" data-id=\"0173008\" data-element_type=\"widget\" data-e-type=\"widget\" data-widget_type=\"ube-icon-box.default\">\n\t\t\t\t<div class=\"elementor-widget-container\">\n\t\t\t\t\t<div class=\"ube-icon-box-wrapper\">\n\t<div class=\"ube-icon-box\">\n\t\t\t\t\t<div class=\"ube-ib-icon\">\n\t\t\t\t<span class=\"elementor-icon\"><i aria-hidden=\"true\" class=\"icon icon-right-arrow1\"><\/i><\/span>\t\t\t<\/div>\n\t\t\t\t\t\t\t<div class=\"ube-ib-content\">\n\t\t\t\t\t\t\t\t\t\t\t\t\t<div class=\"ube-ib-desc mb-0\">Les grands \u00e9quipements (machines industrielles et autres)<\/div>\n\t\t\t\t\t\t\t<\/div>\n\t\t\t<\/div>\n\t<\/div>\n\n\t\t\t\t<\/div>\n\t\t\t\t<\/div>\n\t\t\t\t<div class=\"elementor-element elementor-element-ce0f187 elementor-view-stacked ube-position-left elementor-shape-circle elementor-widget elementor-widget-ube-icon-box\" data-id=\"ce0f187\" data-element_type=\"widget\" data-e-type=\"widget\" data-widget_type=\"ube-icon-box.default\">\n\t\t\t\t<div class=\"elementor-widget-container\">\n\t\t\t\t\t<div class=\"ube-icon-box-wrapper\">\n\t<div class=\"ube-icon-box\">\n\t\t\t\t\t<div class=\"ube-ib-icon\">\n\t\t\t\t<span class=\"elementor-icon\"><i aria-hidden=\"true\" class=\"icon icon-right-arrow1\"><\/i><\/span>\t\t\t<\/div>\n\t\t\t\t\t\t\t<div class=\"ube-ib-content\">\n\t\t\t\t\t\t\t\t\t\t\t\t\t<div class=\"ube-ib-desc mb-0\">L\u2019achat des terrains<\/div>\n\t\t\t\t\t\t\t<\/div>\n\t\t\t<\/div>\n\t<\/div>\n\n\t\t\t\t<\/div>\n\t\t\t\t<\/div>\n\t\t\t\t<div class=\"elementor-element elementor-element-9d58223 elementor-view-stacked ube-position-left elementor-shape-circle elementor-widget elementor-widget-ube-icon-box\" data-id=\"9d58223\" data-element_type=\"widget\" data-e-type=\"widget\" data-widget_type=\"ube-icon-box.default\">\n\t\t\t\t<div class=\"elementor-widget-container\">\n\t\t\t\t\t<div class=\"ube-icon-box-wrapper\">\n\t<div class=\"ube-icon-box\">\n\t\t\t\t\t<div class=\"ube-ib-icon\">\n\t\t\t\t<span class=\"elementor-icon\"><i aria-hidden=\"true\" class=\"icon icon-right-arrow1\"><\/i><\/span>\t\t\t<\/div>\n\t\t\t\t\t\t\t<div class=\"ube-ib-content\">\n\t\t\t\t\t\t\t\t\t\t\t\t\t<div class=\"ube-ib-desc mb-0\">Les constructions des immeubles \u00e0 vocation commerciale<\/div>\n\t\t\t\t\t\t\t<\/div>\n\t\t\t<\/div>\n\t<\/div>\n\n\t\t\t\t<\/div>\n\t\t\t\t<\/div>\n\t\t\t\t<div class=\"elementor-element elementor-element-c8f16a4 elementor-view-stacked ube-position-left elementor-shape-circle elementor-widget elementor-widget-ube-icon-box\" data-id=\"c8f16a4\" data-element_type=\"widget\" data-e-type=\"widget\" data-widget_type=\"ube-icon-box.default\">\n\t\t\t\t<div class=\"elementor-widget-container\">\n\t\t\t\t\t<div class=\"ube-icon-box-wrapper\">\n\t<div class=\"ube-icon-box\">\n\t\t\t\t\t<div class=\"ube-ib-icon\">\n\t\t\t\t<span class=\"elementor-icon\"><i aria-hidden=\"true\" class=\"icon icon-right-arrow1\"><\/i><\/span>\t\t\t<\/div>\n\t\t\t\t\t\t\t<div class=\"ube-ib-content\">\n\t\t\t\t\t\t\t\t\t\t\t\t\t<div class=\"ube-ib-desc mb-0\">Le d\u00e9veloppement du r\u00e9seau de l\u2019entreprise.<\/div>\n\t\t\t\t\t\t\t<\/div>\n\t\t\t<\/div>\n\t<\/div>\n\n\t\t\t\t<\/div>\n\t\t\t\t<\/div>\n\t\t\t\t\t<\/div>\n\t\t\t\t<\/div>\n\t\t\t\t\t<\/div>\n\t\t\t\t<\/div>\n\t\t\t\t<div class=\"elementor-element elementor-element-f30cb54 elementor-align-center elementor-widget elementor-widget-button\" data-id=\"f30cb54\" data-element_type=\"widget\" data-e-type=\"widget\" data-widget_type=\"button.default\">\n\t\t\t\t<div class=\"elementor-widget-container\">\n\t\t\t\t\t\t\t\t\t<div class=\"elementor-button-wrapper\">\n\t\t\t\t\t<a class=\"elementor-button elementor-button-link elementor-size-sm\" href=\"https:\/\/fidevsa.com\/en\/contact\/\">\n\t\t\t\t\t\t<span class=\"elementor-button-content-wrapper\">\n\t\t\t\t\t\t\t\t\t<span class=\"elementor-button-text\"> Book an appointment now!<\/span>\n\t\t\t\t\t<\/span>\n\t\t\t\t\t<\/a>\n\t\t\t\t<\/div>\n\t\t\t\t\t\t\t\t<\/div>\n\t\t\t\t<\/div>\n\t\t\t\t\t<\/div>\n\t\t\t\t<\/div>\n\t\t\t\t<\/div>","protected":false},"excerpt":{"rendered":"<p>Accueil Vous \u00eates une SA ? Un ETS ? Une SARL ? Toutes les entreprises inscrites dans notre fichier client sont \u00e9ligibles pour b\u00e9n\u00e9ficier de toutes les facilit\u00e9s de caisses que nous offrons. Le pr\u00e9financement des commandes publiques, il s\u2019agit pour FIDEV de pr\u00e9financer votre commande \u00e0 hauteur de 70% ou enti\u00e8rement et vous permettre [&hellip;]<\/p>\n","protected":false},"author":1,"featured_media":0,"parent":0,"menu_order":0,"comment_status":"closed","ping_status":"closed","template":"elementor_header_footer","meta":{"_acf_changed":false,"inline_featured_image":false,"footnotes":""},"class_list":["post-213","page","type-page","status-publish","hentry"],"acf":[],"_links":{"self":[{"href":"https:\/\/fidevsa.com\/en\/wp-json\/wp\/v2\/pages\/213","targetHints":{"allow":["GET"]}}],"collection":[{"href":"https:\/\/fidevsa.com\/en\/wp-json\/wp\/v2\/pages"}],"about":[{"href":"https:\/\/fidevsa.com\/en\/wp-json\/wp\/v2\/types\/page"}],"author":[{"embeddable":true,"href":"https:\/\/fidevsa.com\/en\/wp-json\/wp\/v2\/users\/1"}],"replies":[{"embeddable":true,"href":"https:\/\/fidevsa.com\/en\/wp-json\/wp\/v2\/comments?post=213"}],"version-history":[{"count":0,"href":"https:\/\/fidevsa.com\/en\/wp-json\/wp\/v2\/pages\/213\/revisions"}],"wp:attachment":[{"href":"https:\/\/fidevsa.com\/en\/wp-json\/wp\/v2\/media?parent=213"}],"curies":[{"name":"wp","href":"https:\/\/api.w.org\/{rel}","templated":true}]}}