{"id":239,"date":"2023-08-21T05:26:26","date_gmt":"2023-08-21T05:26:26","guid":{"rendered":"https:\/\/fidevsa.com\/?page_id=239"},"modified":"2023-10-31T16:06:40","modified_gmt":"2023-10-31T16:06:40","slug":"credits-aux-particuliers","status":"publish","type":"page","link":"https:\/\/fidevsa.com\/en\/credits-aux-particuliers\/","title":{"rendered":"Personal loans"},"content":{"rendered":"<div data-elementor-type=\"wp-page\" data-elementor-id=\"239\" class=\"elementor elementor-239\" data-elementor-post-type=\"page\">\n\t\t\t\t<div class=\"elementor-element elementor-element-8b8852e e-flex e-con-boxed e-con e-parent\" data-id=\"8b8852e\" data-element_type=\"container\" data-e-type=\"container\" data-settings=\"{&quot;background_background&quot;:&quot;classic&quot;}\">\n\t\t\t\t\t<div class=\"e-con-inner\">\n\t\t\t\t<div class=\"elementor-element elementor-element-de81ccc elementor-widget elementor-widget-heading\" data-id=\"de81ccc\" data-element_type=\"widget\" data-e-type=\"widget\" data-widget_type=\"heading.default\">\n\t\t\t\t<div class=\"elementor-widget-container\">\n\t\t\t\t\t<h2 class=\"elementor-heading-title elementor-size-default\">Personal loans<\/h2>\t\t\t\t<\/div>\n\t\t\t\t<\/div>\n\t\t\t\t<div class=\"elementor-element elementor-element-3a20d8d elementor-widget elementor-widget-ube-breadcrumbs\" data-id=\"3a20d8d\" data-element_type=\"widget\" data-e-type=\"widget\" data-widget_type=\"ube-breadcrumbs.default\">\n\t\t\t\t<div class=\"elementor-widget-container\">\n\t\t\t\t\t<nav aria-label=\"breadcrumb\">\n\t\t<ol class=\"ube-breadcrumbs breadcrumbs list-unstyled d-inline-flex flex-wrap align-items-center m-0 separator-angle-double\"><li class=\"breadcrumb-item\"><a href=\"https:\/\/fidevsa.com\/en\">Home<\/a><\/li><\/ol><\/nav>\t\t\t\t<\/div>\n\t\t\t\t<\/div>\n\t\t\t\t\t<\/div>\n\t\t\t\t<\/div>\n\t\t<div class=\"elementor-element elementor-element-9cfc1de e-flex e-con-boxed e-con e-parent\" data-id=\"9cfc1de\" data-element_type=\"container\" data-e-type=\"container\">\n\t\t\t\t\t<div class=\"e-con-inner\">\n\t\t<div class=\"elementor-element elementor-element-29955d7 e-con-full e-flex e-con e-child\" data-id=\"29955d7\" data-element_type=\"container\" data-e-type=\"container\">\n\t\t\t\t<div class=\"elementor-element elementor-element-efef348 elementor-widget elementor-widget-heading\" data-id=\"efef348\" data-element_type=\"widget\" data-e-type=\"widget\" data-widget_type=\"heading.default\">\n\t\t\t\t<div class=\"elementor-widget-container\">\n\t\t\t\t\t<h2 class=\"elementor-heading-title elementor-size-default\">Are you a parent? A student?<\/h2>\t\t\t\t<\/div>\n\t\t\t\t<\/div>\n\t\t\t\t<div class=\"elementor-element elementor-element-0127658 elementor-widget elementor-widget-text-editor\" data-id=\"0127658\" data-element_type=\"widget\" data-e-type=\"widget\" data-widget_type=\"text-editor.default\">\n\t\t\t\t<div class=\"elementor-widget-container\">\n\t\t\t\t\t\t\t\t\t<p>For any investment that could help you grow, contact us and we'll work with you to decide on the right amount.<\/p>\t\t\t\t\t\t\t\t<\/div>\n\t\t\t\t<\/div>\n\t\t\t\t<div class=\"elementor-element elementor-element-6fcb150 elementor-view-stacked ube-position-left elementor-shape-circle elementor-widget elementor-widget-ube-icon-box\" data-id=\"6fcb150\" data-element_type=\"widget\" data-e-type=\"widget\" data-widget_type=\"ube-icon-box.default\">\n\t\t\t\t<div class=\"elementor-widget-container\">\n\t\t\t\t\t<div class=\"ube-icon-box-wrapper\">\n\t<div class=\"ube-icon-box\">\n\t\t\t\t\t<div class=\"ube-ib-icon\">\n\t\t\t\t<span class=\"elementor-icon\"><i aria-hidden=\"true\" class=\"icon icon-right-arrow1\"><\/i><\/span>\t\t\t<\/div>\n\t\t\t\t\t\t\t<div class=\"ube-ib-content\">\n\t\t\t\t\t\t\t\t\t\t\t\t\t<div class=\"ube-ib-desc mb-0\">Your election campaigns<\/div>\n\t\t\t\t\t\t\t<\/div>\n\t\t\t<\/div>\n\t<\/div>\n\n\t\t\t\t<\/div>\n\t\t\t\t<\/div>\n\t\t\t\t<div class=\"elementor-element elementor-element-effc010 elementor-view-stacked ube-position-left elementor-shape-circle elementor-widget elementor-widget-ube-icon-box\" data-id=\"effc010\" data-element_type=\"widget\" data-e-type=\"widget\" data-widget_type=\"ube-icon-box.default\">\n\t\t\t\t<div class=\"elementor-widget-container\">\n\t\t\t\t\t<div class=\"ube-icon-box-wrapper\">\n\t<div class=\"ube-icon-box\">\n\t\t\t\t\t<div class=\"ube-ib-icon\">\n\t\t\t\t<span class=\"elementor-icon\"><i aria-hidden=\"true\" class=\"icon icon-right-arrow1\"><\/i><\/span>\t\t\t<\/div>\n\t\t\t\t\t\t\t<div class=\"ube-ib-content\">\n\t\t\t\t\t\t\t\t\t\t\t\t\t<div class=\"ube-ib-desc mb-0\">Home equipment<\/div>\n\t\t\t\t\t\t\t<\/div>\n\t\t\t<\/div>\n\t<\/div>\n\n\t\t\t\t<\/div>\n\t\t\t\t<\/div>\n\t\t\t\t<div class=\"elementor-element elementor-element-5270a16 elementor-view-stacked ube-position-left elementor-shape-circle elementor-widget elementor-widget-ube-icon-box\" data-id=\"5270a16\" data-element_type=\"widget\" data-e-type=\"widget\" data-widget_type=\"ube-icon-box.default\">\n\t\t\t\t<div class=\"elementor-widget-container\">\n\t\t\t\t\t<div class=\"ube-icon-box-wrapper\">\n\t<div class=\"ube-icon-box\">\n\t\t\t\t\t<div class=\"ube-ib-icon\">\n\t\t\t\t<span class=\"elementor-icon\"><i aria-hidden=\"true\" class=\"icon icon-right-arrow1\"><\/i><\/span>\t\t\t<\/div>\n\t\t\t\t\t\t\t<div class=\"ube-ib-content\">\n\t\t\t\t\t\t\t\t\t\t\t\t\t<div class=\"ube-ib-desc mb-0\">When buying land, a motorcycle or a car<\/div>\n\t\t\t\t\t\t\t<\/div>\n\t\t\t<\/div>\n\t<\/div>\n\n\t\t\t\t<\/div>\n\t\t\t\t<\/div>\n\t\t\t\t<div class=\"elementor-element elementor-element-a41af80 elementor-view-stacked ube-position-left elementor-shape-circle elementor-widget elementor-widget-ube-icon-box\" data-id=\"a41af80\" data-element_type=\"widget\" data-e-type=\"widget\" data-widget_type=\"ube-icon-box.default\">\n\t\t\t\t<div class=\"elementor-widget-container\">\n\t\t\t\t\t<div class=\"ube-icon-box-wrapper\">\n\t<div class=\"ube-icon-box\">\n\t\t\t\t\t<div class=\"ube-ib-icon\">\n\t\t\t\t<span class=\"elementor-icon\"><i aria-hidden=\"true\" class=\"icon icon-right-arrow1\"><\/i><\/span>\t\t\t<\/div>\n\t\t\t\t\t\t\t<div class=\"ube-ib-content\">\n\t\t\t\t\t\t\t\t\t\t\t\t\t<div class=\"ube-ib-desc mb-0\">Supports you through happy and unhappy events<\/div>\n\t\t\t\t\t\t\t<\/div>\n\t\t\t<\/div>\n\t<\/div>\n\n\t\t\t\t<\/div>\n\t\t\t\t<\/div>\n\t\t\t\t<div class=\"elementor-element elementor-element-2c9bf5c elementor-widget elementor-widget-spacer\" data-id=\"2c9bf5c\" data-element_type=\"widget\" data-e-type=\"widget\" data-widget_type=\"spacer.default\">\n\t\t\t\t<div class=\"elementor-widget-container\">\n\t\t\t\t\t\t\t<div class=\"elementor-spacer\">\n\t\t\t<div class=\"elementor-spacer-inner\"><\/div>\n\t\t<\/div>\n\t\t\t\t\t\t<\/div>\n\t\t\t\t<\/div>\n\t\t\t\t<\/div>\n\t\t<div class=\"elementor-element elementor-element-58b9e78 e-con-full e-flex e-con e-child\" data-id=\"58b9e78\" data-element_type=\"container\" data-e-type=\"container\">\n\t\t\t\t<div class=\"elementor-element elementor-element-cb90b2a elementor-widget elementor-widget-image\" data-id=\"cb90b2a\" data-element_type=\"widget\" data-e-type=\"widget\" data-widget_type=\"image.default\">\n\t\t\t\t<div class=\"elementor-widget-container\">\n\t\t\t\t\t\t\t\t\t\t\t\t\t\t\t<img fetchpriority=\"high\" decoding=\"async\" width=\"640\" height=\"427\" src=\"https:\/\/fidevsa.com\/wp-content\/uploads\/2023\/10\/WhatsApp-Image-2023-10-31-a-16.17.45.jpg\" class=\"attachment-large size-large wp-image-1218\" alt=\"\" srcset=\"https:\/\/fidevsa.com\/wp-content\/uploads\/2023\/10\/WhatsApp-Image-2023-10-31-a-16.17.45.jpg 720w, https:\/\/fidevsa.com\/wp-content\/uploads\/2023\/10\/WhatsApp-Image-2023-10-31-a-16.17.45-300x200.jpg 300w\" sizes=\"(max-width: 640px) 100vw, 640px\" \/>\t\t\t\t\t\t\t\t\t\t\t\t\t\t\t<\/div>\n\t\t\t\t<\/div>\n\t\t\t\t<\/div>\n\t\t\t\t\t<\/div>\n\t\t\t\t<\/div>\n\t\t<div class=\"elementor-element elementor-element-23f73e4 e-flex e-con-boxed e-con e-parent\" data-id=\"23f73e4\" data-element_type=\"container\" data-e-type=\"container\" data-settings=\"{&quot;background_background&quot;:&quot;classic&quot;}\">\n\t\t\t\t\t<div class=\"e-con-inner\">\n\t\t\t\t<div class=\"elementor-element elementor-element-73d9ff7 elementor-widget elementor-widget-heading\" data-id=\"73d9ff7\" data-element_type=\"widget\" data-e-type=\"widget\" data-widget_type=\"heading.default\">\n\t\t\t\t<div class=\"elementor-widget-container\">\n\t\t\t\t\t<h2 class=\"elementor-heading-title elementor-size-default\"><span style=\"color: #000\">Contact us<\/span> now<\/h2>\t\t\t\t<\/div>\n\t\t\t\t<\/div>\n\t\t\t\t<div class=\"elementor-element elementor-element-93f61f8 elementor-align-center elementor-widget elementor-widget-button\" data-id=\"93f61f8\" data-element_type=\"widget\" data-e-type=\"widget\" data-widget_type=\"button.default\">\n\t\t\t\t<div class=\"elementor-widget-container\">\n\t\t\t\t\t\t\t\t\t<div class=\"elementor-button-wrapper\">\n\t\t\t\t\t<a class=\"elementor-button elementor-button-link elementor-size-sm\" href=\"https:\/\/fidevsa.com\/en\/contact\/\">\n\t\t\t\t\t\t<span class=\"elementor-button-content-wrapper\">\n\t\t\t\t\t\t\t\t\t<span class=\"elementor-button-text\"> Book an appointment now!<\/span>\n\t\t\t\t\t<\/span>\n\t\t\t\t\t<\/a>\n\t\t\t\t<\/div>\n\t\t\t\t\t\t\t\t<\/div>\n\t\t\t\t<\/div>\n\t\t\t\t\t<\/div>\n\t\t\t\t<\/div>\n\t\t\t\t<\/div>","protected":false},"excerpt":{"rendered":"<p>Accueil Vous \u00eates un parent ? Un \u00e9tudiant ? Pour tout investissement pouvant vous d\u00e9velopper, contactez-nous, ensemble nous d\u00e9cidons du montant \u00e0 vous octroyer. Vos campagnes \u00e9lectorales Des \u00e9quipements de votre domicile Dans l\u2019achat de votre terrain, de votre moto, de votre v\u00e9hicule Vous soutient pendant vos \u00e9v\u00e8nements heureux et malheureux Contactez-nous d\u00e8s \u00e0 pr\u00e9sent [&hellip;]<\/p>\n","protected":false},"author":1,"featured_media":0,"parent":0,"menu_order":0,"comment_status":"closed","ping_status":"closed","template":"elementor_header_footer","meta":{"_acf_changed":false,"inline_featured_image":false,"footnotes":""},"class_list":["post-239","page","type-page","status-publish","hentry"],"acf":[],"_links":{"self":[{"href":"https:\/\/fidevsa.com\/en\/wp-json\/wp\/v2\/pages\/239","targetHints":{"allow":["GET"]}}],"collection":[{"href":"https:\/\/fidevsa.com\/en\/wp-json\/wp\/v2\/pages"}],"about":[{"href":"https:\/\/fidevsa.com\/en\/wp-json\/wp\/v2\/types\/page"}],"author":[{"embeddable":true,"href":"https:\/\/fidevsa.com\/en\/wp-json\/wp\/v2\/users\/1"}],"replies":[{"embeddable":true,"href":"https:\/\/fidevsa.com\/en\/wp-json\/wp\/v2\/comments?post=239"}],"version-history":[{"count":0,"href":"https:\/\/fidevsa.com\/en\/wp-json\/wp\/v2\/pages\/239\/revisions"}],"wp:attachment":[{"href":"https:\/\/fidevsa.com\/en\/wp-json\/wp\/v2\/media?parent=239"}],"curies":[{"name":"wp","href":"https:\/\/api.w.org\/{rel}","templated":true}]}}