{"id":252,"date":"2023-08-21T06:04:12","date_gmt":"2023-08-21T06:04:12","guid":{"rendered":"https:\/\/fidevsa.com\/?page_id=252"},"modified":"2023-08-21T06:27:27","modified_gmt":"2023-08-21T06:27:27","slug":"credit-aux-salaries","status":"publish","type":"page","link":"https:\/\/fidevsa.com\/en\/credit-aux-salaries\/","title":{"rendered":"Cr\u00e9dit aux salari\u00e9s"},"content":{"rendered":"<div data-elementor-type=\"wp-page\" data-elementor-id=\"252\" class=\"elementor elementor-252\" data-elementor-post-type=\"page\">\n\t\t\t\t<div class=\"elementor-element elementor-element-4f6f60b e-flex e-con-boxed e-con e-parent\" data-id=\"4f6f60b\" data-element_type=\"container\" data-e-type=\"container\" data-settings=\"{&quot;background_background&quot;:&quot;classic&quot;}\">\n\t\t\t\t\t<div class=\"e-con-inner\">\n\t\t\t\t<div class=\"elementor-element elementor-element-86914ce elementor-widget elementor-widget-heading\" data-id=\"86914ce\" data-element_type=\"widget\" data-e-type=\"widget\" data-widget_type=\"heading.default\">\n\t\t\t\t<div class=\"elementor-widget-container\">\n\t\t\t\t\t<h2 class=\"elementor-heading-title elementor-size-default\">Cr\u00e9dit aux salari\u00e9s<\/h2>\t\t\t\t<\/div>\n\t\t\t\t<\/div>\n\t\t\t\t<div class=\"elementor-element elementor-element-5e51f32 elementor-widget elementor-widget-ube-breadcrumbs\" data-id=\"5e51f32\" data-element_type=\"widget\" data-e-type=\"widget\" data-widget_type=\"ube-breadcrumbs.default\">\n\t\t\t\t<div class=\"elementor-widget-container\">\n\t\t\t\t\t<nav aria-label=\"breadcrumb\">\n\t\t<ol class=\"ube-breadcrumbs breadcrumbs list-unstyled d-inline-flex flex-wrap align-items-center m-0 separator-angle-double\"><li class=\"breadcrumb-item\"><a href=\"https:\/\/fidevsa.com\/en\">Home<\/a><\/li><\/ol><\/nav>\t\t\t\t<\/div>\n\t\t\t\t<\/div>\n\t\t\t\t\t<\/div>\n\t\t\t\t<\/div>\n\t\t<div class=\"elementor-element elementor-element-94c4609 e-flex e-con-boxed e-con e-parent\" data-id=\"94c4609\" data-element_type=\"container\" data-e-type=\"container\">\n\t\t\t\t\t<div class=\"e-con-inner\">\n\t\t<div class=\"elementor-element elementor-element-518062d e-con-full e-flex e-con e-child\" data-id=\"518062d\" data-element_type=\"container\" data-e-type=\"container\" data-settings=\"{&quot;background_background&quot;:&quot;gradient&quot;}\">\n\t\t\t\t<div class=\"elementor-element elementor-element-8496a48 elementor-widget elementor-widget-image-carousel\" data-id=\"8496a48\" data-element_type=\"widget\" data-e-type=\"widget\" data-settings=\"{&quot;slides_to_show&quot;:&quot;1&quot;,&quot;navigation&quot;:&quot;none&quot;,&quot;autoplay&quot;:&quot;yes&quot;,&quot;pause_on_hover&quot;:&quot;yes&quot;,&quot;pause_on_interaction&quot;:&quot;yes&quot;,&quot;autoplay_speed&quot;:5000,&quot;infinite&quot;:&quot;yes&quot;,&quot;effect&quot;:&quot;slide&quot;,&quot;speed&quot;:500}\" data-widget_type=\"image-carousel.default\">\n\t\t\t\t<div class=\"elementor-widget-container\">\n\t\t\t\t\t\t\t<div class=\"elementor-image-carousel-wrapper swiper\" role=\"region\" aria-roledescription=\"carousel\" aria-label=\"Image Carousel\" dir=\"ltr\">\n\t\t\t<div class=\"elementor-image-carousel swiper-wrapper\" aria-live=\"off\">\n\t\t\t\t\t\t\t\t<div class=\"swiper-slide\" role=\"group\" aria-roledescription=\"slide\" aria-label=\"1 of 2\" data-no-translation-aria-label=\"\"><figure class=\"swiper-slide-inner\"><img decoding=\"async\" class=\"swiper-slide-image\" src=\"https:\/\/fidevsa.com\/wp-content\/uploads\/2023\/08\/prive.jpg\" alt=\"priv\u00e9\" \/><\/figure><\/div><div class=\"swiper-slide\" role=\"group\" aria-roledescription=\"slide\" aria-label=\"2 of 2\" data-no-translation-aria-label=\"\"><figure class=\"swiper-slide-inner\"><img decoding=\"async\" class=\"swiper-slide-image\" src=\"https:\/\/fidevsa.com\/wp-content\/uploads\/2023\/08\/publique.jpg\" alt=\"publique\" \/><\/figure><\/div>\t\t\t<\/div>\n\t\t\t\t\t\t\t\n\t\t\t\t\t\t\t\t\t<\/div>\n\t\t\t\t\t\t<\/div>\n\t\t\t\t<\/div>\n\t\t\t\t<\/div>\n\t\t<div class=\"elementor-element elementor-element-93efe28 e-con-full e-flex e-con e-child\" data-id=\"93efe28\" data-element_type=\"container\" data-e-type=\"container\">\n\t\t\t\t<div class=\"elementor-element elementor-element-32c31e4 elementor-widget elementor-widget-heading\" data-id=\"32c31e4\" data-element_type=\"widget\" data-e-type=\"widget\" data-widget_type=\"heading.default\">\n\t\t\t\t<div class=\"elementor-widget-container\">\n\t\t\t\t\t<h2 class=\"elementor-heading-title elementor-size-default\">Vous \u00eates du priv\u00e9 ? du public ?<\/h2>\t\t\t\t<\/div>\n\t\t\t\t<\/div>\n\t\t\t\t<div class=\"elementor-element elementor-element-3111c52 elementor-widget elementor-widget-text-editor\" data-id=\"3111c52\" data-element_type=\"widget\" data-e-type=\"widget\" data-widget_type=\"text-editor.default\">\n\t\t\t\t<div class=\"elementor-widget-container\">\n\t\t\t\t\t\t\t\t\t<p>Chez FIDEV tout salari\u00e9 m\u00e9rite ce qu\u2019il y\u2019a de mieux pour son \u00e9panouissement et son d\u00e9veloppement personnel.<\/p>\t\t\t\t\t\t\t\t<\/div>\n\t\t\t\t<\/div>\n\t\t\t\t<div class=\"elementor-element elementor-element-829cfb0 elementor-view-stacked ube-position-left elementor-shape-circle elementor-widget elementor-widget-ube-icon-box\" data-id=\"829cfb0\" data-element_type=\"widget\" data-e-type=\"widget\" data-widget_type=\"ube-icon-box.default\">\n\t\t\t\t<div class=\"elementor-widget-container\">\n\t\t\t\t\t<div class=\"ube-icon-box-wrapper\">\n\t<div class=\"ube-icon-box\">\n\t\t\t\t\t<div class=\"ube-ib-icon\">\n\t\t\t\t<span class=\"elementor-icon\"><i aria-hidden=\"true\" class=\"icon icon-right-arrow1\"><\/i><\/span>\t\t\t<\/div>\n\t\t\t\t\t\t\t<div class=\"ube-ib-content\">\n\t\t\t\t\t\t\t\t\t\t\t\t\t<div class=\"ube-ib-desc mb-0\">Les d\u00e9couverts et les avances de salaires disponibles en permanence<\/div>\n\t\t\t\t\t\t\t<\/div>\n\t\t\t<\/div>\n\t<\/div>\n\n\t\t\t\t<\/div>\n\t\t\t\t<\/div>\n\t\t\t\t<div class=\"elementor-element elementor-element-07c4816 elementor-view-stacked ube-position-left elementor-shape-circle elementor-widget elementor-widget-ube-icon-box\" data-id=\"07c4816\" data-element_type=\"widget\" data-e-type=\"widget\" data-widget_type=\"ube-icon-box.default\">\n\t\t\t\t<div class=\"elementor-widget-container\">\n\t\t\t\t\t<div class=\"ube-icon-box-wrapper\">\n\t<div class=\"ube-icon-box\">\n\t\t\t\t\t<div class=\"ube-ib-icon\">\n\t\t\t\t<span class=\"elementor-icon\"><i aria-hidden=\"true\" class=\"icon icon-right-arrow1\"><\/i><\/span>\t\t\t<\/div>\n\t\t\t\t\t\t\t<div class=\"ube-ib-content\">\n\t\t\t\t\t\t\t\t\t\t\t\t\t<div class=\"ube-ib-desc mb-0\">Des cr\u00e9dits de consommations (achat terrain, construction, \u00e9v\u00e8nements et Autres \u2026)<\/div>\n\t\t\t\t\t\t\t<\/div>\n\t\t\t<\/div>\n\t<\/div>\n\n\t\t\t\t<\/div>\n\t\t\t\t<\/div>\n\t\t\t\t<div class=\"elementor-element elementor-element-258fe05 elementor-view-stacked ube-position-left elementor-shape-circle elementor-widget elementor-widget-ube-icon-box\" data-id=\"258fe05\" data-element_type=\"widget\" data-e-type=\"widget\" data-widget_type=\"ube-icon-box.default\">\n\t\t\t\t<div class=\"elementor-widget-container\">\n\t\t\t\t\t<div class=\"ube-icon-box-wrapper\">\n\t<div class=\"ube-icon-box\">\n\t\t\t\t\t<div class=\"ube-ib-icon\">\n\t\t\t\t<span class=\"elementor-icon\"><i aria-hidden=\"true\" class=\"icon icon-right-arrow1\"><\/i><\/span>\t\t\t<\/div>\n\t\t\t\t\t\t\t<div class=\"ube-ib-content\">\n\t\t\t\t\t\t\t\t\t\t\t\t\t<div class=\"ube-ib-desc mb-0\">Les cr\u00e9dits scolaires \u00e0 des taux d\u2019int\u00e9r\u00eats tr\u00e8s faibles, pour un montant inf\u00e9rieur \u00e0 2% de retenue mensuelle, FIDEV vous \u00e9pargne du stress des rentr\u00e9es scolaires et universitaires de vos enfants<\/div>\n\t\t\t\t\t\t\t<\/div>\n\t\t\t<\/div>\n\t<\/div>\n\n\t\t\t\t<\/div>\n\t\t\t\t<\/div>\n\t\t\t\t<\/div>\n\t\t\t\t\t<\/div>\n\t\t\t\t<\/div>\n\t\t<div class=\"elementor-element elementor-element-f59733e e-flex e-con-boxed e-con e-parent\" data-id=\"f59733e\" data-element_type=\"container\" data-e-type=\"container\" data-settings=\"{&quot;background_background&quot;:&quot;classic&quot;}\">\n\t\t\t\t\t<div class=\"e-con-inner\">\n\t\t\t\t<div class=\"elementor-element elementor-element-75e4a74 elementor-widget elementor-widget-heading\" data-id=\"75e4a74\" data-element_type=\"widget\" data-e-type=\"widget\" data-widget_type=\"heading.default\">\n\t\t\t\t<div class=\"elementor-widget-container\">\n\t\t\t\t\t<h2 class=\"elementor-heading-title elementor-size-default\"><span style=\"color: #000\">Les cr\u00e9dits<\/span> salari\u00e9s<\/h2>\t\t\t\t<\/div>\n\t\t\t\t<\/div>\n\t\t\t\t<div class=\"elementor-element elementor-element-f305aa0 elementor-widget elementor-widget-text-editor\" data-id=\"f305aa0\" data-element_type=\"widget\" data-e-type=\"widget\" data-widget_type=\"text-editor.default\">\n\t\t\t\t<div class=\"elementor-widget-container\">\n\t\t\t\t\t\t\t\t\t<p>Tous les salari\u00e9s ayant leur compte \u00e0 FIDEV peuvent b\u00e9n\u00e9ficier des cr\u00e9dits \u00e0 des taux tr\u00e8s faibles et ce d\u00e8s le premier mois. Nous distinguons :<\/p>\t\t\t\t\t\t\t\t<\/div>\n\t\t\t\t<\/div>\n\t\t<div class=\"elementor-element elementor-element-c75a9eb e-flex e-con-boxed e-con e-child\" data-id=\"c75a9eb\" data-element_type=\"container\" data-e-type=\"container\">\n\t\t\t\t\t<div class=\"e-con-inner\">\n\t\t\t\t<div class=\"elementor-element elementor-element-916fe16 elementor-widget__width-initial elementor-widget elementor-widget-heading\" data-id=\"916fe16\" data-element_type=\"widget\" data-e-type=\"widget\" data-widget_type=\"heading.default\">\n\t\t\t\t<div class=\"elementor-widget-container\">\n\t\t\t\t\t<h2 class=\"elementor-heading-title elementor-size-default\">Les d\u00e9couverts<\/h2>\t\t\t\t<\/div>\n\t\t\t\t<\/div>\n\t\t\t\t<div class=\"elementor-element elementor-element-09c0348 elementor-widget elementor-widget-text-editor\" data-id=\"09c0348\" data-element_type=\"widget\" data-e-type=\"widget\" data-widget_type=\"text-editor.default\">\n\t\t\t\t<div class=\"elementor-widget-container\">\n\t\t\t\t\t\t\t\t\t<p>Ils repr\u00e9sentent une avance de votre salaire \u00e0 hauteur de 50% et sont automatiquement disponibles.<\/p>\t\t\t\t\t\t\t\t<\/div>\n\t\t\t\t<\/div>\n\t\t\t\t<div class=\"elementor-element elementor-element-9f57fd9 elementor-widget__width-initial elementor-widget elementor-widget-heading\" data-id=\"9f57fd9\" data-element_type=\"widget\" data-e-type=\"widget\" data-widget_type=\"heading.default\">\n\t\t\t\t<div class=\"elementor-widget-container\">\n\t\t\t\t\t<h2 class=\"elementor-heading-title elementor-size-default\">Les cr\u00e9dits amortissables, <br>(achat du terrain, construction, mariage)<\/h2>\t\t\t\t<\/div>\n\t\t\t\t<\/div>\n\t\t\t\t<div class=\"elementor-element elementor-element-ac9254e elementor-widget elementor-widget-text-editor\" data-id=\"ac9254e\" data-element_type=\"widget\" data-e-type=\"widget\" data-widget_type=\"text-editor.default\">\n\t\t\t\t<div class=\"elementor-widget-container\">\n\t\t\t\t\t\t\t\t\t<p>Les cr\u00e9dits scolaires \u00e0 des taux d\u2019int\u00e9r\u00eats tr\u00e8s faibles, pour un montant inf\u00e9rieur \u00e0 2% de retenue mensuelle, FIDEV vous \u00e9pargne du stress des rentr\u00e9es scolaires et universitaires de vos enfants.<\/p>\t\t\t\t\t\t\t\t<\/div>\n\t\t\t\t<\/div>\n\t\t\t\t\t<\/div>\n\t\t\t\t<\/div>\n\t\t\t\t<div class=\"elementor-element elementor-element-e256fde elementor-align-center elementor-widget elementor-widget-ube-button\" data-id=\"e256fde\" data-element_type=\"widget\" data-e-type=\"widget\" data-widget_type=\"ube-button.default\">\n\t\t\t\t<div class=\"elementor-widget-container\">\n\t\t\t\t\t<a class=\"ube-btn btn btn-md btn-rounded btn-3d btn-primary\" href=\"https:\/\/fidevsa.com\/en\/contact\/\">\n\t    <span class=\"ube-btn-text\">Book an appointment now!<\/span>\n\t<\/a>\n\n\n\t\t\t\t<\/div>\n\t\t\t\t<\/div>\n\t\t\t\t\t<\/div>\n\t\t\t\t<\/div>\n\t\t\t\t<\/div>","protected":false},"excerpt":{"rendered":"<p>Accueil Vous \u00eates du priv\u00e9 ? du public ? Chez FIDEV tout salari\u00e9 m\u00e9rite ce qu\u2019il y\u2019a de mieux pour son \u00e9panouissement et son d\u00e9veloppement personnel. Les d\u00e9couverts et les avances de salaires disponibles en permanence Des cr\u00e9dits de consommations (achat terrain, construction, \u00e9v\u00e8nements et Autres \u2026) Les cr\u00e9dits scolaires \u00e0 des taux d\u2019int\u00e9r\u00eats tr\u00e8s [&hellip;]<\/p>\n","protected":false},"author":1,"featured_media":0,"parent":0,"menu_order":0,"comment_status":"closed","ping_status":"closed","template":"elementor_header_footer","meta":{"_acf_changed":false,"inline_featured_image":false,"footnotes":""},"class_list":["post-252","page","type-page","status-publish","hentry"],"acf":[],"_links":{"self":[{"href":"https:\/\/fidevsa.com\/en\/wp-json\/wp\/v2\/pages\/252","targetHints":{"allow":["GET"]}}],"collection":[{"href":"https:\/\/fidevsa.com\/en\/wp-json\/wp\/v2\/pages"}],"about":[{"href":"https:\/\/fidevsa.com\/en\/wp-json\/wp\/v2\/types\/page"}],"author":[{"embeddable":true,"href":"https:\/\/fidevsa.com\/en\/wp-json\/wp\/v2\/users\/1"}],"replies":[{"embeddable":true,"href":"https:\/\/fidevsa.com\/en\/wp-json\/wp\/v2\/comments?post=252"}],"version-history":[{"count":0,"href":"https:\/\/fidevsa.com\/en\/wp-json\/wp\/v2\/pages\/252\/revisions"}],"wp:attachment":[{"href":"https:\/\/fidevsa.com\/en\/wp-json\/wp\/v2\/media?parent=252"}],"curies":[{"name":"wp","href":"https:\/\/api.w.org\/{rel}","templated":true}]}}