{"id":270,"date":"2023-08-21T06:30:48","date_gmt":"2023-08-21T06:30:48","guid":{"rendered":"https:\/\/fidevsa.com\/?page_id=270"},"modified":"2023-10-04T12:08:57","modified_gmt":"2023-10-04T12:08:57","slug":"autres-financements","status":"publish","type":"page","link":"https:\/\/fidevsa.com\/en\/autres-financements\/","title":{"rendered":"Other services"},"content":{"rendered":"<div data-elementor-type=\"wp-page\" data-elementor-id=\"270\" class=\"elementor elementor-270\" data-elementor-post-type=\"page\">\n\t\t\t\t<div class=\"elementor-element elementor-element-7ba652f e-flex e-con-boxed e-con e-parent\" data-id=\"7ba652f\" data-element_type=\"container\" data-e-type=\"container\" data-settings=\"{&quot;background_background&quot;:&quot;classic&quot;}\">\n\t\t\t\t\t<div class=\"e-con-inner\">\n\t\t\t\t<div class=\"elementor-element elementor-element-6460659 elementor-widget elementor-widget-heading\" data-id=\"6460659\" data-element_type=\"widget\" data-e-type=\"widget\" data-widget_type=\"heading.default\">\n\t\t\t\t<div class=\"elementor-widget-container\">\n\t\t\t\t\t<h2 class=\"elementor-heading-title elementor-size-default\">Other services<\/h2>\t\t\t\t<\/div>\n\t\t\t\t<\/div>\n\t\t\t\t<div class=\"elementor-element elementor-element-139d041 elementor-widget elementor-widget-ube-breadcrumbs\" data-id=\"139d041\" data-element_type=\"widget\" data-e-type=\"widget\" data-widget_type=\"ube-breadcrumbs.default\">\n\t\t\t\t<div class=\"elementor-widget-container\">\n\t\t\t\t\t<nav aria-label=\"breadcrumb\">\n\t\t<ol class=\"ube-breadcrumbs breadcrumbs list-unstyled d-inline-flex flex-wrap align-items-center m-0 separator-angle-double\"><li class=\"breadcrumb-item\"><a href=\"https:\/\/fidevsa.com\/en\">Home<\/a><\/li><\/ol><\/nav>\t\t\t\t<\/div>\n\t\t\t\t<\/div>\n\t\t\t\t\t<\/div>\n\t\t\t\t<\/div>\n\t\t<div class=\"elementor-element elementor-element-fd706d1 e-flex e-con-boxed e-con e-parent\" data-id=\"fd706d1\" data-element_type=\"container\" data-e-type=\"container\">\n\t\t\t\t\t<div class=\"e-con-inner\">\n\t\t<div class=\"elementor-element elementor-element-aa4a765 e-flex e-con-boxed e-con e-child\" data-id=\"aa4a765\" data-element_type=\"container\" data-e-type=\"container\">\n\t\t\t\t\t<div class=\"e-con-inner\">\n\t\t<div class=\"elementor-element elementor-element-39ea9ba e-flex e-con-boxed e-con e-child\" data-id=\"39ea9ba\" data-element_type=\"container\" data-e-type=\"container\">\n\t\t\t\t\t<div class=\"e-con-inner\">\n\t\t\t\t<div class=\"elementor-element elementor-element-2a50ce5 elementor-widget elementor-widget-text-editor\" data-id=\"2a50ce5\" data-element_type=\"widget\" data-e-type=\"widget\" data-widget_type=\"text-editor.default\">\n\t\t\t\t<div class=\"elementor-widget-container\">\n\t\t\t\t\t\t\t\t\t<p>Chez FIDEV Cameroun, nous sommes fiers de notre engagement envers nos clients. Cependant, notre engagement envers vous va bien au-del\u00e0 de cela. En tant que banque de confiance, nous offrons une gamme compl\u00e8te de services financiers pour r\u00e9pondre \u00e0 tous vos besoins:<\/p>\t\t\t\t\t\t\t\t<\/div>\n\t\t\t\t<\/div>\n\t\t\t\t<div class=\"elementor-element elementor-element-3bb96a7 elementor-icon-list--layout-traditional elementor-list-item-link-full_width elementor-widget elementor-widget-icon-list\" data-id=\"3bb96a7\" data-element_type=\"widget\" data-e-type=\"widget\" data-widget_type=\"icon-list.default\">\n\t\t\t\t<div class=\"elementor-widget-container\">\n\t\t\t\t\t\t\t<ul class=\"elementor-icon-list-items\">\n\t\t\t\t\t\t\t<li class=\"elementor-icon-list-item\">\n\t\t\t\t\t\t\t\t\t\t\t<span class=\"elementor-icon-list-icon\">\n\t\t\t\t\t\t\t<svg xmlns=\"http:\/\/www.w3.org\/2000\/svg\" xmlns:xlink=\"http:\/\/www.w3.org\/1999\/xlink\" id=\"Layer_1\" x=\"0px\" y=\"0px\" viewbox=\"0 0 800 800\" style=\"enable-background:new 0 0 800 800;\" xml:space=\"preserve\"><style type=\"text\/css\">\t.st0{fill:#E7681E;}\t.st1{fill:#F4BFA0;}<\/style><g>\t<g>\t\t<path class=\"st0\" d=\"M733.3,86.7H66.7C29.9,86.7,0,116.6,0,153.3V580c0,36.8,29.9,66.7,66.7,66.7v26.7c0,22.1,17.9,40,40,40H200    c22,0,40-17.9,40-40v-26.7h320v26.7c0,22.1,18.3,40,40.8,40h93.3c22,0,39.2-17.6,39.2-40v-26.7c36.8,0,66.7-29.9,66.7-66.7V153.3    C800,116.6,770.1,86.7,733.3,86.7z M213.3,673.3c0,7.3-6,13.3-13.3,13.3h-93.3c-7.4,0-13.3-6-13.3-13.3v-26.7h120V673.3z     M706.7,673.3c0,7.6-5.4,13.3-12.5,13.3h-93.3c-7.5,0-14.2-6.2-14.2-13.3v-26.7h120V673.3z M773.3,580c0,22-17.9,40-40,40H66.7    c-22.1,0-40-18-40-40V153.3c0-22,17.9-40,40-40h666.7c22.1,0,40,18,40,40V580z\"><\/path>\t\t<path class=\"st1\" d=\"M706.7,646.7v26.7c0,7.6-5.4,13.3-12.5,13.3h-93.3c-7.5,0-14.2-6.2-14.2-13.3v-26.7H706.7z\"><\/path>\t\t<path class=\"st1\" d=\"M213.3,646.7v26.7c0,7.3-6,13.3-13.3,13.3h-93.3c-7.4,0-13.3-6-13.3-13.3v-26.7H213.3z\"><\/path>\t\t<path class=\"st1\" d=\"M733.3,113.3H66.7c-22.1,0-40,18-40,40V580c0,22,17.9,40,40,40h666.7c22.1,0,40-18,40-40V153.3    C773.3,131.3,755.4,113.3,733.3,113.3z M733.3,566.7c0,7.4-6,13.3-13.3,13.3H80c-7.4,0-13.3-6-13.3-13.3v-400    c0-7.4,6-13.3,13.3-13.3h640c7.4,0,13.3,6,13.3,13.3V566.7z\"><\/path>\t<\/g><\/g><g>\t<g>\t\t<path class=\"st0\" d=\"M720,153.3H80c-7.4,0-13.3,6-13.3,13.3v400c0,7.4,6,13.3,13.3,13.3h640c7.4,0,13.3-6,13.3-13.3v-400    C733.3,159.3,727.4,153.3,720,153.3z M706.7,553.3H93.3V180h613.3V553.3z\"><\/path>\t\t<path class=\"st1\" d=\"M93.3,180v373.3h613.3V180H93.3z M251.7,495.6c-71.4,0-129.4-58.1-129.4-129.4s58.1-129.4,129.4-129.4    c71.4,0,129.4,58,129.4,129.4C381.1,437.5,323,495.6,251.7,495.6z M680,473.3c0,22.1-18,40-40,40H480c-22,0-40-17.9-40-40V260    c0-22,18-40,40-40h160c22,0,40,18,40,40V473.3z\"><\/path>\t<\/g><\/g><g>\t<g>\t\t<path class=\"st0\" d=\"M640,220H480c-22,0-40,18-40,40v213.3c0,22.1,18,40,40,40h160c22,0,40-17.9,40-40V260    C680,238,662,220,640,220z M653.3,473.3c0,7.3-6,13.3-13.3,13.3H480c-7.4,0-13.3-6-13.3-13.3V260c0-7.3,6-13.3,13.3-13.3h160    c7.4,0,13.3,6,13.3,13.3V473.3z\"><\/path>\t\t<path class=\"st1\" d=\"M640,246.7H480c-7.4,0-13.3,6-13.3,13.3v213.3c0,7.3,6,13.3,13.3,13.3h160c7.4,0,13.3-6,13.3-13.3V260    C653.3,252.7,647.4,246.7,640,246.7z M506.2,462.5c-8,0-14.6-6.5-14.6-14.6c0-8.1,6.5-14.6,14.6-14.6c8.1,0,14.6,6.5,14.6,14.6    C520.8,455.9,514.3,462.5,506.2,462.5z M506.2,409.1c-8,0-14.6-6.5-14.6-14.6c0-8.1,6.5-14.6,14.6-14.6c8.1,0,14.6,6.5,14.6,14.6    C520.8,402.6,514.3,409.1,506.2,409.1z M506.2,355.8c-8,0-14.6-6.5-14.6-14.6s6.5-14.6,14.6-14.6c8.1,0,14.6,6.5,14.6,14.6    S514.3,355.8,506.2,355.8z M506.2,302.5c-8,0-14.6-6.5-14.6-14.6c0-8.1,6.5-14.6,14.6-14.6c8.1,0,14.6,6.5,14.6,14.6    C520.8,295.9,514.3,302.5,506.2,302.5z M559.6,462.5c-8.1,0-14.6-6.5-14.6-14.6c0-8.1,6.5-14.6,14.6-14.6c8,0,14.6,6.5,14.6,14.6    C574.2,455.9,567.6,462.5,559.6,462.5z M559.6,409.1c-8.1,0-14.6-6.5-14.6-14.6c0-8.1,6.5-14.6,14.6-14.6c8,0,14.6,6.5,14.6,14.6    C574.2,402.6,567.6,409.1,559.6,409.1z M559.6,355.8c-8.1,0-14.6-6.5-14.6-14.6s6.5-14.6,14.6-14.6c8,0,14.6,6.5,14.6,14.6    S567.6,355.8,559.6,355.8z M559.6,302.5c-8.1,0-14.6-6.5-14.6-14.6c0-8.1,6.5-14.6,14.6-14.6c8,0,14.6,6.5,14.6,14.6    C574.2,295.9,567.6,302.5,559.6,302.5z M612.9,462.5c-8.1,0-14.6-6.5-14.6-14.6c0-8.1,6.5-14.6,14.6-14.6s14.6,6.5,14.6,14.6    C627.5,455.9,621,462.5,612.9,462.5z M612.9,409.1c-8.1,0-14.6-6.5-14.6-14.6c0-8.1,6.5-14.6,14.6-14.6s14.6,6.5,14.6,14.6    C627.5,402.6,621,409.1,612.9,409.1z M612.9,355.8c-8.1,0-14.6-6.5-14.6-14.6s6.5-14.6,14.6-14.6s14.6,6.5,14.6,14.6    S621,355.8,612.9,355.8z M612.9,302.5c-8.1,0-14.6-6.5-14.6-14.6c0-8.1,6.5-14.6,14.6-14.6s14.6,6.5,14.6,14.6    C627.5,295.9,621,302.5,612.9,302.5z\"><\/path>\t<\/g><\/g><g>\t<g>\t\t<path class=\"st0\" d=\"M520.8,287.9c0,8-6.5,14.6-14.6,14.6c-8,0-14.6-6.5-14.6-14.6c0-8.1,6.5-14.6,14.6-14.6    C514.3,273.3,520.8,279.8,520.8,287.9z\"><\/path>\t<\/g><\/g><g>\t<g>\t\t<path class=\"st0\" d=\"M574.2,287.9c0,8-6.5,14.6-14.6,14.6c-8.1,0-14.6-6.5-14.6-14.6c0-8.1,6.5-14.6,14.6-14.6    C567.6,273.3,574.2,279.8,574.2,287.9z\"><\/path>\t<\/g><\/g><g>\t<g>\t\t<path class=\"st0\" d=\"M627.5,287.9c0,8-6.5,14.6-14.6,14.6s-14.6-6.5-14.6-14.6c0-8.1,6.5-14.6,14.6-14.6S627.5,279.8,627.5,287.9z    \"><\/path>\t<\/g><\/g><g>\t<g>\t\t<path class=\"st0\" d=\"M520.8,341.2c0,8.1-6.5,14.6-14.6,14.6c-8,0-14.6-6.5-14.6-14.6s6.5-14.6,14.6-14.6    C514.3,326.6,520.8,333.1,520.8,341.2z\"><\/path>\t<\/g><\/g><g>\t<g>\t\t<path class=\"st0\" d=\"M574.2,341.2c0,8.1-6.5,14.6-14.6,14.6c-8.1,0-14.6-6.5-14.6-14.6s6.5-14.6,14.6-14.6    C567.6,326.6,574.2,333.1,574.2,341.2z\"><\/path>\t<\/g><\/g><g>\t<g>\t\t\t\t\t<ellipse transform=\"matrix(0.7071 -0.7071 0.7071 0.7071 -61.7447 533.335)\" class=\"st0\" cx=\"612.9\" cy=\"341.2\" rx=\"14.6\" ry=\"14.6\"><\/ellipse>\t<\/g><\/g><g>\t<g>\t\t<path class=\"st0\" d=\"M520.8,394.5c0,8.1-6.5,14.6-14.6,14.6c-8,0-14.6-6.5-14.6-14.6c0-8.1,6.5-14.6,14.6-14.6    C514.3,380,520.8,386.5,520.8,394.5z\"><\/path>\t<\/g><\/g><g>\t<g>\t\t<path class=\"st0\" d=\"M574.2,394.5c0,8.1-6.5,14.6-14.6,14.6c-8.1,0-14.6-6.5-14.6-14.6c0-8.1,6.5-14.6,14.6-14.6    C567.6,380,574.2,386.5,574.2,394.5z\"><\/path>\t<\/g><\/g><g>\t<g>\t\t<path class=\"st0\" d=\"M627.5,394.5c0,8.1-6.5,14.6-14.6,14.6s-14.6-6.5-14.6-14.6c0-8.1,6.5-14.6,14.6-14.6    S627.5,386.5,627.5,394.5z\"><\/path>\t<\/g><\/g><g>\t<g>\t\t<path class=\"st0\" d=\"M520.8,447.9c0,8-6.5,14.6-14.6,14.6c-8,0-14.6-6.5-14.6-14.6c0-8.1,6.5-14.6,14.6-14.6    C514.3,433.3,520.8,439.8,520.8,447.9z\"><\/path>\t<\/g><\/g><g>\t<g>\t\t<path class=\"st0\" d=\"M574.2,447.9c0,8-6.5,14.6-14.6,14.6c-8.1,0-14.6-6.5-14.6-14.6c0-8.1,6.5-14.6,14.6-14.6    C567.6,433.3,574.2,439.8,574.2,447.9z\"><\/path>\t<\/g><\/g><g>\t<g>\t\t<path class=\"st0\" d=\"M627.5,447.9c0,8-6.5,14.6-14.6,14.6s-14.6-6.5-14.6-14.6c0-8.1,6.5-14.6,14.6-14.6S627.5,439.8,627.5,447.9z    \"><\/path>\t<\/g><\/g><g>\t<g>\t\t<path class=\"st0\" d=\"M251.7,236.7c-71.4,0-129.4,58.1-129.4,129.4s58.1,129.4,129.4,129.4c71.4,0,129.4-58.1,129.4-129.4    C381.1,294.7,323,236.7,251.7,236.7z M251.7,468.9c-52,0-94.9-38.8-101.7-88.9h25.6c6.6,36.1,38.2,63.6,76.1,63.6    c42.7,0,77.4-34.7,77.4-77.4c0-42.7-34.7-77.4-77.4-77.4c-38.3,0-70.2,28-76.3,64.7h-25.6c6.3-50.7,49.6-90,101.9-90    c56.7,0,102.8,46.1,102.8,102.8C354.4,422.8,308.3,468.9,251.7,468.9z M253.3,353.3h-50.6c5.7-21.8,25.4-38,48.9-38    c28,0,50.8,22.8,50.8,50.8s-22.8,50.8-50.8,50.8c-23.1,0-42.5-15.7-48.6-36.9h50.3c7.4,0,13.3-6,13.3-13.3    C266.7,359.3,260.7,353.3,253.3,353.3z\"><\/path>\t\t<path class=\"st1\" d=\"M302.4,366.1c0,28-22.8,50.8-50.8,50.8c-23.1,0-42.5-15.7-48.6-36.9h50.3c7.4,0,13.3-6,13.3-13.3    c0-7.4-6-13.3-13.3-13.3h-50.6c5.7-21.8,25.4-38,48.9-38C279.7,315.3,302.4,338.1,302.4,366.1z\"><\/path>\t\t<path class=\"st1\" d=\"M354.4,366.1c0,56.7-46.1,102.8-102.8,102.8c-52,0-94.9-38.8-101.7-88.9h25.6c6.6,36.1,38.2,63.6,76.1,63.6    c42.7,0,77.4-34.7,77.4-77.4c0-42.7-34.7-77.4-77.4-77.4c-38.3,0-70.2,28-76.3,64.7h-25.6c6.3-50.7,49.6-90,101.9-90    C308.3,263.3,354.4,309.4,354.4,366.1z\"><\/path>\t<\/g><\/g><\/svg>\t\t\t\t\t\t<\/span>\n\t\t\t\t\t\t\t\t\t\t<span class=\"elementor-icon-list-text\">Achat location de coffre-fort<\/span>\n\t\t\t\t\t\t\t\t\t<\/li>\n\t\t\t\t\t\t\t\t<li class=\"elementor-icon-list-item\">\n\t\t\t\t\t\t\t\t\t\t\t<span class=\"elementor-icon-list-icon\">\n\t\t\t\t\t\t\t<svg xmlns=\"http:\/\/www.w3.org\/2000\/svg\" xmlns:xlink=\"http:\/\/www.w3.org\/1999\/xlink\" id=\"Calque_1\" x=\"0px\" y=\"0px\" viewbox=\"0 0 800 800\" style=\"enable-background:new 0 0 800 800;\" xml:space=\"preserve\"><style type=\"text\/css\">\t.st0{fill:#F4BFA0;}\t.st1{fill:#E7681E;}<\/style><path class=\"st0\" d=\"M50,300c0,138.1,111.9,250,250,250s250-111.9,250-250S438.1,50,300,50S50,161.9,50,300z\"><\/path><path class=\"st1\" d=\"M338.3,266.7V295H275v23.3h63.3v28.3H275c0,10,1.7,20,5,26.7s6.7,13.3,11.7,16.7c5,5,11.7,6.7,18.3,10  c6.7,1.7,15,3.3,23.3,3.3c6.7,0,11.7,0,18.3-1.7c6.7-1.7,11.7-1.7,16.7-5l6.7,45c-6.7,1.7-15,3.3-23.3,3.3c-8.3,1.7-16.7,1.7-25,1.7  c-15,0-30-1.7-43.3-6.7c-13.3-3.3-25-10-33.3-18.3c-10-8.3-16.7-18.3-23.3-31.7c-5-11.7-8.3-26.7-8.3-43.3h-31.7v-28.3h31.7V295  h-31.7v-28.3h31.7c1.7-16.7,5-30,10-43.3c6.7-11.7,13.3-23.3,23.3-31.7c10-8.3,21.7-15,35-18.3c13.3-5,28.3-6.7,43.3-6.7  c6.7,0,15,0,21.7,1.7s15,1.7,21.7,5l-6.7,45c-5-1.7-10-3.3-16.7-5s-11.7-1.7-18.3-1.7c-8.3,0-16.7,1.7-23.3,3.3  c-6.7,1.7-13.3,5-16.7,10c-5,5-8.3,10-11.7,16.7c-3.3,6.7-5,15-5,25H338.3L338.3,266.7z\"><\/path><path class=\"st1\" d=\"M250,500c0,138.1,111.9,250,250,250s250-111.9,250-250S638.1,250,500,250S250,361.9,250,500z\"><\/path><path class=\"st0\" d=\"M473.3,450c1.7,3.3,3.3,6.7,6.7,10c3.3,3.3,6.7,6.7,11.7,8.3c5,3.3,11.7,5,18.3,8.3c11.7,5,23.3,10,33.3,15  s18.3,11.7,25,18.3c6.7,6.7,13.3,15,16.7,23.3s6.7,20,6.7,31.7s-1.7,21.7-5,30s-8.3,16.7-15,23.3c-6.7,6.7-15,11.7-23.3,15  c-10,3.3-20,6.7-30,8.3v36.7h-30v-36.7c-10-1.7-20-3.3-30-6.7c-10-3.3-18.3-8.3-25-16.7c-8.3-6.7-13.3-16.7-18.3-26.7  s-6.7-23.3-6.7-38.3h55c0,8.3,1.7,16.7,3.3,21.7c1.7,6.7,5,10,10,15c3.3,3.3,8.3,6.7,13.3,8.3c5,1.7,10,1.7,15,1.7  c6.7,0,11.7,0,15-1.7c5-1.7,8.3-3.3,11.7-6.7c3.3-3.3,5-6.7,6.7-10s1.7-8.3,1.7-13.3s0-10-1.7-13.3s-3.3-8.3-6.7-11.7  c-3.3-3.3-6.7-6.7-11.7-8.3c-5-3.3-11.7-5-18.3-8.3c-11.7-5-23.3-10-33.3-15s-18.3-11.7-25-18.3c-6.7-6.7-13.3-15-16.7-23.3  c-3.3-8.3-6.7-20-6.7-31.7c0-10,1.7-20,5-28.3s8.3-16.7,15-23.3s15-11.7,23.3-16.7c8.3-3.3,20-6.7,30-8.3v-40h30v40  c10,1.7,20,5,30,10c8.3,5,16.7,10,21.7,18.3c6.7,6.7,11.7,16.7,15,26.7s5,21.7,5,33.3h-55c0-15-3.3-26.7-10-33.3  c-6.7-6.7-15-11.7-25-11.7c-5,0-10,1.7-15,3.3c-3.3,1.7-6.7,3.3-10,6.7c-3.3,3.3-5,6.7-5,10c-1.7,3.3-1.7,8.3-1.7,13.3  C471.7,441.7,473.3,446.7,473.3,450L473.3,450z\"><\/path><\/svg>\t\t\t\t\t\t<\/span>\n\t\t\t\t\t\t\t\t\t\t<span class=\"elementor-icon-list-text\">Achat\/ vente de devises : euro\/dollar<\/span>\n\t\t\t\t\t\t\t\t\t<\/li>\n\t\t\t\t\t\t\t\t<li class=\"elementor-icon-list-item\">\n\t\t\t\t\t\t\t\t\t\t\t<span class=\"elementor-icon-list-icon\">\n\t\t\t\t\t\t\t<svg xmlns=\"http:\/\/www.w3.org\/2000\/svg\" xmlns:xlink=\"http:\/\/www.w3.org\/1999\/xlink\" id=\"Layer_1\" x=\"0px\" y=\"0px\" viewbox=\"0 0 800 800\" style=\"enable-background:new 0 0 800 800;\" xml:space=\"preserve\"><style type=\"text\/css\">\t.st0{fill:#E7681E;}\t.st1{fill:#AD4E16;}\t.st2{fill:#F1A478;}\t.st3{fill:#B57B5A;}\t.st4{fill:#4C4C4C;}<\/style><path class=\"st0\" d=\"M319.1,27.6c-85.9,0-155.7,69.9-155.7,155.7s69.9,155.7,155.7,155.7s155.7-69.9,155.7-155.7  S405,27.6,319.1,27.6z\"><\/path><path class=\"st1\" d=\"M383.8,274.4c-85.9,0-155.7-69.9-155.7-155.7c0-26.3,6.6-51.1,18.2-72.9c-49.2,26.2-82.8,78-82.8,137.6  c0,85.9,69.9,155.7,155.7,155.7c59.5,0,111.4-33.6,137.6-82.8C435,267.8,410.2,274.4,383.8,274.4z\"><\/path><path class=\"st2\" d=\"M644.3,330.6c-85.9,0-155.7,69.9-155.7,155.7s69.9,155.7,155.7,155.7S800,572.2,800,486.3  S730.1,330.6,644.3,330.6z\"><\/path><path class=\"st3\" d=\"M703.8,582.5c-85.9,0-155.7-69.9-155.7-155.7c0-27.7,7.3-53.7,20-76.2c-47.4,26.7-79.5,77.6-79.5,135.8  c0,85.9,69.9,155.7,155.7,155.7c58.2,0,109.1-32.1,135.8-79.5C757.5,575.2,731.5,582.5,703.8,582.5z\"><\/path><path class=\"st0\" d=\"M223.8,459.9c-85.9,0-155.7,69.9-155.7,155.7S138,771.4,223.8,771.4s155.7-69.9,155.7-155.7  S309.7,459.9,223.8,459.9z\"><\/path><path class=\"st1\" d=\"M277.4,717.8c-85.9,0-155.7-69.9-155.7-155.7c0-29.2,8.1-56.6,22.2-80C98.5,509.3,68.1,559,68.1,615.7  c0,85.9,69.9,155.7,155.7,155.7c56.7,0,106.3-30.4,133.6-75.8C334,709.7,306.7,717.8,277.4,717.8z\"><\/path><path class=\"st2\" d=\"M366.8,137.3c7.1,0,12.8-5.7,12.8-12.8c0-7.1-5.7-12.8-12.8-12.8h-34.9V97.3c0-7.1-5.7-12.8-12.8-12.8  s-12.8,5.7-12.8,12.8v14.5h-11.1c-16.4,0-29.8,13.4-29.8,29.8v27.2c0,16.4,13.4,29.8,29.8,29.8h11.1v35.7h-34.9  c-7.1,0-12.8,5.7-12.8,12.8c0,7.1,5.7,12.8,12.8,12.8h34.9v14.5c0,7.1,5.7,12.8,12.8,12.8s12.8-5.7,12.8-12.8v-14.5H343  c16.4,0,29.8-13.4,29.8-29.8v-27.2c0-16.4-13.4-29.8-29.8-29.8h-11.1v-35.7H366.8z M343,198.5c2.3,0,4.3,1.9,4.3,4.3V230  c0,2.3-1.9,4.3-4.3,4.3h-11.1v-35.7C331.9,198.5,343,198.5,343,198.5z M306.4,173h-11.1c-2.3,0-4.3-1.9-4.3-4.3v-27.2  c0-2.3,1.9-4.3,4.3-4.3h11.1V173z\"><\/path><path class=\"st0\" d=\"M708.9,545h-72.7c0.5-0.9,0.9-1.9,1.3-2.9c5.5-13.1,6.6-28.7,3.4-46.5h17c7.1,0,12.8-5.7,12.8-12.8  c0-7.1-5.7-12.8-12.8-12.8h-24.1c-1.5-4.2-3.2-8.4-5.1-12.7c-5.1-11.6-5.1-21.8-0.1-29.4c4.8-7.4,13.1-10.7,19.1-10.7  c19.5,0,24.7,25.9,24.9,27c1.3,6.9,7.9,11.5,14.8,10.2c6.9-1.3,11.5-7.9,10.3-14.8c-3-16.6-17.3-47.9-50-47.9  c-15.7,0-31.6,8.7-40.4,22.2c-9.8,14.9-10.4,33.9-1.9,53.5c0.4,0.9,0.7,1.7,1.1,2.6h-16.6c-7.1,0-12.8,5.7-12.8,12.8  s5.7,12.8,12.8,12.8h25c8.8,39-10.7,49.3-12.7,50.2c-5.9,2-9.2,7.9-8.2,14c1,6.2,6.6,10.6,12.9,10.6h102.1c7.1,0,12.8-5.7,12.8-12.8  C721.7,550.8,716,545,708.9,545z\"><\/path><path class=\"st2\" d=\"M268.3,664.6c-0.4,0.1-37.3,9-58.9-7.7c-4.9-3.8-8.7-8.7-11.5-14.8h39.6c7.1,0,12.8-5.7,12.8-12.8  c0-7.1-5.7-12.8-12.8-12.8h-45c-0.1-1.4-0.1-2.8-0.1-4.3s0-2.9,0.1-4.3h45c7.1,0,12.8-5.7,12.8-12.8c0-7.1-5.7-12.8-12.8-12.8h-39.6  c2.8-6.1,6.6-11,11.4-14.8c21.8-16.9,58.6-7.9,59-7.7c6.8,1.8,13.8-2.3,15.5-9.2c1.8-6.8-2.3-13.8-9.2-15.6  c-2-0.5-49.2-12.4-81,12.2c-11.1,8.6-18.9,20.3-23.1,35h-14.9c-7.1,0-12.8,5.7-12.8,12.8c0,7.1,5.7,12.8,12.8,12.8h11.1  c0,1.4-0.1,2.8-0.1,4.3c0,1.4,0,2.8,0.1,4.3h-11.1c-7.1,0-12.8,5.7-12.8,12.8c0,7.1,5.7,12.8,12.8,12.8h14.9  c4.2,14.7,11.9,26.4,23.1,35c16,12.4,35.9,15.5,52,15.5c15.9,0,28-3.1,29-3.3c6.8-1.8,10.9-8.7,9.2-15.6  C282.1,666.9,275.1,662.8,268.3,664.6z\"><\/path><g>\t<path class=\"st4\" d=\"M145.6,228.7c4.4-5.5,3.4-13.6-2.1-17.9c-5.5-4.4-13.6-3.4-17.9,2.1c-48.7,61.8-74.5,136.4-74.5,215.6   c0,12.1,0.6,24.2,1.9,36.2l-30.6-34.5c-4.7-5.3-12.7-5.7-18-1.1c-5.3,4.7-5.7,12.8-1.1,18l54.5,61.3c2.4,2.7,5.9,4.3,9.5,4.3   c3.6,0,7.1-1.6,9.5-4.3l54.5-61.3c4.7-5.3,4.2-13.3-1.1-18c-5.3-4.7-13.3-4.2-18,1.1L79,467.5c-1.5-12.9-2.4-26-2.4-39.1   C76.6,355,100.5,286,145.6,228.7z\"><\/path>\t<path class=\"st4\" d=\"M630.4,669.3c-1.8-3.2-4.9-5.4-8.5-6.1l-80.3-16.5c-6.9-1.4-13.7,3-15.1,9.9c-1.4,6.9,3,13.7,9.9,15.1   l48.9,10.1c-10.4,7.8-21.3,15.1-32.7,21.6c-63.6,36.7-135.3,50.6-207.5,40.1c-7-1-13.5,3.8-14.5,10.8c-1,7,3.8,13.5,10.8,14.5   c16.9,2.4,33.7,3.7,50.4,3.7c60.6,0,119.8-15.9,173.5-46.9c10.5-6,20.6-12.7,30.4-19.7l-14.5,43.8c-5.2,15.6,19,23.8,24.2,8   l25.8-77.8C632.6,676.3,632.2,672.5,630.4,669.3z\"><\/path>\t<path class=\"st4\" d=\"M565.5,131.4c-10.5-6-21.3-11.5-32.3-16.5l45.2-9.3c6.9-1.4,11.4-8.2,9.9-15.1c-1.4-6.9-8.2-11.3-15.1-9.9   L493,97.2c-3.6,0.7-6.7,3-8.5,6.1c-1.8,3.2-2.2,6.9-1.1,10.4l25.8,77.8c1.8,5.4,6.8,8.7,12.1,8.7c1.3,0,2.7-0.2,4-0.7   c6.7-2.2,10.3-9.4,8.1-16.1L517.7,136c11.9,5.1,23.7,11,35,17.5c63.6,36.7,111.5,91.9,138.5,159.6c6.1,15.3,29.8,5.8,23.7-9.5   C685.8,230.6,634.1,171,565.5,131.4z\"><\/path><\/g><\/svg>\t\t\t\t\t\t<\/span>\n\t\t\t\t\t\t\t\t\t\t<span class=\"elementor-icon-list-text\">Transfert d\u2019argent national et international<\/span>\n\t\t\t\t\t\t\t\t\t<\/li>\n\t\t\t\t\t\t\t\t<li class=\"elementor-icon-list-item\">\n\t\t\t\t\t\t\t\t\t\t\t<span class=\"elementor-icon-list-icon\">\n\t\t\t\t\t\t\t<svg xmlns=\"http:\/\/www.w3.org\/2000\/svg\" xmlns:xlink=\"http:\/\/www.w3.org\/1999\/xlink\" id=\"Calque_1\" x=\"0px\" y=\"0px\" viewbox=\"0 0 800 800\" style=\"enable-background:new 0 0 800 800;\" xml:space=\"preserve\"><style type=\"text\/css\">\t.st0{fill-rule:evenodd;clip-rule:evenodd;fill:#FFFFFF;}\t.st1{fill-rule:evenodd;clip-rule:evenodd;fill:#E7681E;}\t.st2{fill-rule:evenodd;clip-rule:evenodd;fill:#F4BFA0;}<\/style><g>\t<path class=\"st0\" d=\"M0,0h800v800H0V0z\"><\/path>\t<path class=\"st1\" d=\"M788.2,210.9c0-37.3-19.4-55.8-57-55.8H68.7c-18.8,0-32.6,5-41.7,15.3c-10.3,10.3-15.3,23.5-15.3,40.5v378.3   c0,17,5,30,15.3,40.5c10.6,10.3,24.1,15.3,41.7,15.3h662.5c37.6,0,57-18.8,57-55.8V210.9z M731.3,163.9c31.1,0,47,15.9,47,47v378.3   c0,31.4-15.9,47-47,47H68.7c-15,0-26.4-4.4-34.9-13.2c-8.8-8.5-13.2-20.3-13.2-33.8V210.9c0-31.1,15.6-47,48.2-47H731.3z\"><\/path>\t<path class=\"st1\" d=\"M74,185.6c-12.6,0-20.6,2.1-25,6.5c-3.8,5-5.6,13.2-5.6,25.3v81.9h713v-81.9c0-21.4-10.6-31.7-31.7-31.7H74z\"><\/path>\t<path class=\"st2\" d=\"M43.5,581.5c0,21.7,10.3,32.9,30.5,32.9h650.8c21.1,0,31.7-11.2,31.7-32.9v-81.9h-713V581.5z\"><\/path>\t<path class=\"st1\" d=\"M279.6,334.2c0,3.8-0.6,6.8-2.1,8.8l-51.4,89.6l-3.2-109.2h-82.2l27.6,13.2c7.9,5,12,11.5,12,19.7l7.6,116   h40.2l96.3-148.9h-49.3C278.1,326,279.6,330.1,279.6,334.2z M612,327.8l3.2-4.4H565c1.8,1.8,2.3,2.6,2.3,3.2   c-0.6,2.3-1.8,3.8-2.3,5.6l-73.1,133.3c-1.8,2.3-3.5,4.4-5.6,6.8h41.4l-2.1-4.4c0-3.8,2.1-10.9,6.5-20.8l8.8-16.4h42.6   c1.8,13.8,2.9,25.3,3.5,33.8l-3.5,7.9h51.4l-7.6-11.2L612,327.8L612,327.8z M581.5,409.7h-30.5l26.1-50.2L581.5,409.7z    M454.6,315.7c-15.9,0-29.4,4.4-41.4,13.2c-13.2,7.6-19.7,17.3-19.7,29.4c0,13.8,4.7,25.8,14.1,34.9l28.5,19.7   c10.3,7.3,15.3,13.8,15.3,19.7c0,5.6-2.7,10.6-7.6,14.4c-5,3.8-10.6,5.6-17.6,5.6c-10.3,0-27.9-7.3-52.3-20.8V459   c19.1,11.5,37.6,17.3,55.5,17.3c17,0,31.4-4.7,43.8-15.3c13.2-9.7,19.7-21.1,19.7-33.8c0-10.6-4.7-20.3-15.3-30.5l-27.3-19.7   c-9.1-7.3-14.1-13.8-14.1-18.8c0-11.5,6.8-17.3,20.6-17.3c9.4,0,23.2,5.3,41.7,16.4l5.6-28.5C488.4,320.1,472.2,315.7,454.6,315.7   L454.6,315.7z M345.4,472.2c-0.6-6.2-1.8-11.7-2.4-17.6l37.3-120.4l8.8-10.9h-53.7c0.6,2.6,1.2,6.2,1.8,8.8c0,2.6,0,5.9-0.6,8.8   l-37.3,119.2l-7.6,12L345.4,472.2L345.4,472.2z\"><\/path><\/g><\/svg>\t\t\t\t\t\t<\/span>\n\t\t\t\t\t\t\t\t\t\t<span class=\"elementor-icon-list-text\">Carte VISA pr\u00e9pay\u00e9 : DIAMANT, PLATINIUM\u00a0ET\u00a0GOLD<\/span>\n\t\t\t\t\t\t\t\t\t<\/li>\n\t\t\t\t\t\t<\/ul>\n\t\t\t\t\t\t<\/div>\n\t\t\t\t<\/div>\n\t\t\t\t\t<\/div>\n\t\t\t\t<\/div>\n\t\t<div class=\"elementor-element elementor-element-37ca2aa e-flex e-con-boxed e-con e-child\" data-id=\"37ca2aa\" data-element_type=\"container\" data-e-type=\"container\" data-settings=\"{&quot;background_background&quot;:&quot;gradient&quot;}\">\n\t\t\t\t\t<div class=\"e-con-inner\">\n\t\t\t\t<div class=\"elementor-element elementor-element-bcbbdc5 elementor-widget elementor-widget-image-carousel\" data-id=\"bcbbdc5\" data-element_type=\"widget\" data-e-type=\"widget\" data-settings=\"{&quot;slides_to_show&quot;:&quot;1&quot;,&quot;navigation&quot;:&quot;none&quot;,&quot;autoplay&quot;:&quot;yes&quot;,&quot;pause_on_hover&quot;:&quot;yes&quot;,&quot;pause_on_interaction&quot;:&quot;yes&quot;,&quot;autoplay_speed&quot;:5000,&quot;infinite&quot;:&quot;yes&quot;,&quot;effect&quot;:&quot;slide&quot;,&quot;speed&quot;:500}\" data-widget_type=\"image-carousel.default\">\n\t\t\t\t<div class=\"elementor-widget-container\">\n\t\t\t\t\t\t\t<div class=\"elementor-image-carousel-wrapper swiper\" role=\"region\" aria-roledescription=\"carousel\" aria-label=\"Carrousel d\u2019images\" dir=\"ltr\">\n\t\t\t<div class=\"elementor-image-carousel swiper-wrapper\" aria-live=\"off\">\n\t\t\t\t\t\t\t\t<div class=\"swiper-slide\" role=\"group\" aria-roledescription=\"slide\" aria-label=\"1 sur 3\"><figure class=\"swiper-slide-inner\"><img decoding=\"async\" class=\"swiper-slide-image\" src=\"https:\/\/fidevsa.com\/wp-content\/uploads\/2023\/09\/coffre.jpg\" alt=\"coffre\" \/><\/figure><\/div><div class=\"swiper-slide\" role=\"group\" aria-roledescription=\"slide\" aria-label=\"2 sur 3\"><figure class=\"swiper-slide-inner\"><img decoding=\"async\" class=\"swiper-slide-image\" src=\"https:\/\/fidevsa.com\/wp-content\/uploads\/2023\/09\/carte.jpg\" alt=\"carte\" \/><\/figure><\/div><div class=\"swiper-slide\" role=\"group\" aria-roledescription=\"slide\" aria-label=\"3 sur 3\"><figure class=\"swiper-slide-inner\"><img decoding=\"async\" class=\"swiper-slide-image\" src=\"https:\/\/fidevsa.com\/wp-content\/uploads\/2023\/09\/moja-msanii-vO9-gal54go-unsplash.jpg\" alt=\"moja-msanii-vO9-gal54go-unsplash\" \/><\/figure><\/div>\t\t\t<\/div>\n\t\t\t\t\t\t\t\n\t\t\t\t\t\t\t\t\t<\/div>\n\t\t\t\t\t\t<\/div>\n\t\t\t\t<\/div>\n\t\t\t\t\t<\/div>\n\t\t\t\t<\/div>\n\t\t\t\t\t<\/div>\n\t\t\t\t<\/div>\n\t\t\t\t\t<\/div>\n\t\t\t\t<\/div>\n\t\t<div class=\"elementor-element elementor-element-fd1595f e-flex e-con-boxed e-con e-parent\" data-id=\"fd1595f\" data-element_type=\"container\" data-e-type=\"container\" data-settings=\"{&quot;background_background&quot;:&quot;classic&quot;}\">\n\t\t\t\t\t<div class=\"e-con-inner\">\n\t\t\t\t<div class=\"elementor-element elementor-element-ab349f8 elementor-widget elementor-widget-heading\" data-id=\"ab349f8\" data-element_type=\"widget\" data-e-type=\"widget\" data-widget_type=\"heading.default\">\n\t\t\t\t<div class=\"elementor-widget-container\">\n\t\t\t\t\t<h2 class=\"elementor-heading-title elementor-size-default\"><span style=\"color: #000\">Contact us<\/span> now<\/h2>\t\t\t\t<\/div>\n\t\t\t\t<\/div>\n\t\t\t\t<div class=\"elementor-element elementor-element-17d41ed elementor-align-center elementor-widget elementor-widget-button\" data-id=\"17d41ed\" data-element_type=\"widget\" data-e-type=\"widget\" data-widget_type=\"button.default\">\n\t\t\t\t<div class=\"elementor-widget-container\">\n\t\t\t\t\t\t\t\t\t<div class=\"elementor-button-wrapper\">\n\t\t\t\t\t<a class=\"elementor-button elementor-button-link elementor-size-sm\" href=\"https:\/\/fidevsa.com\/en\/contact\/\">\n\t\t\t\t\t\t<span class=\"elementor-button-content-wrapper\">\n\t\t\t\t\t\t\t\t\t<span class=\"elementor-button-text\"> Book an appointment now!<\/span>\n\t\t\t\t\t<\/span>\n\t\t\t\t\t<\/a>\n\t\t\t\t<\/div>\n\t\t\t\t\t\t\t\t<\/div>\n\t\t\t\t<\/div>\n\t\t\t\t\t<\/div>\n\t\t\t\t<\/div>\n\t\t\t\t<\/div>","protected":false},"excerpt":{"rendered":"<p>Accueil Chez FIDEV Cameroun, nous sommes fiers de notre engagement envers nos clients. Cependant, notre engagement envers vous va bien au-del\u00e0 de cela. En tant que banque de confiance, nous offrons une gamme compl\u00e8te de services financiers pour r\u00e9pondre \u00e0 tous vos besoins: Achat location de coffre-fort Achat\/ vente de devises : euro\/dollar Transfert d\u2019argent [&hellip;]<\/p>\n","protected":false},"author":1,"featured_media":0,"parent":0,"menu_order":0,"comment_status":"closed","ping_status":"closed","template":"elementor_header_footer","meta":{"_acf_changed":false,"inline_featured_image":false,"footnotes":""},"class_list":["post-270","page","type-page","status-publish","hentry"],"acf":[],"_links":{"self":[{"href":"https:\/\/fidevsa.com\/en\/wp-json\/wp\/v2\/pages\/270","targetHints":{"allow":["GET"]}}],"collection":[{"href":"https:\/\/fidevsa.com\/en\/wp-json\/wp\/v2\/pages"}],"about":[{"href":"https:\/\/fidevsa.com\/en\/wp-json\/wp\/v2\/types\/page"}],"author":[{"embeddable":true,"href":"https:\/\/fidevsa.com\/en\/wp-json\/wp\/v2\/users\/1"}],"replies":[{"embeddable":true,"href":"https:\/\/fidevsa.com\/en\/wp-json\/wp\/v2\/comments?post=270"}],"version-history":[{"count":0,"href":"https:\/\/fidevsa.com\/en\/wp-json\/wp\/v2\/pages\/270\/revisions"}],"wp:attachment":[{"href":"https:\/\/fidevsa.com\/en\/wp-json\/wp\/v2\/media?parent=270"}],"curies":[{"name":"wp","href":"https:\/\/api.w.org\/{rel}","templated":true}]}}