{"id":299,"date":"2023-08-23T16:07:42","date_gmt":"2023-08-23T16:07:42","guid":{"rendered":"https:\/\/fidevsa.com\/?page_id=299"},"modified":"2023-10-04T12:23:04","modified_gmt":"2023-10-04T12:23:04","slug":"services-bancaire","status":"publish","type":"page","link":"https:\/\/fidevsa.com\/en\/services-bancaire\/","title":{"rendered":"Services"},"content":{"rendered":"<div data-elementor-type=\"wp-page\" data-elementor-id=\"299\" class=\"elementor elementor-299\" data-elementor-post-type=\"page\">\n\t\t\t\t<div class=\"elementor-element elementor-element-ce0347b e-flex e-con-boxed e-con e-parent\" data-id=\"ce0347b\" data-element_type=\"container\" data-e-type=\"container\" data-settings=\"{&quot;background_background&quot;:&quot;classic&quot;}\">\n\t\t\t\t\t<div class=\"e-con-inner\">\n\t\t\t\t<div class=\"elementor-element elementor-element-4ec0d08 elementor-widget elementor-widget-heading\" data-id=\"4ec0d08\" data-element_type=\"widget\" data-e-type=\"widget\" data-widget_type=\"heading.default\">\n\t\t\t\t<div class=\"elementor-widget-container\">\n\t\t\t\t\t<h2 class=\"elementor-heading-title elementor-size-default\">SERVICES<\/h2>\t\t\t\t<\/div>\n\t\t\t\t<\/div>\n\t\t\t\t<div class=\"elementor-element elementor-element-502375a elementor-widget elementor-widget-ube-breadcrumbs\" data-id=\"502375a\" data-element_type=\"widget\" data-e-type=\"widget\" data-widget_type=\"ube-breadcrumbs.default\">\n\t\t\t\t<div class=\"elementor-widget-container\">\n\t\t\t\t\t<nav aria-label=\"breadcrumb\">\n\t\t<ol class=\"ube-breadcrumbs breadcrumbs list-unstyled d-inline-flex flex-wrap align-items-center m-0 separator-angle-double\"><li class=\"breadcrumb-item\"><a href=\"https:\/\/fidevsa.com\/en\">Home<\/a><\/li><\/ol><\/nav>\t\t\t\t<\/div>\n\t\t\t\t<\/div>\n\t\t\t\t\t<\/div>\n\t\t\t\t<\/div>\n\t\t<div class=\"elementor-element elementor-element-0d7cdea e-flex e-con-boxed e-con e-parent\" data-id=\"0d7cdea\" data-element_type=\"container\" data-e-type=\"container\">\n\t\t\t\t\t<div class=\"e-con-inner\">\n\t\t<div class=\"elementor-element elementor-element-31178c0 e-con-full e-flex e-con e-child\" data-id=\"31178c0\" data-element_type=\"container\" data-e-type=\"container\">\n\t\t\t\t<div class=\"elementor-element elementor-element-5250ab5 elementor-widget elementor-widget-image\" data-id=\"5250ab5\" data-element_type=\"widget\" data-e-type=\"widget\" data-widget_type=\"image.default\">\n\t\t\t\t<div class=\"elementor-widget-container\">\n\t\t\t\t\t\t\t\t\t\t\t\t\t\t\t<img fetchpriority=\"high\" decoding=\"async\" width=\"368\" height=\"260\" src=\"https:\/\/fidevsa.com\/wp-content\/uploads\/2023\/08\/Rectangle-85.png\" class=\"attachment-large size-large wp-image-303\" alt=\"\" srcset=\"https:\/\/fidevsa.com\/wp-content\/uploads\/2023\/08\/Rectangle-85.png 368w, https:\/\/fidevsa.com\/wp-content\/uploads\/2023\/08\/Rectangle-85-300x212.png 300w\" sizes=\"(max-width: 368px) 100vw, 368px\" \/>\t\t\t\t\t\t\t\t\t\t\t\t\t\t\t<\/div>\n\t\t\t\t<\/div>\n\t\t\t\t<div class=\"elementor-element elementor-element-aaa5833 elementor-widget elementor-widget-heading\" data-id=\"aaa5833\" data-element_type=\"widget\" data-e-type=\"widget\" data-widget_type=\"heading.default\">\n\t\t\t\t<div class=\"elementor-widget-container\">\n\t\t\t\t\t<h2 class=\"elementor-heading-title elementor-size-default\">Transfer money easily and cheaply with FIDEV.<\/h2>\t\t\t\t<\/div>\n\t\t\t\t<\/div>\n\t\t\t\t<div class=\"elementor-element elementor-element-e46aff0 elementor-widget elementor-widget-heading\" data-id=\"e46aff0\" data-element_type=\"widget\" data-e-type=\"widget\" data-widget_type=\"heading.default\">\n\t\t\t\t<div class=\"elementor-widget-container\">\n\t\t\t\t\t<p class=\"elementor-heading-title elementor-size-default\">You can count on FIDEV SA when you need to send money fast. The beneficiary can collect the money from any participating branch worldwide. Your money can usually be withdrawn within minutes.\nWith FIDEV SA, you have many options for sending and receiving money: Western Union, MoneyGram, Small World and Ria.<\/p>\t\t\t\t<\/div>\n\t\t\t\t<\/div>\n\t\t\t\t<\/div>\n\t\t<div class=\"elementor-element elementor-element-0eab6e6 e-con-full e-flex e-con e-child\" data-id=\"0eab6e6\" data-element_type=\"container\" data-e-type=\"container\">\n\t\t\t\t<div class=\"elementor-element elementor-element-2714ccb elementor-widget elementor-widget-image\" data-id=\"2714ccb\" data-element_type=\"widget\" data-e-type=\"widget\" data-widget_type=\"image.default\">\n\t\t\t\t<div class=\"elementor-widget-container\">\n\t\t\t\t\t\t\t\t\t\t\t\t\t\t\t<img decoding=\"async\" width=\"420\" height=\"260\" src=\"https:\/\/fidevsa.com\/wp-content\/uploads\/2023\/08\/Frame-1000002355.png\" class=\"attachment-large size-large wp-image-304\" alt=\"\" srcset=\"https:\/\/fidevsa.com\/wp-content\/uploads\/2023\/08\/Frame-1000002355.png 420w, https:\/\/fidevsa.com\/wp-content\/uploads\/2023\/08\/Frame-1000002355-300x186.png 300w\" sizes=\"(max-width: 420px) 100vw, 420px\" \/>\t\t\t\t\t\t\t\t\t\t\t\t\t\t\t<\/div>\n\t\t\t\t<\/div>\n\t\t\t\t<div class=\"elementor-element elementor-element-a403824 elementor-widget elementor-widget-heading\" data-id=\"a403824\" data-element_type=\"widget\" data-e-type=\"widget\" data-widget_type=\"heading.default\">\n\t\t\t\t<div class=\"elementor-widget-container\">\n\t\t\t\t\t<h2 class=\"elementor-heading-title elementor-size-default\">With sms Banking your banking information in your hands 24 hours a day<\/h2>\t\t\t\t<\/div>\n\t\t\t\t<\/div>\n\t\t\t\t<div class=\"elementor-element elementor-element-559bba8 elementor-widget elementor-widget-heading\" data-id=\"559bba8\" data-element_type=\"widget\" data-e-type=\"widget\" data-widget_type=\"heading.default\">\n\t\t\t\t<div class=\"elementor-widget-container\">\n\t\t\t\t\t<p class=\"elementor-heading-title elementor-size-default\">Stay informed at all times about your banking transactions.\nAre you a FIDEV SA customer? Would you like to receive SMS messages about your salary transfers? Or be informed of the slightest movement in your bank account?\nDon't wait any longer! Choose SMS Banking from FIDEV SA.<\/p>\t\t\t\t<\/div>\n\t\t\t\t<\/div>\n\t\t\t\t<\/div>\n\t\t<div class=\"elementor-element elementor-element-d26ff9d e-con-full e-flex e-con e-child\" data-id=\"d26ff9d\" data-element_type=\"container\" data-e-type=\"container\">\n\t\t\t\t<div class=\"elementor-element elementor-element-0d5b62f elementor-widget elementor-widget-image\" data-id=\"0d5b62f\" data-element_type=\"widget\" data-e-type=\"widget\" data-widget_type=\"image.default\">\n\t\t\t\t<div class=\"elementor-widget-container\">\n\t\t\t\t\t\t\t\t\t\t\t\t\t\t\t<img decoding=\"async\" width=\"368\" height=\"260\" src=\"https:\/\/fidevsa.com\/wp-content\/uploads\/2023\/08\/Frame-1000002356.png\" class=\"attachment-large size-large wp-image-309\" alt=\"\" srcset=\"https:\/\/fidevsa.com\/wp-content\/uploads\/2023\/08\/Frame-1000002356.png 368w, https:\/\/fidevsa.com\/wp-content\/uploads\/2023\/08\/Frame-1000002356-300x212.png 300w\" sizes=\"(max-width: 368px) 100vw, 368px\" \/>\t\t\t\t\t\t\t\t\t\t\t\t\t\t\t<\/div>\n\t\t\t\t<\/div>\n\t\t\t\t<div class=\"elementor-element elementor-element-4b3b06d elementor-widget elementor-widget-heading\" data-id=\"4b3b06d\" data-element_type=\"widget\" data-e-type=\"widget\" data-widget_type=\"heading.default\">\n\t\t\t\t<div class=\"elementor-widget-container\">\n\t\t\t\t\t<h2 class=\"elementor-heading-title elementor-size-default\">Pay your Canal+ bills at FIDEV SA<\/h2>\t\t\t\t<\/div>\n\t\t\t\t<\/div>\n\t\t\t\t<div class=\"elementor-element elementor-element-3ecaacd elementor-widget elementor-widget-heading\" data-id=\"3ecaacd\" data-element_type=\"widget\" data-e-type=\"widget\" data-widget_type=\"heading.default\">\n\t\t\t\t<div class=\"elementor-widget-container\">\n\t\t\t\t\t<p class=\"elementor-heading-title elementor-size-default\">FIDEV SA is CANAL+'s PREMIUM partner, which guarantees you the best service for your CANAL+ subscription.<\/p>\t\t\t\t<\/div>\n\t\t\t\t<\/div>\n\t\t\t\t<\/div>\n\t\t\t\t\t<\/div>\n\t\t\t\t<\/div>\n\t\t\t\t<\/div>","protected":false},"excerpt":{"rendered":"<p>SERVICES Accueil Transf\u00e9rez de l&#8217;argent facilement et \u00e0 moindres frais avec FIDEV. Vous pouvez compter sur FIDEV SA lorsque vous avez besoin d\u2019envoyer de l\u2019argent rapidement. Le b\u00e9n\u00e9ficiaire peut r\u00e9cup\u00e9rer l\u2019argent dans l\u2019agence participante de son choix, dans le monde entier. En g\u00e9n\u00e9ral, votre argent peut \u00eatre retir\u00e9 en quelques minutes. Avec FIDEV SA, vous [&hellip;]<\/p>\n","protected":false},"author":1,"featured_media":0,"parent":0,"menu_order":0,"comment_status":"closed","ping_status":"closed","template":"elementor_header_footer","meta":{"_acf_changed":false,"inline_featured_image":false,"footnotes":""},"class_list":["post-299","page","type-page","status-publish","hentry"],"acf":[],"_links":{"self":[{"href":"https:\/\/fidevsa.com\/en\/wp-json\/wp\/v2\/pages\/299","targetHints":{"allow":["GET"]}}],"collection":[{"href":"https:\/\/fidevsa.com\/en\/wp-json\/wp\/v2\/pages"}],"about":[{"href":"https:\/\/fidevsa.com\/en\/wp-json\/wp\/v2\/types\/page"}],"author":[{"embeddable":true,"href":"https:\/\/fidevsa.com\/en\/wp-json\/wp\/v2\/users\/1"}],"replies":[{"embeddable":true,"href":"https:\/\/fidevsa.com\/en\/wp-json\/wp\/v2\/comments?post=299"}],"version-history":[{"count":0,"href":"https:\/\/fidevsa.com\/en\/wp-json\/wp\/v2\/pages\/299\/revisions"}],"wp:attachment":[{"href":"https:\/\/fidevsa.com\/en\/wp-json\/wp\/v2\/media?parent=299"}],"curies":[{"name":"wp","href":"https:\/\/api.w.org\/{rel}","templated":true}]}}