{"id":460,"date":"2023-08-29T02:36:49","date_gmt":"2023-08-29T02:36:49","guid":{"rendered":"https:\/\/fidevsa.com\/?page_id=460"},"modified":"2023-08-29T02:51:39","modified_gmt":"2023-08-29T02:51:39","slug":"conditions-douverture-de-compte","status":"publish","type":"page","link":"https:\/\/fidevsa.com\/en\/conditions-douverture-de-compte\/","title":{"rendered":"Conditions d&#8217;ouverture de compte"},"content":{"rendered":"<div data-elementor-type=\"wp-page\" data-elementor-id=\"460\" class=\"elementor elementor-460\" data-elementor-post-type=\"page\">\n\t\t\t\t<div class=\"elementor-element elementor-element-b7e4027 e-flex e-con-boxed e-con e-parent\" data-id=\"b7e4027\" data-element_type=\"container\" data-e-type=\"container\" data-settings=\"{&quot;background_background&quot;:&quot;classic&quot;}\">\n\t\t\t\t\t<div class=\"e-con-inner\">\n\t\t\t\t<div class=\"elementor-element elementor-element-2f379f3 elementor-widget elementor-widget-heading\" data-id=\"2f379f3\" data-element_type=\"widget\" data-e-type=\"widget\" data-widget_type=\"heading.default\">\n\t\t\t\t<div class=\"elementor-widget-container\">\n\t\t\t\t\t<h2 class=\"elementor-heading-title elementor-size-default\">Conditions d&#8217;ouverture de compte<\/h2>\t\t\t\t<\/div>\n\t\t\t\t<\/div>\n\t\t\t\t<div class=\"elementor-element elementor-element-8d346e2 elementor-widget elementor-widget-ube-breadcrumbs\" data-id=\"8d346e2\" data-element_type=\"widget\" data-e-type=\"widget\" data-widget_type=\"ube-breadcrumbs.default\">\n\t\t\t\t<div class=\"elementor-widget-container\">\n\t\t\t\t\t<nav aria-label=\"breadcrumb\">\n\t\t<ol class=\"ube-breadcrumbs breadcrumbs list-unstyled d-inline-flex flex-wrap align-items-center m-0 separator-angle-double\"><li class=\"breadcrumb-item\"><a href=\"https:\/\/fidevsa.com\/en\">Home<\/a><\/li><\/ol><\/nav>\t\t\t\t<\/div>\n\t\t\t\t<\/div>\n\t\t\t\t\t<\/div>\n\t\t\t\t<\/div>\n\t\t<div class=\"elementor-element elementor-element-056f686 e-flex e-con-boxed e-con e-parent\" data-id=\"056f686\" data-element_type=\"container\" data-e-type=\"container\">\n\t\t\t\t\t<div class=\"e-con-inner\">\n\t\t<div class=\"elementor-element elementor-element-e278beb e-con-full e-flex e-con e-child\" data-id=\"e278beb\" data-element_type=\"container\" data-e-type=\"container\" data-settings=\"{&quot;background_background&quot;:&quot;gradient&quot;}\">\n\t\t\t\t<div class=\"elementor-element elementor-element-482cbd5 elementor-widget elementor-widget-image-carousel\" data-id=\"482cbd5\" data-element_type=\"widget\" data-e-type=\"widget\" data-settings=\"{&quot;slides_to_show&quot;:&quot;1&quot;,&quot;navigation&quot;:&quot;none&quot;,&quot;autoplay&quot;:&quot;yes&quot;,&quot;pause_on_hover&quot;:&quot;yes&quot;,&quot;pause_on_interaction&quot;:&quot;yes&quot;,&quot;autoplay_speed&quot;:5000,&quot;infinite&quot;:&quot;yes&quot;,&quot;effect&quot;:&quot;slide&quot;,&quot;speed&quot;:500}\" data-widget_type=\"image-carousel.default\">\n\t\t\t\t<div class=\"elementor-widget-container\">\n\t\t\t\t\t\t\t<div class=\"elementor-image-carousel-wrapper swiper\" role=\"region\" aria-roledescription=\"carousel\" aria-label=\"Image Carousel\" dir=\"ltr\" data-no-translation-aria-label=\"\">\n\t\t\t<div class=\"elementor-image-carousel swiper-wrapper swiper-image-stretch\" aria-live=\"off\">\n\t\t\t\t\t\t\t\t<div class=\"swiper-slide\" role=\"group\" aria-roledescription=\"slide\" aria-label=\"1 of 1\" data-no-translation-aria-label=\"\"><figure class=\"swiper-slide-inner\"><img decoding=\"async\" class=\"swiper-slide-image\" src=\"https:\/\/fidevsa.com\/wp-content\/uploads\/2023\/08\/I-1600x760-1.jpg\" alt=\"I-1600x760\" \/><\/figure><\/div>\t\t\t<\/div>\n\t\t\t\t\t<\/div>\n\t\t\t\t\t\t<\/div>\n\t\t\t\t<\/div>\n\t\t\t\t<\/div>\n\t\t<div class=\"elementor-element elementor-element-2b5d270 e-con-full e-flex e-con e-child\" data-id=\"2b5d270\" data-element_type=\"container\" data-e-type=\"container\">\n\t\t\t\t<div class=\"elementor-element elementor-element-df425d7 elementor-widget elementor-widget-heading\" data-id=\"df425d7\" data-element_type=\"widget\" data-e-type=\"widget\" data-widget_type=\"heading.default\">\n\t\t\t\t<div class=\"elementor-widget-container\">\n\t\t\t\t\t<h2 class=\"elementor-heading-title elementor-size-default\">LES CONDITIONS D\u2019OUVERTURES DE COMPTE FIDEV<\/h2>\t\t\t\t<\/div>\n\t\t\t\t<\/div>\n\t\t\t\t<\/div>\n\t\t\t\t\t<\/div>\n\t\t\t\t<\/div>\n\t\t<div class=\"elementor-element elementor-element-1c3dc9d e-flex e-con-boxed e-con e-parent\" data-id=\"1c3dc9d\" data-element_type=\"container\" data-e-type=\"container\">\n\t\t\t\t\t<div class=\"e-con-inner\">\n\t\t<div class=\"elementor-element elementor-element-26c31a5 e-con-full e-flex e-con e-child\" data-id=\"26c31a5\" data-element_type=\"container\" data-e-type=\"container\">\n\t\t\t\t<div class=\"elementor-element elementor-element-c82bc7e elementor-icon-list--layout-traditional elementor-list-item-link-full_width elementor-widget elementor-widget-icon-list\" data-id=\"c82bc7e\" data-element_type=\"widget\" data-e-type=\"widget\" data-widget_type=\"icon-list.default\">\n\t\t\t\t<div class=\"elementor-widget-container\">\n\t\t\t\t\t\t\t<ul class=\"elementor-icon-list-items\">\n\t\t\t\t\t\t\t<li class=\"elementor-icon-list-item\">\n\t\t\t\t\t\t\t\t\t\t\t<span class=\"elementor-icon-list-icon\">\n\t\t\t\t\t\t\t<i aria-hidden=\"true\" class=\"icon icon-credit-card1\"><\/i>\t\t\t\t\t\t<\/span>\n\t\t\t\t\t\t\t\t\t\t<span class=\"elementor-icon-list-text\">COMPTE COURANT ENTREPRISE<\/span>\n\t\t\t\t\t\t\t\t\t<\/li>\n\t\t\t\t\t\t<\/ul>\n\t\t\t\t\t\t<\/div>\n\t\t\t\t<\/div>\n\t\t\t\t<div class=\"elementor-element elementor-element-8d3362c elementor-widget elementor-widget-text-editor\" data-id=\"8d3362c\" data-element_type=\"widget\" data-e-type=\"widget\" data-widget_type=\"text-editor.default\">\n\t\t\t\t<div class=\"elementor-widget-container\">\n\t\t\t\t\t\t\t\t\t<p>Frais d\u2019ouvertures : 4 500 FCFA<br \/>D\u00e9p\u00f4t minimal \u00e0 l\u2019ouverture : 50 000 FCFA<\/p><h5><strong>Pi\u00e8ces \u00e0 fournir<\/strong><\/h5><ul><li>Une copie du registre de<\/li><li>commerce et du cr\u00e9dit mobilier<\/li><li>Une copie de la cni du promoteur ainsi que des mandataires \u00e9ventuels<\/li><li>Une copie d\u2019attestation de non redevance \/attestation d\u2019exon\u00e9ration de la contribution \u00e0 la patente<\/li><li>Une copie de la carte du contribuable en cours de validit\u00e9<\/li><li>Une attestation et un plan de localisation de l\u2019\u00e9tablissement d\u00e9livr\u00e9 par les imp\u00f4ts<\/li><li>Un plan de localisation du domicile du signataire du compte<\/li><li>Une facture Eneo ou Cde de chaque signataire de l\u2019entreprise<\/li><li>02 photos 4*4 de chaque signataire<\/li><li>Les statuts notari\u00e9s et les divers proc\u00e8s-verbaux pour les SA et les SARL<\/li><li>Une copie, de la Cni du Directeur G\u00e9n\u00e9ral, et de tous les signataires du compte<\/li><li>Un proc\u00e8s-verbal du conseil d\u2019administration d\u00e9signant le pr\u00e9sident les administrateurs et les dirigeants<\/li><\/ul>\t\t\t\t\t\t\t\t<\/div>\n\t\t\t\t<\/div>\n\t\t\t\t<\/div>\n\t\t<div class=\"elementor-element elementor-element-1f09e84 e-con-full e-flex e-con e-child\" data-id=\"1f09e84\" data-element_type=\"container\" data-e-type=\"container\">\n\t\t\t\t<div class=\"elementor-element elementor-element-76c1985 elementor-icon-list--layout-traditional elementor-list-item-link-full_width elementor-widget elementor-widget-icon-list\" data-id=\"76c1985\" data-element_type=\"widget\" data-e-type=\"widget\" data-widget_type=\"icon-list.default\">\n\t\t\t\t<div class=\"elementor-widget-container\">\n\t\t\t\t\t\t\t<ul class=\"elementor-icon-list-items\">\n\t\t\t\t\t\t\t<li class=\"elementor-icon-list-item\">\n\t\t\t\t\t\t\t\t\t\t\t<span class=\"elementor-icon-list-icon\">\n\t\t\t\t\t\t\t<i aria-hidden=\"true\" class=\"icon icon-credit-card1\"><\/i>\t\t\t\t\t\t<\/span>\n\t\t\t\t\t\t\t\t\t\t<span class=\"elementor-icon-list-text\">INDIVIDUAL CURRENT ACCOUNT<\/span>\n\t\t\t\t\t\t\t\t\t<\/li>\n\t\t\t\t\t\t<\/ul>\n\t\t\t\t\t\t<\/div>\n\t\t\t\t<\/div>\n\t\t\t\t<div class=\"elementor-element elementor-element-93f121f elementor-widget elementor-widget-text-editor\" data-id=\"93f121f\" data-element_type=\"widget\" data-e-type=\"widget\" data-widget_type=\"text-editor.default\">\n\t\t\t\t<div class=\"elementor-widget-container\">\n\t\t\t\t\t\t\t\t\t<p>Frais d\u2019ouverture : 3500 FCFA<br \/>D\u00e9p\u00f4t initial \u00e0 l\u2019ouverture 25 000 FCFA<\/p><h5>Pi\u00e8ces \u00e0 fournir<\/h5><ul><li>Photocopie de la CNI valide<\/li><li>Un plan de localisation de la r\u00e9sidence<\/li><li>2 photos 4*4 couleurs\/signature<\/li><li>Le num\u00e9ro d\u2019identit\u00e9 unique(NUI) d\u00e9livr\u00e9 par les imp\u00f4ts<\/li><\/ul>\t\t\t\t\t\t\t\t<\/div>\n\t\t\t\t<\/div>\n\t\t\t\t<\/div>\n\t\t<div class=\"elementor-element elementor-element-9d57c9b e-con-full e-flex e-con e-child\" data-id=\"9d57c9b\" data-element_type=\"container\" data-e-type=\"container\">\n\t\t\t\t<div class=\"elementor-element elementor-element-7e2444d elementor-icon-list--layout-traditional elementor-list-item-link-full_width elementor-widget elementor-widget-icon-list\" data-id=\"7e2444d\" data-element_type=\"widget\" data-e-type=\"widget\" data-widget_type=\"icon-list.default\">\n\t\t\t\t<div class=\"elementor-widget-container\">\n\t\t\t\t\t\t\t<ul class=\"elementor-icon-list-items\">\n\t\t\t\t\t\t\t<li class=\"elementor-icon-list-item\">\n\t\t\t\t\t\t\t\t\t\t\t<span class=\"elementor-icon-list-icon\">\n\t\t\t\t\t\t\t<i aria-hidden=\"true\" class=\"icon icon-credit-card1\"><\/i>\t\t\t\t\t\t<\/span>\n\t\t\t\t\t\t\t\t\t\t<span class=\"elementor-icon-list-text\">COMPTE COURANT ASSOCIATIONS\/GIC<\/span>\n\t\t\t\t\t\t\t\t\t<\/li>\n\t\t\t\t\t\t<\/ul>\n\t\t\t\t\t\t<\/div>\n\t\t\t\t<\/div>\n\t\t\t\t<div class=\"elementor-element elementor-element-471b6f4 elementor-widget elementor-widget-text-editor\" data-id=\"471b6f4\" data-element_type=\"widget\" data-e-type=\"widget\" data-widget_type=\"text-editor.default\">\n\t\t\t\t<div class=\"elementor-widget-container\">\n\t\t\t\t\t\t\t\t\t<p>Frais d\u2019ouverture : 3500 fcfa<br \/>Dep\u00f4t initial \u00e0 l\u2019ouverture 11 500<\/p><h5>Pi\u00e8ces \u00e0 fournir<\/h5><ul><li>Une copie du r\u00e9c\u00e9piss\u00e9 de d\u00e9claration ou certificat d\u2019inscription au registre de coop ; GIC<\/li><li>Une copie des statuts<\/li><li>Un pv l\u00e9galis\u00e9 d\u00e9signant les signataires du compte<\/li><li>Copie originale du proc\u00e8s-verbal d\u2019assembl\u00e9e g\u00e9n\u00e9rale extraordinaire portant d\u00e9signation des signataires du compte l\u00e9galis\u00e9 dans un commissariat<\/li><li>Un plan de localisation du si\u00e8ge<\/li><li>Copie de la cni en cours de validit\u00e9 de chaque signataire du compte<\/li><li>Un plan de localisation de chaque signataire du compte<\/li><li>Une photo couleur 4*4 de chaque signataire du compte<\/li><\/ul>\t\t\t\t\t\t\t\t<\/div>\n\t\t\t\t<\/div>\n\t\t\t\t<\/div>\n\t\t<div class=\"elementor-element elementor-element-53b53ac e-con-full e-flex e-con e-child\" data-id=\"53b53ac\" data-element_type=\"container\" data-e-type=\"container\">\n\t\t\t\t<div class=\"elementor-element elementor-element-5d3bb47 elementor-icon-list--layout-traditional elementor-list-item-link-full_width elementor-widget elementor-widget-icon-list\" data-id=\"5d3bb47\" data-element_type=\"widget\" data-e-type=\"widget\" data-widget_type=\"icon-list.default\">\n\t\t\t\t<div class=\"elementor-widget-container\">\n\t\t\t\t\t\t\t<ul class=\"elementor-icon-list-items\">\n\t\t\t\t\t\t\t<li class=\"elementor-icon-list-item\">\n\t\t\t\t\t\t\t\t\t\t\t<span class=\"elementor-icon-list-icon\">\n\t\t\t\t\t\t\t<i aria-hidden=\"true\" class=\"icon icon-credit-card1\"><\/i>\t\t\t\t\t\t<\/span>\n\t\t\t\t\t\t\t\t\t\t<span class=\"elementor-icon-list-text\">COMPTE D\u2019EPARGNE<\/span>\n\t\t\t\t\t\t\t\t\t<\/li>\n\t\t\t\t\t\t<\/ul>\n\t\t\t\t\t\t<\/div>\n\t\t\t\t<\/div>\n\t\t\t\t<div class=\"elementor-element elementor-element-2122285 elementor-widget elementor-widget-text-editor\" data-id=\"2122285\" data-element_type=\"widget\" data-e-type=\"widget\" data-widget_type=\"text-editor.default\">\n\t\t\t\t<div class=\"elementor-widget-container\">\n\t\t\t\t\t\t\t\t\t<p>Frais d\u2019ouverture : 2500 FCFA<br \/>D\u00e9p\u00f4t initial \u00e0 l\u2019ouverture 10 000 FCFA<\/p><h5>Pi\u00e8ces \u00e0 fournir<\/h5><ul><li>Photocopie de la CNI valide<\/li><li>Un plan de localisation de la r\u00e9sidence<\/li><li>2 photos 4*4 couleurs\/signature<\/li><li>Le num\u00e9ro d\u2019identit\u00e9 unique(NUI) d\u00e9livr\u00e9 par les imp\u00f4ts<\/li><\/ul>\t\t\t\t\t\t\t\t<\/div>\n\t\t\t\t<\/div>\n\t\t\t\t<\/div>\n\t\t<div class=\"elementor-element elementor-element-fc19f52 e-con-full e-flex e-con e-child\" data-id=\"fc19f52\" data-element_type=\"container\" data-e-type=\"container\">\n\t\t\t\t<div class=\"elementor-element elementor-element-49284df elementor-icon-list--layout-traditional elementor-list-item-link-full_width elementor-widget elementor-widget-icon-list\" data-id=\"49284df\" data-element_type=\"widget\" data-e-type=\"widget\" data-widget_type=\"icon-list.default\">\n\t\t\t\t<div class=\"elementor-widget-container\">\n\t\t\t\t\t\t\t<ul class=\"elementor-icon-list-items\">\n\t\t\t\t\t\t\t<li class=\"elementor-icon-list-item\">\n\t\t\t\t\t\t\t\t\t\t\t<span class=\"elementor-icon-list-icon\">\n\t\t\t\t\t\t\t<i aria-hidden=\"true\" class=\"icon icon-credit-card1\"><\/i>\t\t\t\t\t\t<\/span>\n\t\t\t\t\t\t\t\t\t\t<span class=\"elementor-icon-list-text\">COMPTES SALARIES (secteurs publics, priv\u00e9s et parapublique)<\/span>\n\t\t\t\t\t\t\t\t\t<\/li>\n\t\t\t\t\t\t<\/ul>\n\t\t\t\t\t\t<\/div>\n\t\t\t\t<\/div>\n\t\t\t\t<div class=\"elementor-element elementor-element-8d87d07 elementor-widget elementor-widget-text-editor\" data-id=\"8d87d07\" data-element_type=\"widget\" data-e-type=\"widget\" data-widget_type=\"text-editor.default\">\n\t\t\t\t<div class=\"elementor-widget-container\">\n\t\t\t\t\t\t\t\t\t<p>Frais d\u2019ouverture : gratuit<br \/>Salaire minimum : 36 500 CFA<\/p><h5>Pi\u00e8ces \u00e0 fournir<\/h5><ul><li>Photocopie de la cni<\/li><li>Plan de localisation de la r\u00e9sidence<\/li><li>02 photos couleurs 4*4<\/li><li>Demande de virement timbr\u00e9e et adress\u00e9e au Ministre des finances<\/li><li>Attestation de pr\u00e9sence effective au poste datant de moins de trois mois<\/li><li>L\u2019original d\u2019un des trois derniers bons de caisses<\/li><li>L\u2019original ou la photocopie du bulletin de solde ou de paie<\/li><li>La photocopie du contrat de travail s\u2019il existe<\/li><li>L\u2019arr\u00eat\u00e9 de pension\/certificat de cessation de service pour les pensionn\u00e9s<\/li><li>Attestation de non redevance si vous changez de banque<\/li><li>Le num\u00e9ro d\u2019identit\u00e9 unique d\u00e9livr\u00e9 par les imp\u00f4ts<\/li><\/ul>\t\t\t\t\t\t\t\t<\/div>\n\t\t\t\t<\/div>\n\t\t\t\t<\/div>\n\t\t\t\t\t<\/div>\n\t\t\t\t<\/div>\n\t\t<div class=\"elementor-element elementor-element-30e747b e-flex e-con-boxed e-con e-parent\" data-id=\"30e747b\" data-element_type=\"container\" data-e-type=\"container\">\n\t\t\t\t\t<div class=\"e-con-inner\">\n\t\t\t\t<div class=\"elementor-element elementor-element-f02365e elementor-widget elementor-widget-spacer\" data-id=\"f02365e\" data-element_type=\"widget\" data-e-type=\"widget\" data-widget_type=\"spacer.default\">\n\t\t\t\t<div class=\"elementor-widget-container\">\n\t\t\t\t\t\t\t<div class=\"elementor-spacer\">\n\t\t\t<div class=\"elementor-spacer-inner\"><\/div>\n\t\t<\/div>\n\t\t\t\t\t\t<\/div>\n\t\t\t\t<\/div>\n\t\t\t\t<div class=\"elementor-element elementor-element-46adfb0 elementor-align-center elementor-widget elementor-widget-ube-button\" data-id=\"46adfb0\" data-element_type=\"widget\" data-e-type=\"widget\" data-widget_type=\"ube-button.default\">\n\t\t\t\t<div class=\"elementor-widget-container\">\n\t\t\t\t\t<a class=\"ube-btn btn btn-md btn-rounded btn-3d btn-primary\">\n\t    <span class=\"ube-btn-text\">Open an account now<\/span>\n\t<\/a>\n\n\n\t\t\t\t<\/div>\n\t\t\t\t<\/div>\n\t\t\t\t\t<\/div>\n\t\t\t\t<\/div>\n\t\t\t\t<\/div>","protected":false},"excerpt":{"rendered":"<p>Accueil LES CONDITIONS D\u2019OUVERTURES DE COMPTE FIDEV COMPTE COURANT ENTREPRISE Frais d\u2019ouvertures : 4 500 FCFAD\u00e9p\u00f4t minimal \u00e0 l\u2019ouverture : 50 000 FCFA Pi\u00e8ces \u00e0 fournir Une copie du registre de commerce et du cr\u00e9dit mobilier Une copie de la cni du promoteur ainsi que des mandataires \u00e9ventuels Une copie d\u2019attestation de non redevance \/attestation [&hellip;]<\/p>\n","protected":false},"author":1,"featured_media":0,"parent":0,"menu_order":0,"comment_status":"closed","ping_status":"closed","template":"elementor_header_footer","meta":{"_acf_changed":false,"inline_featured_image":false,"footnotes":""},"class_list":["post-460","page","type-page","status-publish","hentry"],"acf":[],"_links":{"self":[{"href":"https:\/\/fidevsa.com\/en\/wp-json\/wp\/v2\/pages\/460","targetHints":{"allow":["GET"]}}],"collection":[{"href":"https:\/\/fidevsa.com\/en\/wp-json\/wp\/v2\/pages"}],"about":[{"href":"https:\/\/fidevsa.com\/en\/wp-json\/wp\/v2\/types\/page"}],"author":[{"embeddable":true,"href":"https:\/\/fidevsa.com\/en\/wp-json\/wp\/v2\/users\/1"}],"replies":[{"embeddable":true,"href":"https:\/\/fidevsa.com\/en\/wp-json\/wp\/v2\/comments?post=460"}],"version-history":[{"count":0,"href":"https:\/\/fidevsa.com\/en\/wp-json\/wp\/v2\/pages\/460\/revisions"}],"wp:attachment":[{"href":"https:\/\/fidevsa.com\/en\/wp-json\/wp\/v2\/media?parent=460"}],"curies":[{"name":"wp","href":"https:\/\/api.w.org\/{rel}","templated":true}]}}