{"id":675,"date":"2023-09-20T11:15:29","date_gmt":"2023-09-20T11:15:29","guid":{"rendered":"https:\/\/fidevsa.com\/?page_id=675"},"modified":"2024-09-10T09:33:33","modified_gmt":"2024-09-10T09:33:33","slug":"blog","status":"publish","type":"page","link":"https:\/\/fidevsa.com\/en\/blog\/","title":{"rendered":"News"},"content":{"rendered":"<div data-elementor-type=\"wp-page\" data-elementor-id=\"675\" class=\"elementor elementor-675\" data-elementor-post-type=\"page\">\n\t\t\t\t<div class=\"elementor-element elementor-element-452b536 e-flex e-con-boxed e-con e-parent\" data-id=\"452b536\" data-element_type=\"container\" data-e-type=\"container\" data-settings=\"{&quot;background_background&quot;:&quot;classic&quot;}\">\n\t\t\t\t\t<div class=\"e-con-inner\">\n\t\t\t\t<div class=\"elementor-element elementor-element-246a687 elementor-widget elementor-widget-heading\" data-id=\"246a687\" data-element_type=\"widget\" data-e-type=\"widget\" data-widget_type=\"heading.default\">\n\t\t\t\t<div class=\"elementor-widget-container\">\n\t\t\t\t\t<h2 class=\"elementor-heading-title elementor-size-default\">News<\/h2>\t\t\t\t<\/div>\n\t\t\t\t<\/div>\n\t\t\t\t<div class=\"elementor-element elementor-element-3bf0b4b elementor-widget elementor-widget-ube-breadcrumbs\" data-id=\"3bf0b4b\" data-element_type=\"widget\" data-e-type=\"widget\" data-widget_type=\"ube-breadcrumbs.default\">\n\t\t\t\t<div class=\"elementor-widget-container\">\n\t\t\t\t\t<nav aria-label=\"breadcrumb\">\n\t\t<ol class=\"ube-breadcrumbs breadcrumbs list-unstyled d-inline-flex flex-wrap align-items-center m-0 separator-angle-double\"><li class=\"breadcrumb-item\"><a href=\"https:\/\/fidevsa.com\/en\">Home<\/a><\/li><\/ol><\/nav>\t\t\t\t<\/div>\n\t\t\t\t<\/div>\n\t\t\t\t\t<\/div>\n\t\t\t\t<\/div>\n\t\t<div class=\"elementor-element elementor-element-e168014 e-flex e-con-boxed e-con e-parent\" data-id=\"e168014\" data-element_type=\"container\" data-e-type=\"container\">\n\t\t\t\t\t<div class=\"e-con-inner\">\n\t\t<div class=\"elementor-element elementor-element-78c155d e-flex e-con-boxed e-con e-child\" data-id=\"78c155d\" data-element_type=\"container\" data-e-type=\"container\" data-settings=\"{&quot;background_background&quot;:&quot;classic&quot;}\">\n\t\t\t\t\t<div class=\"e-con-inner\">\n\t\t\t\t<div class=\"elementor-element elementor-element-b0da467 elementor-widget elementor-widget-heading\" data-id=\"b0da467\" data-element_type=\"widget\" data-e-type=\"widget\" data-widget_type=\"heading.default\">\n\t\t\t\t<div class=\"elementor-widget-container\">\n\t\t\t\t\t<h2 class=\"elementor-heading-title elementor-size-default\">Discover our latest news<\/h2>\t\t\t\t<\/div>\n\t\t\t\t<\/div>\n\t\t\t\t\t<\/div>\n\t\t\t\t<\/div>\n\t\t\t\t<div class=\"elementor-element elementor-element-c28ac92 elementor-widget elementor-widget-spacer\" data-id=\"c28ac92\" data-element_type=\"widget\" data-e-type=\"widget\" data-widget_type=\"spacer.default\">\n\t\t\t\t<div class=\"elementor-widget-container\">\n\t\t\t\t\t\t\t<div class=\"elementor-spacer\">\n\t\t\t<div class=\"elementor-spacer-inner\"><\/div>\n\t\t<\/div>\n\t\t\t\t\t\t<\/div>\n\t\t\t\t<\/div>\n\t\t\t\t<div class=\"elementor-element elementor-element-d06a9e3 elementor-widget__width-inherit elementor-widget elementor-widget-ube-post-grid\" data-id=\"d06a9e3\" data-element_type=\"widget\" data-e-type=\"widget\" data-widget_type=\"ube-post-grid.default\">\n\t\t\t\t<div class=\"elementor-widget-container\">\n\t\t\t\t\t\n\n<div id=\"ube-post-list-d06a9e3\" class=\"ube-posts ube-post-grid ube-post-appender row\">\n\t<div class=\"ube-post-grid-item col-auto col-md-auto col-lg-4\">\n    <article class=\"card ube-post-item ube-post-grid-layout-04\">\n\t\t            <a class=\"ube-entry-post-thumb card-img-top\" href=\"https:\/\/fidevsa.com\/en\/2023\/09\/21\/https-drive-google-com-file-d-16tzvad1ikn9kxygdi9vvtmmlmyjwarfe-viewuspdrive_link\/\"\n               style=\"background-image: url('https:\/\/fidevsa.com\/wp-content\/uploads\/2023\/09\/CA.jpg');--ube-post-grid-ratio:75%;\">\n            <\/a>\n\t\t        <div class=\"card-body\">\n\t\t\t\n\t\t\t            <header class=\"ube-entry-header\">\n\t\t\t\t                    <h2 class=\"ube-entry-title card-title\">\n                        <a class=\"ube-post-link\" href=\"https:\/\/fidevsa.com\/en\/2023\/09\/21\/https-drive-google-com-file-d-16tzvad1ikn9kxygdi9vvtmmlmyjwarfe-viewuspdrive_link\/\"\n                           title=\"RECRUTEMENT D&#8217;UN CHEF D&#8217;AGENCE\">\n\t\t\t\t\t\t\tRECRUTEMENT D&#8217;UN CHEF D&#8217;AGENCE                        <\/a>\n                    <\/h2>\n\t\t\t\t            <\/header>\n\t\t\t                <div class=\"ube-entry-content\">\n                    <div class=\"ube-post-excerpt\">\n                        <p class=\"card-text\">FIDEV Cameroun S.A. recrute. Cliquez pour plus d&#8217;information sur l&#8217;appel...<\/p>\n                    <\/div>\n                    <div class=\"read-more-button-wrapper\">\n\t\t\t\t\t\t                            <a href=\"https:\/\/fidevsa.com\/en\/2023\/09\/21\/https-drive-google-com-file-d-16tzvad1ikn9kxygdi9vvtmmlmyjwarfe-viewuspdrive_link\/\"\n                               class=\"ube-post-read-more-btn  btn btn-md btn-rounded btn-primary\">\n\t\t\t\t\t\t\t\tRead more\t\t\t\t\t\t\t\t                                    <span class=\"button-suffix\">\n                                <i class=\"fas fa-plus\"><\/i>                            <\/span>\n\t\t\t\t\t\t\t\t                            <\/a>\n\t\t\t\t\t\t                    <\/div>\n                <\/div>\n\t\t\t        <\/div>\n    <\/article>\n<\/div>\n\n\t\t\t<div class=\"ube-post-grid-item col-auto col-md-auto col-lg-4\">\n    <article class=\"card ube-post-item ube-post-grid-layout-04\">\n\t\t            <a class=\"ube-entry-post-thumb card-img-top\" href=\"https:\/\/fidevsa.com\/en\/2023\/09\/21\/match-de-gala\/\"\n               style=\"background-image: url('https:\/\/fidevsa.com\/wp-content\/uploads\/2023\/09\/SC.jpg');--ube-post-grid-ratio:75%;\">\n            <\/a>\n\t\t        <div class=\"card-body\">\n\t\t\t\n\t\t\t            <header class=\"ube-entry-header\">\n\t\t\t\t                    <h2 class=\"ube-entry-title card-title\">\n                        <a class=\"ube-post-link\" href=\"https:\/\/fidevsa.com\/en\/2023\/09\/21\/match-de-gala\/\"\n                           title=\"RECRUTEMENT D&#8217;UN GESTIONNAIRE DE COMPTES\">\n\t\t\t\t\t\t\tRECRUTEMENT D&#8217;UN GESTIONNAIRE DE COMPTES                        <\/a>\n                    <\/h2>\n\t\t\t\t            <\/header>\n\t\t\t                <div class=\"ube-entry-content\">\n                    <div class=\"ube-post-excerpt\">\n                        <p class=\"card-text\">FIDEV Cameroun S.A. recrute. Cliquez pour plus d\u2019information sur l\u2019appel...<\/p>\n                    <\/div>\n                    <div class=\"read-more-button-wrapper\">\n\t\t\t\t\t\t                            <a href=\"https:\/\/fidevsa.com\/en\/2023\/09\/21\/match-de-gala\/\"\n                               class=\"ube-post-read-more-btn  btn btn-md btn-rounded btn-primary\">\n\t\t\t\t\t\t\t\tRead more\t\t\t\t\t\t\t\t                                    <span class=\"button-suffix\">\n                                <i class=\"fas fa-plus\"><\/i>                            <\/span>\n\t\t\t\t\t\t\t\t                            <\/a>\n\t\t\t\t\t\t                    <\/div>\n                <\/div>\n\t\t\t        <\/div>\n    <\/article>\n<\/div>\n\n\t\t\t<div class=\"ube-post-grid-item col-auto col-md-auto col-lg-4\">\n    <article class=\"card ube-post-item ube-post-grid-layout-04\">\n\t\t            <a class=\"ube-entry-post-thumb card-img-top\" href=\"https:\/\/fidevsa.com\/en\/2023\/09\/05\/bonne-rentree-scolaire\/\"\n               style=\"background-image: url('https:\/\/fidevsa.com\/wp-content\/uploads\/2023\/09\/anniversaire.jpg');--ube-post-grid-ratio:75%;\">\n            <\/a>\n\t\t        <div class=\"card-body\">\n\t\t\t\n\t\t\t            <header class=\"ube-entry-header\">\n\t\t\t\t                    <h2 class=\"ube-entry-title card-title\">\n                        <a class=\"ube-post-link\" href=\"https:\/\/fidevsa.com\/en\/2023\/09\/05\/bonne-rentree-scolaire\/\"\n                           title=\"2nd anniversary\">\n\t\t\t\t\t\t\t2nd anniversary                        <\/a>\n                    <\/h2>\n\t\t\t\t            <\/header>\n\t\t\t                <div class=\"ube-entry-content\">\n                    <div class=\"ube-post-excerpt\">\n                        <p class=\"card-text\">Fidev Cameroun S.A. in communion with its customers and...<\/p>\n                    <\/div>\n                    <div class=\"read-more-button-wrapper\">\n\t\t\t\t\t\t                            <a href=\"https:\/\/fidevsa.com\/en\/2023\/09\/05\/bonne-rentree-scolaire\/\"\n                               class=\"ube-post-read-more-btn  btn btn-md btn-rounded btn-primary\">\n\t\t\t\t\t\t\t\tRead more\t\t\t\t\t\t\t\t                                    <span class=\"button-suffix\">\n                                <i class=\"fas fa-plus\"><\/i>                            <\/span>\n\t\t\t\t\t\t\t\t                            <\/a>\n\t\t\t\t\t\t                    <\/div>\n                <\/div>\n\t\t\t        <\/div>\n    <\/article>\n<\/div>\n\n\t\t\t<\/div>\n\n<div class=\"ube-post-list-paging\">\n\t<\/div>\n\t\t\t\t<\/div>\n\t\t\t\t<\/div>\n\t\t\t\t\t<\/div>\n\t\t\t\t<\/div>\n\t\t<div class=\"elementor-element elementor-element-165b43b e-flex e-con-boxed e-con e-parent\" data-id=\"165b43b\" data-element_type=\"container\" data-e-type=\"container\">\n\t\t\t\t\t<div class=\"e-con-inner\">\n\t\t\t\t<div class=\"elementor-element elementor-element-e8192b7 elementor-widget elementor-widget-image\" data-id=\"e8192b7\" data-element_type=\"widget\" data-e-type=\"widget\" data-widget_type=\"image.default\">\n\t\t\t\t<div class=\"elementor-widget-container\">\n\t\t\t\t\t\t\t\t\t\t\t\t\t\t\t<img fetchpriority=\"high\" decoding=\"async\" width=\"640\" height=\"640\" src=\"https:\/\/fidevsa.com\/wp-content\/uploads\/2024\/09\/Rentree-1-1024x1024.png\" class=\"attachment-large size-large wp-image-1335\" alt=\"\" srcset=\"https:\/\/fidevsa.com\/wp-content\/uploads\/2024\/09\/Rentree-1-1024x1024.png 1024w, https:\/\/fidevsa.com\/wp-content\/uploads\/2024\/09\/Rentree-1-300x300.png 300w, https:\/\/fidevsa.com\/wp-content\/uploads\/2024\/09\/Rentree-1-150x150.png 150w, https:\/\/fidevsa.com\/wp-content\/uploads\/2024\/09\/Rentree-1-768x768.png 768w, https:\/\/fidevsa.com\/wp-content\/uploads\/2024\/09\/Rentree-1-12x12.png 12w, https:\/\/fidevsa.com\/wp-content\/uploads\/2024\/09\/Rentree-1.png 1080w\" sizes=\"(max-width: 640px) 100vw, 640px\" \/>\t\t\t\t\t\t\t\t\t\t\t\t\t\t\t<\/div>\n\t\t\t\t<\/div>\n\t\t\t\t\t<\/div>\n\t\t\t\t<\/div>\n\t\t\t\t<\/div>","protected":false},"excerpt":{"rendered":"<p>Accueil D\u00e9couvrez nos derni\u00e8res actualit\u00e9s Repas de fin d&#8217;ann\u00e9e 2022 Quelques images de notre derniers repas de fin d&#8217;ann\u00e9e. Lire plus Match de gala Match de football contre une association sportive compos\u00e9e d&#8217;anciens cadres&#8230; Lire plus 2\u00e8me\u00a0anniversaire Fidev Cameroun S.A. en communion avec ses clients et son&#8230; Lire plus<\/p>","protected":false},"author":1,"featured_media":0,"parent":0,"menu_order":0,"comment_status":"closed","ping_status":"closed","template":"elementor_header_footer","meta":{"_acf_changed":false,"inline_featured_image":false,"footnotes":""},"class_list":["post-675","page","type-page","status-publish","hentry"],"acf":[],"_links":{"self":[{"href":"https:\/\/fidevsa.com\/en\/wp-json\/wp\/v2\/pages\/675","targetHints":{"allow":["GET"]}}],"collection":[{"href":"https:\/\/fidevsa.com\/en\/wp-json\/wp\/v2\/pages"}],"about":[{"href":"https:\/\/fidevsa.com\/en\/wp-json\/wp\/v2\/types\/page"}],"author":[{"embeddable":true,"href":"https:\/\/fidevsa.com\/en\/wp-json\/wp\/v2\/users\/1"}],"replies":[{"embeddable":true,"href":"https:\/\/fidevsa.com\/en\/wp-json\/wp\/v2\/comments?post=675"}],"version-history":[{"count":3,"href":"https:\/\/fidevsa.com\/en\/wp-json\/wp\/v2\/pages\/675\/revisions"}],"predecessor-version":[{"id":1339,"href":"https:\/\/fidevsa.com\/en\/wp-json\/wp\/v2\/pages\/675\/revisions\/1339"}],"wp:attachment":[{"href":"https:\/\/fidevsa.com\/en\/wp-json\/wp\/v2\/media?parent=675"}],"curies":[{"name":"wp","href":"https:\/\/api.w.org\/{rel}","templated":true}]}}