{"id":869,"date":"2023-10-10T08:43:31","date_gmt":"2023-10-10T08:43:31","guid":{"rendered":"https:\/\/fidevsa.com\/?page_id=869"},"modified":"2023-10-27T17:01:19","modified_gmt":"2023-10-27T17:01:19","slug":"credit-dexploitation","status":"publish","type":"page","link":"https:\/\/fidevsa.com\/en\/credit-dexploitation\/","title":{"rendered":"Operating credit"},"content":{"rendered":"<div data-elementor-type=\"wp-page\" data-elementor-id=\"869\" class=\"elementor elementor-869\" data-elementor-post-type=\"page\">\n\t\t\t\t<div class=\"elementor-element elementor-element-a6232a7 e-flex e-con-boxed e-con e-parent\" data-id=\"a6232a7\" data-element_type=\"container\" data-e-type=\"container\" data-settings=\"{&quot;background_background&quot;:&quot;classic&quot;}\">\n\t\t\t\t\t<div class=\"e-con-inner\">\n\t\t\t\t<div class=\"elementor-element elementor-element-683313e elementor-widget elementor-widget-heading\" data-id=\"683313e\" data-element_type=\"widget\" data-e-type=\"widget\" data-widget_type=\"heading.default\">\n\t\t\t\t<div class=\"elementor-widget-container\">\n\t\t\t\t\t<h2 class=\"elementor-heading-title elementor-size-default\">Operating credit<\/h2>\t\t\t\t<\/div>\n\t\t\t\t<\/div>\n\t\t\t\t<div class=\"elementor-element elementor-element-483ffb0 elementor-widget elementor-widget-ube-breadcrumbs\" data-id=\"483ffb0\" data-element_type=\"widget\" data-e-type=\"widget\" data-widget_type=\"ube-breadcrumbs.default\">\n\t\t\t\t<div class=\"elementor-widget-container\">\n\t\t\t\t\t<nav aria-label=\"breadcrumb\">\n\t\t<ol class=\"ube-breadcrumbs breadcrumbs list-unstyled d-inline-flex flex-wrap align-items-center m-0 separator-angle-double\"><li class=\"breadcrumb-item\"><a href=\"https:\/\/fidevsa.com\/en\">Home<\/a><\/li><\/ol><\/nav>\t\t\t\t<\/div>\n\t\t\t\t<\/div>\n\t\t\t\t\t<\/div>\n\t\t\t\t<\/div>\n\t\t<div class=\"elementor-element elementor-element-8c70fa6 e-flex e-con-boxed e-con e-parent\" data-id=\"8c70fa6\" data-element_type=\"container\" data-e-type=\"container\">\n\t\t\t\t\t<div class=\"e-con-inner\">\n\t\t<div class=\"elementor-element elementor-element-13a4af1 e-con-full e-flex e-con e-child\" data-id=\"13a4af1\" data-element_type=\"container\" data-e-type=\"container\">\n\t\t<div class=\"elementor-element elementor-element-47c844c e-con-full e-flex e-con e-child\" data-id=\"47c844c\" data-element_type=\"container\" data-e-type=\"container\">\n\t\t\t\t<div class=\"elementor-element elementor-element-cf7f20a elementor-icon-list--layout-traditional elementor-list-item-link-full_width elementor-widget elementor-widget-icon-list\" data-id=\"cf7f20a\" data-element_type=\"widget\" data-e-type=\"widget\" data-widget_type=\"icon-list.default\">\n\t\t\t\t<div class=\"elementor-widget-container\">\n\t\t\t\t\t\t\t<ul class=\"elementor-icon-list-items\">\n\t\t\t\t\t\t\t<li class=\"elementor-icon-list-item\">\n\t\t\t\t\t\t\t\t\t\t\t<span class=\"elementor-icon-list-icon\">\n\t\t\t\t\t\t\t<svg xmlns=\"http:\/\/www.w3.org\/2000\/svg\" id=\"uuid-becf6809-fca3-490d-8497-533709f59139\" viewbox=\"0 0 800 800\"><defs><style>.uuid-c4de5069-20c6-4a25-802c-121d0ade0f72{opacity:.5;}<\/style><\/defs><path d=\"m495.18,248.95c-52.84-30.43-138.23-30.59-190.75,0-52.51,30.42-52.18,79.99.66,110.42,52.84,30.43,138.23,30.43,190.58,0,52.67-30.59,52.34-80-.49-110.42Zm-24.21,47.93c-4.58,1.47-9,2.94-13.75,4.25-2.78.82-4.41.98-5.72.33-.66-.33-1.31-1.15-1.8-2.13-3.11-4.91-7.69-9.16-14.07-12.76-.65-.49-1.47-.82-2.29-1.31-1.96-.98-4.09-1.96-6.54-2.45-8.84-1.96-16.53,1.31-15.38,6.71.49,2.78,1.96,5.4,3.76,8.01,3.11,4.42,6.55,8.84,8.84,13.42,7.36,14.72-8.67,29.12-34.19,30.59-9.33.49-18-.66-26.18-3.27-3.6-1.15-6.21-1.15-8.99.65-2.62,1.64-5.57,3.27-8.35,4.91-2.45,1.47-5.07,1.47-7.69,0-1.8-.98-3.59-1.97-5.39-2.95-1.31-.65-2.46-1.47-3.77-2.29-2.61-1.47-2.29-3.11.33-4.74,1.96-1.15,4.09-2.45,6.05-3.6,4.58-2.62,4.58-2.94.82-5.89-4.74-3.76-9-7.69-11.61-12.1-2.13-3.44-1.48-4.26,3.76-6.06,4.09-1.31,8.01-2.61,12.1-3.92,2.95-.98,4.58-1.15,5.89-.49.66.49,1.31,1.14,1.8,2.29,2.78,4.9,7.04,9.48,12.6,13.57.98.66,1.96,1.31,2.94,1.97,2.95,1.8,6.38,3.11,10.47,4.09,9.98,2.29,19.31-1.8,18.16-8.02-.33-2.13-1.47-4.09-2.78-6.22-3.44-5.07-7.85-9.97-10.31-15.37-3.76-8.67-2.12-16.69,10.15-22.9,13.74-7.04,29.11-7.53,45.31-3.11q6.71,1.8,11.78-1.15c1.8-.98,3.43-1.96,5.23-2.94,3.93-2.13,5.24-2.13,9.16,0,.49.16.82.49,1.15.65.82.49,1.63.98,2.29,1.47q8.18,4.75.16,9.49c-5.72,3.27-5.72,3.44-.98,7.2,3.76,2.94,6.71,6.22,9,9.49,1.8,2.29,1.14,3.6-1.96,4.58Zm-184.69-77.71l-37.14-21.42c-3.27-1.97-8.5-1.8-11.78,0l-21.1,12.26c-3.27,1.97-3.27,4.91,0,6.87l37.14,21.43c3.27,1.97,8.5,1.8,11.77,0l21.11-12.26c3.27-1.8,3.27-4.91,0-6.88Zm208.9,29.78c-52.84-30.43-138.23-30.59-190.75,0-52.51,30.42-52.18,79.99.66,110.42,52.84,30.43,138.23,30.43,190.58,0,52.67-30.59,52.34-80-.49-110.42Zm-24.21,47.93c-4.58,1.47-9,2.94-13.75,4.25-2.78.82-4.41.98-5.72.33-.66-.33-1.31-1.15-1.8-2.13-3.11-4.91-7.69-9.16-14.07-12.76-.65-.49-1.47-.82-2.29-1.31-1.96-.98-4.09-1.96-6.54-2.45-8.84-1.96-16.53,1.31-15.38,6.71.49,2.78,1.96,5.4,3.76,8.01,3.11,4.42,6.55,8.84,8.84,13.42,7.36,14.72-8.67,29.12-34.19,30.59-9.33.49-18-.66-26.18-3.27-3.6-1.15-6.21-1.15-8.99.65-2.62,1.64-5.57,3.27-8.35,4.91-2.45,1.47-5.07,1.47-7.69,0-1.8-.98-3.59-1.97-5.39-2.95-1.31-.65-2.46-1.47-3.77-2.29-2.61-1.47-2.29-3.11.33-4.74,1.96-1.15,4.09-2.45,6.05-3.6,4.58-2.62,4.58-2.94.82-5.89-4.74-3.76-9-7.69-11.61-12.1-2.13-3.44-1.48-4.26,3.76-6.06,4.09-1.31,8.01-2.61,12.1-3.92,2.95-.98,4.58-1.15,5.89-.49.66.49,1.31,1.14,1.8,2.29,2.78,4.9,7.04,9.48,12.6,13.57.98.66,1.96,1.31,2.94,1.97,2.95,1.8,6.38,3.11,10.47,4.09,9.98,2.29,19.31-1.8,18.16-8.02-.33-2.13-1.47-4.09-2.78-6.22-3.44-5.07-7.85-9.97-10.31-15.37-3.76-8.67-2.12-16.69,10.15-22.9,13.74-7.04,29.11-7.53,45.31-3.11q6.71,1.8,11.78-1.15c1.8-.98,3.43-1.96,5.23-2.94,3.93-2.13,5.24-2.13,9.16,0,.49.16.82.49,1.15.65.82.49,1.63.98,2.29,1.47q8.18,4.75.16,9.49c-5.72,3.27-5.72,3.44-.98,7.2,3.76,2.94,6.71,6.22,9,9.49,1.8,2.29,1.14,3.6-1.96,4.58Zm113.03,94.22l-37.13-21.43c-3.27-1.96-8.51-1.79-11.78,0l-21.1,12.27c-3.27,1.97-3.27,4.91,0,6.87l37.13,21.43c3.27,1.97,8.51,1.8,11.78,0l21.1-12.27c3.28-1.79,3.28-4.9,0-6.87Zm0,0l-37.13-21.43c-3.27-1.96-8.51-1.79-11.78,0l-21.1,12.27c-3.27,1.97-3.27,4.91,0,6.87l37.13,21.43c3.27,1.97,8.51,1.8,11.78,0l21.1-12.27c3.28-1.79,3.28-4.9,0-6.87Zm-88.82-142.15c-52.84-30.43-138.23-30.59-190.75,0-52.51,30.42-52.18,79.99.66,110.42,52.84,30.43,138.23,30.43,190.58,0,52.67-30.59,52.34-80-.49-110.42Zm-24.21,47.93c-4.58,1.47-9,2.94-13.75,4.25-2.78.82-4.41.98-5.72.33-.66-.33-1.31-1.15-1.8-2.13-3.11-4.91-7.69-9.16-14.07-12.76-.65-.49-1.47-.82-2.29-1.31-1.96-.98-4.09-1.96-6.54-2.45-8.84-1.96-16.53,1.31-15.38,6.71.49,2.78,1.96,5.4,3.76,8.01,3.11,4.42,6.55,8.84,8.84,13.42,7.36,14.72-8.67,29.12-34.19,30.59-9.33.49-18-.66-26.18-3.27-3.6-1.15-6.21-1.15-8.99.65-2.62,1.64-5.57,3.27-8.35,4.91-2.45,1.47-5.07,1.47-7.69,0-1.8-.98-3.59-1.97-5.39-2.95-1.31-.65-2.46-1.47-3.77-2.29-2.61-1.47-2.29-3.11.33-4.74,1.96-1.15,4.09-2.45,6.05-3.6,4.58-2.62,4.58-2.94.82-5.89-4.74-3.76-9-7.69-11.61-12.1-2.13-3.44-1.48-4.26,3.76-6.06,4.09-1.31,8.01-2.61,12.1-3.92,2.95-.98,4.58-1.15,5.89-.49.66.49,1.31,1.14,1.8,2.29,2.78,4.9,7.04,9.48,12.6,13.57.98.66,1.96,1.31,2.94,1.97,2.95,1.8,6.38,3.11,10.47,4.09,9.98,2.29,19.31-1.8,18.16-8.02-.33-2.13-1.47-4.09-2.78-6.22-3.44-5.07-7.85-9.97-10.31-15.37-3.76-8.67-2.12-16.69,10.15-22.9,13.74-7.04,29.11-7.53,45.31-3.11q6.71,1.8,11.78-1.15c1.8-.98,3.43-1.96,5.23-2.94,3.93-2.13,5.24-2.13,9.16,0,.49.16.82.49,1.15.65.82.49,1.63.98,2.29,1.47q8.18,4.75.16,9.49c-5.72,3.27-5.72,3.44-.98,7.2,3.76,2.94,6.71,6.22,9,9.49,1.8,2.29,1.14,3.6-1.96,4.58Zm-184.69-77.71l-37.14-21.42c-3.27-1.97-8.5-1.8-11.78,0l-21.1,12.26c-3.27,1.97-3.27,4.91,0,6.87l37.14,21.43c3.27,1.97,8.5,1.8,11.77,0l21.11-12.26c3.27-1.8,3.27-4.91,0-6.88Zm508.75,133.33L315.07,75.55c-6.55-3.77-17.34-3.77-23.89,0L5.23,241.75c-6.54,3.76-6.54,9.98,0,13.9l479.8,276.96c6.71,3.92,17.34,3.76,23.89,0l286.11-166.21c6.54-3.76,6.71-9.98,0-13.9Zm-250.12,116.14c-2.62-2.61-5.89-4.9-9.66-7.03-24.37-14.07-63.79-14.07-88.17,0-1.8,1.15-3.43,2.13-5.07,3.44L118.76,278.23c3.11-1.31,6.06-2.62,8.84-4.25,24.21-14.07,24.04-36.97-.33-51.04-2.62-1.47-5.56-2.95-8.51-4.09l133.33-77.38c2.12,1.64,4.41,3.44,7.03,4.91,24.38,14.07,63.96,14.07,88.17,0,2.79-1.64,5.24-3.27,7.2-5.07l324.23,187.3c-4.25,1.48-8.34,3.28-11.94,5.4-24.21,14.07-24.05,36.97.33,51.04,3.76,2.13,8.01,3.93,12.43,5.56l-134.63,78.03Zm39.09-77.54l-37.13-21.43c-3.27-1.96-8.51-1.79-11.78,0l-21.1,12.27c-3.27,1.97-3.27,4.91,0,6.87l37.13,21.43c3.27,1.97,8.51,1.8,11.78,0l21.1-12.27c3.28-1.79,3.28-4.9,0-6.87Zm-88.82-142.15c-52.84-30.43-138.23-30.59-190.75,0-52.51,30.42-52.18,79.99.66,110.42,52.84,30.43,138.23,30.43,190.58,0,52.67-30.59,52.34-80-.49-110.42Zm-24.21,47.93c-4.58,1.47-9,2.94-13.75,4.25-2.78.82-4.41.98-5.72.33-.66-.33-1.31-1.15-1.8-2.13-3.11-4.91-7.69-9.16-14.07-12.76-.65-.49-1.47-.82-2.29-1.31-1.96-.98-4.09-1.96-6.54-2.45-8.84-1.96-16.53,1.31-15.38,6.71.49,2.78,1.96,5.4,3.76,8.01,3.11,4.42,6.55,8.84,8.84,13.42,7.36,14.72-8.67,29.12-34.19,30.59-9.33.49-18-.66-26.18-3.27-3.6-1.15-6.21-1.15-8.99.65-2.62,1.64-5.57,3.27-8.35,4.91-2.45,1.47-5.07,1.47-7.69,0-1.8-.98-3.59-1.97-5.39-2.95-1.31-.65-2.46-1.47-3.77-2.29-2.61-1.47-2.29-3.11.33-4.74,1.96-1.15,4.09-2.45,6.05-3.6,4.58-2.62,4.58-2.94.82-5.89-4.74-3.76-9-7.69-11.61-12.1-2.13-3.44-1.48-4.26,3.76-6.06,4.09-1.31,8.01-2.61,12.1-3.92,2.95-.98,4.58-1.15,5.89-.49.66.49,1.31,1.14,1.8,2.29,2.78,4.9,7.04,9.48,12.6,13.57.98.66,1.96,1.31,2.94,1.97,2.95,1.8,6.38,3.11,10.47,4.09,9.98,2.29,19.31-1.8,18.16-8.02-.33-2.13-1.47-4.09-2.78-6.22-3.44-5.07-7.85-9.97-10.31-15.37-3.76-8.67-2.12-16.69,10.15-22.9,13.74-7.04,29.11-7.53,45.31-3.11q6.71,1.8,11.78-1.15c1.8-.98,3.43-1.96,5.23-2.94,3.93-2.13,5.24-2.13,9.16,0,.49.16.82.49,1.15.65.82.49,1.63.98,2.29,1.47q8.18,4.75.16,9.49c-5.72,3.27-5.72,3.44-.98,7.2,3.76,2.94,6.71,6.22,9,9.49,1.8,2.29,1.14,3.6-1.96,4.58Zm-184.69-77.71l-37.14-21.42c-3.27-1.97-8.5-1.8-11.78,0l-21.1,12.26c-3.27,1.97-3.27,4.91,0,6.87l37.14,21.43c3.27,1.97,8.5,1.8,11.77,0l21.11-12.26c3.27-1.8,3.27-4.91,0-6.88Zm0,0l-37.14-21.42c-3.27-1.97-8.5-1.8-11.78,0l-21.1,12.26c-3.27,1.97-3.27,4.91,0,6.87l37.14,21.43c3.27,1.97,8.5,1.8,11.77,0l21.11-12.26c3.27-1.8,3.27-4.91,0-6.88Zm208.9,29.78c-52.84-30.43-138.23-30.59-190.75,0-52.51,30.42-52.18,79.99.66,110.42,52.84,30.43,138.23,30.43,190.58,0,52.67-30.59,52.34-80-.49-110.42Zm-24.21,47.93c-4.58,1.47-9,2.94-13.75,4.25-2.78.82-4.41.98-5.72.33-.66-.33-1.31-1.15-1.8-2.13-3.11-4.91-7.69-9.16-14.07-12.76-.65-.49-1.47-.82-2.29-1.31-1.96-.98-4.09-1.96-6.54-2.45-8.84-1.96-16.53,1.31-15.38,6.71.49,2.78,1.96,5.4,3.76,8.01,3.11,4.42,6.55,8.84,8.84,13.42,7.36,14.72-8.67,29.12-34.19,30.59-9.33.49-18-.66-26.18-3.27-3.6-1.15-6.21-1.15-8.99.65-2.62,1.64-5.57,3.27-8.35,4.91-2.45,1.47-5.07,1.47-7.69,0-1.8-.98-3.59-1.97-5.39-2.95-1.31-.65-2.46-1.47-3.77-2.29-2.61-1.47-2.29-3.11.33-4.74,1.96-1.15,4.09-2.45,6.05-3.6,4.58-2.62,4.58-2.94.82-5.89-4.74-3.76-9-7.69-11.61-12.1-2.13-3.44-1.48-4.26,3.76-6.06,4.09-1.31,8.01-2.61,12.1-3.92,2.95-.98,4.58-1.15,5.89-.49.66.49,1.31,1.14,1.8,2.29,2.78,4.9,7.04,9.48,12.6,13.57.98.66,1.96,1.31,2.94,1.97,2.95,1.8,6.38,3.11,10.47,4.09,9.98,2.29,19.31-1.8,18.16-8.02-.33-2.13-1.47-4.09-2.78-6.22-3.44-5.07-7.85-9.97-10.31-15.37-3.76-8.67-2.12-16.69,10.15-22.9,13.74-7.04,29.11-7.53,45.31-3.11q6.71,1.8,11.78-1.15c1.8-.98,3.43-1.96,5.23-2.94,3.93-2.13,5.24-2.13,9.16,0,.49.16.82.49,1.15.65.82.49,1.63.98,2.29,1.47q8.18,4.75.16,9.49c-5.72,3.27-5.72,3.44-.98,7.2,3.76,2.94,6.71,6.22,9,9.49,1.8,2.29,1.14,3.6-1.96,4.58Zm113.03,94.22l-37.13-21.43c-3.27-1.96-8.51-1.79-11.78,0l-21.1,12.27c-3.27,1.97-3.27,4.91,0,6.87l37.13,21.43c3.27,1.97,8.51,1.8,11.78,0l21.1-12.27c3.28-1.79,3.28-4.9,0-6.87Zm0,0l-37.13-21.43c-3.27-1.96-8.51-1.79-11.78,0l-21.1,12.27c-3.27,1.97-3.27,4.91,0,6.87l37.13,21.43c3.27,1.97,8.51,1.8,11.78,0l21.1-12.27c3.28-1.79,3.28-4.9,0-6.87Zm-297.72-171.93l-37.14-21.42c-3.27-1.97-8.5-1.8-11.78,0l-21.1,12.26c-3.27,1.97-3.27,4.91,0,6.87l37.14,21.43c3.27,1.97,8.5,1.8,11.77,0l21.11-12.26c3.27-1.8,3.27-4.91,0-6.88Zm476.36,218.56l-262.88,152.62L36.97,323.05,0,344.48l462.62,267.63,27.65,15.87,9.81,5.56,299.86-174.22-37.3-21.59Zm-.65,94.39l-261.58,152.13L36.97,416.3,0,437.73l463.28,268.11,27.64,15.87,9.65,5.56,298.71-173.56-37.29-21.59Z\"><\/path><path class=\"uuid-c4de5069-20c6-4a25-802c-121d0ade0f72\" d=\"m667.11,385.05c-24.38-14.07-24.54-36.97-.33-51.04,3.6-2.12,7.69-3.92,11.94-5.4l-324.23-187.3c-1.96,1.8-4.41,3.43-7.2,5.07-24.21,14.07-63.79,14.07-88.17,0-2.62-1.47-4.91-3.27-7.03-4.91l-133.33,77.38c2.95,1.14,5.89,2.62,8.51,4.09,24.37,14.07,24.54,36.97.33,51.04-2.78,1.63-5.73,2.94-8.84,4.25l323.25,186.82c1.64-1.31,3.27-2.29,5.07-3.44,24.38-14.07,63.8-14.07,88.17,0,3.77,2.13,7.04,4.42,9.66,7.03l134.63-78.03c-4.42-1.63-8.67-3.43-12.43-5.56ZM253.4,238.31l-37.14-21.43c-3.27-1.96-3.27-4.9,0-6.87l21.1-12.26c3.28-1.8,8.51-1.97,11.78,0l37.14,21.42c3.27,1.97,3.27,5.08,0,6.88l-21.11,12.26c-3.27,1.8-8.5,1.97-11.77,0Zm51.69,121.06c-52.84-30.43-53.17-80-.66-110.42,52.52-30.59,137.91-30.43,190.75,0,52.83,30.42,53.16,79.83.49,110.42-52.35,30.43-137.74,30.43-190.58,0Zm278.91,38.6l-21.1,12.27c-3.27,1.8-8.51,1.97-11.78,0l-37.13-21.43c-3.27-1.96-3.27-4.9,0-6.87l21.1-12.27c3.27-1.79,8.51-1.96,11.78,0l37.13,21.43c3.28,1.97,3.28,5.08,0,6.87Z\"><\/path><path class=\"uuid-c4de5069-20c6-4a25-802c-121d0ade0f72\" d=\"m470.97,296.88c-4.58,1.47-9,2.94-13.75,4.25-2.78.82-4.41.98-5.72.33-.66-.33-1.31-1.15-1.8-2.13-3.11-4.91-7.69-9.16-14.07-12.76-.65-.49-1.47-.82-2.29-1.31-1.96-.98-4.09-1.96-6.54-2.45-8.84-1.96-16.53,1.31-15.38,6.71.49,2.78,1.96,5.4,3.76,8.01,3.11,4.42,6.55,8.84,8.84,13.42,7.36,14.72-8.67,29.12-34.19,30.59-9.33.49-18-.66-26.18-3.27-3.6-1.15-6.21-1.15-8.99.65-2.62,1.64-5.57,3.27-8.35,4.91-2.45,1.47-5.07,1.47-7.69,0-1.8-.98-3.59-1.97-5.39-2.95-1.31-.65-2.46-1.47-3.77-2.29-2.61-1.47-2.29-3.11.33-4.74,1.96-1.15,4.09-2.45,6.05-3.6,4.58-2.62,4.58-2.94.82-5.89-4.74-3.76-9-7.69-11.61-12.1-2.13-3.44-1.48-4.26,3.76-6.06,4.09-1.31,8.01-2.61,12.1-3.92,2.95-.98,4.58-1.15,5.89-.49.66.49,1.31,1.14,1.8,2.29,2.78,4.9,7.04,9.48,12.6,13.57.98.66,1.96,1.31,2.94,1.97,2.95,1.8,6.38,3.11,10.47,4.09,9.98,2.29,19.31-1.8,18.16-8.02-.33-2.13-1.47-4.09-2.78-6.22-3.44-5.07-7.85-9.97-10.31-15.37-3.76-8.67-2.12-16.69,10.15-22.9,13.74-7.04,29.11-7.53,45.31-3.11q6.71,1.8,11.78-1.15c1.8-.98,3.43-1.96,5.23-2.94,3.93-2.13,5.24-2.13,9.16,0,.49.16.82.49,1.15.65.82.49,1.63.98,2.29,1.47q8.18,4.75.16,9.49c-5.72,3.27-5.72,3.44-.98,7.2,3.76,2.94,6.71,6.22,9,9.49,1.8,2.29,1.14,3.6-1.96,4.58Z\"><\/path><\/svg>\t\t\t\t\t\t<\/span>\n\t\t\t\t\t\t\t\t\t\t<span class=\"elementor-icon-list-text\">Operating loans<\/span>\n\t\t\t\t\t\t\t\t\t<\/li>\n\t\t\t\t\t\t<\/ul>\n\t\t\t\t\t\t<\/div>\n\t\t\t\t<\/div>\n\t\t\t\t<div class=\"elementor-element elementor-element-5608231 elementor-widget elementor-widget-text-editor\" data-id=\"5608231\" data-element_type=\"widget\" data-e-type=\"widget\" data-widget_type=\"text-editor.default\">\n\t\t\t\t<div class=\"elementor-widget-container\">\n\t\t\t\t\t\t\t\t\t<p>cash credit for businesses<\/p>\t\t\t\t\t\t\t\t<\/div>\n\t\t\t\t<\/div>\n\t\t\t\t<\/div>\n\t\t\t\t<\/div>\n\t\t<div class=\"elementor-element elementor-element-2572991 e-con-full e-flex e-con e-child\" data-id=\"2572991\" data-element_type=\"container\" data-e-type=\"container\">\n\t\t\t\t<div class=\"elementor-element elementor-element-e4507b9 elementor-widget elementor-widget-image\" data-id=\"e4507b9\" data-element_type=\"widget\" data-e-type=\"widget\" data-widget_type=\"image.default\">\n\t\t\t\t<div class=\"elementor-widget-container\">\n\t\t\t\t\t\t\t\t\t\t\t\t\t\t\t<img fetchpriority=\"high\" decoding=\"async\" width=\"640\" height=\"426\" src=\"https:\/\/fidevsa.com\/wp-content\/uploads\/2023\/10\/WhatsApp-Image-2023-10-23-a-09.51.09-1024x682.jpg\" class=\"attachment-large size-large wp-image-1179\" alt=\"\" srcset=\"https:\/\/fidevsa.com\/wp-content\/uploads\/2023\/10\/WhatsApp-Image-2023-10-23-a-09.51.09-1024x682.jpg 1024w, https:\/\/fidevsa.com\/wp-content\/uploads\/2023\/10\/WhatsApp-Image-2023-10-23-a-09.51.09-300x200.jpg 300w, https:\/\/fidevsa.com\/wp-content\/uploads\/2023\/10\/WhatsApp-Image-2023-10-23-a-09.51.09-768x511.jpg 768w, https:\/\/fidevsa.com\/wp-content\/uploads\/2023\/10\/WhatsApp-Image-2023-10-23-a-09.51.09.jpg 1080w\" sizes=\"(max-width: 640px) 100vw, 640px\" \/>\t\t\t\t\t\t\t\t\t\t\t\t\t\t\t<\/div>\n\t\t\t\t<\/div>\n\t\t\t\t<\/div>\n\t\t\t\t\t<\/div>\n\t\t\t\t<\/div>\n\t\t<div class=\"elementor-element elementor-element-333b55a e-flex e-con-boxed e-con e-parent\" data-id=\"333b55a\" data-element_type=\"container\" data-e-type=\"container\" data-settings=\"{&quot;background_background&quot;:&quot;classic&quot;}\">\n\t\t\t\t\t<div class=\"e-con-inner\">\n\t\t\t\t<div class=\"elementor-element elementor-element-a2bb07b elementor-widget elementor-widget-heading\" data-id=\"a2bb07b\" data-element_type=\"widget\" data-e-type=\"widget\" data-widget_type=\"heading.default\">\n\t\t\t\t<div class=\"elementor-widget-container\">\n\t\t\t\t\t<h2 class=\"elementor-heading-title elementor-size-default\"><span style=\"color: #000\">Contact us<\/span> now<\/h2>\t\t\t\t<\/div>\n\t\t\t\t<\/div>\n\t\t\t\t<div class=\"elementor-element elementor-element-248b216 elementor-align-center elementor-widget elementor-widget-button\" data-id=\"248b216\" data-element_type=\"widget\" data-e-type=\"widget\" data-widget_type=\"button.default\">\n\t\t\t\t<div class=\"elementor-widget-container\">\n\t\t\t\t\t\t\t\t\t<div class=\"elementor-button-wrapper\">\n\t\t\t\t\t<a class=\"elementor-button elementor-button-link elementor-size-sm\" href=\"https:\/\/fidevsa.com\/en\/contact\/\">\n\t\t\t\t\t\t<span class=\"elementor-button-content-wrapper\">\n\t\t\t\t\t\t\t\t\t<span class=\"elementor-button-text\"> Book an appointment now!<\/span>\n\t\t\t\t\t<\/span>\n\t\t\t\t\t<\/a>\n\t\t\t\t<\/div>\n\t\t\t\t\t\t\t\t<\/div>\n\t\t\t\t<\/div>\n\t\t\t\t\t<\/div>\n\t\t\t\t<\/div>\n\t\t\t\t<\/div>","protected":false},"excerpt":{"rendered":"<p>Accueil Cr\u00e9dit d\u2019exploitation cr\u00e9dit de tr\u00e9sorerie offert aux entreprises Contactez-nous d\u00e8s \u00e0 pr\u00e9sent Prendre un rendez-vous d\u00e8s maintenant !<\/p>","protected":false},"author":1,"featured_media":0,"parent":0,"menu_order":0,"comment_status":"closed","ping_status":"closed","template":"elementor_header_footer","meta":{"_acf_changed":false,"inline_featured_image":false,"footnotes":""},"class_list":["post-869","page","type-page","status-publish","hentry"],"acf":[],"_links":{"self":[{"href":"https:\/\/fidevsa.com\/en\/wp-json\/wp\/v2\/pages\/869","targetHints":{"allow":["GET"]}}],"collection":[{"href":"https:\/\/fidevsa.com\/en\/wp-json\/wp\/v2\/pages"}],"about":[{"href":"https:\/\/fidevsa.com\/en\/wp-json\/wp\/v2\/types\/page"}],"author":[{"embeddable":true,"href":"https:\/\/fidevsa.com\/en\/wp-json\/wp\/v2\/users\/1"}],"replies":[{"embeddable":true,"href":"https:\/\/fidevsa.com\/en\/wp-json\/wp\/v2\/comments?post=869"}],"version-history":[{"count":0,"href":"https:\/\/fidevsa.com\/en\/wp-json\/wp\/v2\/pages\/869\/revisions"}],"wp:attachment":[{"href":"https:\/\/fidevsa.com\/en\/wp-json\/wp\/v2\/media?parent=869"}],"curies":[{"name":"wp","href":"https:\/\/api.w.org\/{rel}","templated":true}]}}