{"id":932,"date":"2023-10-17T13:53:36","date_gmt":"2023-10-17T13:53:36","guid":{"rendered":"https:\/\/fidevsa.com\/?page_id=932"},"modified":"2023-10-20T16:34:08","modified_gmt":"2023-10-20T16:34:08","slug":"prise-en-charge-de-la-commande-publique","status":"publish","type":"page","link":"https:\/\/fidevsa.com\/en\/prise-en-charge-de-la-commande-publique\/","title":{"rendered":"Taking charge of public orders"},"content":{"rendered":"<div data-elementor-type=\"wp-page\" data-elementor-id=\"932\" class=\"elementor elementor-932\" data-elementor-post-type=\"page\">\n\t\t\t\t<div class=\"elementor-element elementor-element-94e2f82 e-flex e-con-boxed e-con e-parent\" data-id=\"94e2f82\" data-element_type=\"container\" data-e-type=\"container\" data-settings=\"{&quot;background_background&quot;:&quot;classic&quot;}\">\n\t\t\t\t\t<div class=\"e-con-inner\">\n\t\t\t\t<div class=\"elementor-element elementor-element-eb71394 elementor-widget elementor-widget-heading\" data-id=\"eb71394\" data-element_type=\"widget\" data-e-type=\"widget\" data-widget_type=\"heading.default\">\n\t\t\t\t<div class=\"elementor-widget-container\">\n\t\t\t\t\t<h2 class=\"elementor-heading-title elementor-size-default\">Taking charge of public orders<\/h2>\t\t\t\t<\/div>\n\t\t\t\t<\/div>\n\t\t\t\t<div class=\"elementor-element elementor-element-af0d6fa elementor-widget elementor-widget-ube-breadcrumbs\" data-id=\"af0d6fa\" data-element_type=\"widget\" data-e-type=\"widget\" data-widget_type=\"ube-breadcrumbs.default\">\n\t\t\t\t<div class=\"elementor-widget-container\">\n\t\t\t\t\t<nav aria-label=\"breadcrumb\">\n\t\t<ol class=\"ube-breadcrumbs breadcrumbs list-unstyled d-inline-flex flex-wrap align-items-center m-0 separator-angle-double\"><li class=\"breadcrumb-item\"><a href=\"https:\/\/fidevsa.com\/en\">Home<\/a><\/li><\/ol><\/nav>\t\t\t\t<\/div>\n\t\t\t\t<\/div>\n\t\t\t\t\t<\/div>\n\t\t\t\t<\/div>\n\t\t<div class=\"elementor-element elementor-element-de39167 e-flex e-con-boxed e-con e-parent\" data-id=\"de39167\" data-element_type=\"container\" data-e-type=\"container\">\n\t\t\t\t\t<div class=\"e-con-inner\">\n\t\t<div class=\"elementor-element elementor-element-4e0684c e-con-full e-flex e-con e-child\" data-id=\"4e0684c\" data-element_type=\"container\" data-e-type=\"container\">\n\t\t<div class=\"elementor-element elementor-element-cf7d2a4 e-con-full e-flex e-con e-child\" data-id=\"cf7d2a4\" data-element_type=\"container\" data-e-type=\"container\">\n\t\t\t\t<div class=\"elementor-element elementor-element-bf83085 elementor-icon-list--layout-traditional elementor-list-item-link-full_width elementor-widget elementor-widget-icon-list\" data-id=\"bf83085\" data-element_type=\"widget\" data-e-type=\"widget\" data-widget_type=\"icon-list.default\">\n\t\t\t\t<div class=\"elementor-widget-container\">\n\t\t\t\t\t\t\t<ul class=\"elementor-icon-list-items\">\n\t\t\t\t\t\t\t<li class=\"elementor-icon-list-item\">\n\t\t\t\t\t\t\t\t\t\t\t<span class=\"elementor-icon-list-icon\">\n\t\t\t\t\t\t\t<svg xmlns=\"http:\/\/www.w3.org\/2000\/svg\" id=\"uuid-622e4d38-e6d2-43cc-91e8-223674a1aced\" viewbox=\"0 0 800 800\"><defs><style>.uuid-61f38188-217a-47f2-8796-d8fc6fca60aa{opacity:.5;}<\/style><\/defs><path d=\"m317.25,576.81c-2.58-.52-5.26-.8-8-.8h-64c-22.09,0-40,17.91-40,40v125.34h144v-125.34c0-19.35-13.74-35.49-32-39.2Zm-80,39.2c0-4.42,3.58-8,8-8h64c4.42,0,8,3.58,8,8v93.34h-80v-93.34Z\"><\/path><path d=\"m429.25,512.81c-2.58-.52-5.26-.8-8-.8h-64c-22.09,0-40,17.91-40,40v189.34h144v-189.34c0-19.35-13.74-35.49-32-39.2Zm-80,39.2c0-4.42,3.58-8,8-8h64c4.42,0,8,3.58,8,8v157.34h-80v-157.34Z\"><\/path><path d=\"m497.51,56h-196.58c-29.85,0-49.19,31.51-35.67,58.12l56.15,110.48,6.67,13.13c4,7.88,13.64,11.02,21.51,7.01,7.88-4,11.02-13.63,7.02-21.51l-.96-1.89-61.86-121.72c-2.7-5.32,1.17-11.62,7.14-11.62h196.58c5.98,0,9.84,6.3,7.13,11.62l-61.85,121.72-.96,1.89c-4,7.88-.86,17.51,7.02,21.51,7.88,4.01,17.51.87,21.51-7.01l6.67-13.13,56.14-110.48c13.53-26.61-5.8-58.12-35.66-58.12Zm35.74,392.01h-64c-22.09,0-40,17.91-40,40v253.34h144v-253.34c0-22.09-17.91-40-40-40Zm-72,40c0-4.42,3.58-8,8-8h64c4.42,0,8,3.58,8,8v221.34h-80v-221.34Z\"><\/path><path d=\"m477.03,224.6c-11.23-1.71-22.66-2.8-34.24-3.26-4.1-.16-8.22-.24-12.35-.24h-62.44c-4.13,0-8.25.08-12.35.24-11.58.46-23.01,1.55-34.24,3.26C171.67,247.25,56,377.29,56,533.1v33.72c0,88.1,64.74,161.09,149.25,173.98,1.29.2,2.59.38,3.89.55,7.48.97,15.11,1.47,22.86,1.47h334.44c97.2,0,176-78.8,176-176v-33.72c0-155.81-115.68-285.85-265.41-308.5Zm233.41,342.22c0,77.25-60.82,140.29-137.19,143.84-2.26.11-4.53.16-6.81.16H232c-9.14,0-18.08-.85-26.75-2.48-66.75-12.54-117.25-71.14-117.25-141.52v-33.72c0-153.96,126.03-280,280-280h62.44c153.96,0,280,126.04,280,280v33.72Z\"><\/path><path class=\"uuid-61f38188-217a-47f2-8796-d8fc6fca60aa\" d=\"m504.64,99.62l-61.85,121.72c-4.1-.16-8.22-.24-12.35-.24h-62.44c-4.13,0-8.25.08-12.35.24l-61.86-121.72c-2.7-5.32,1.17-11.62,7.14-11.62h196.58c5.98,0,9.84,6.3,7.13,11.62Z\"><\/path><path class=\"uuid-61f38188-217a-47f2-8796-d8fc6fca60aa\" d=\"m541.25,488.01v221.34h-80v-221.34c0-4.42,3.58-8,8-8h64c4.42,0,8,3.58,8,8Z\"><\/path><path class=\"uuid-61f38188-217a-47f2-8796-d8fc6fca60aa\" d=\"m429.25,552.01v157.34h-80v-157.34c0-4.42,3.58-8,8-8h64c4.42,0,8,3.58,8,8Z\"><\/path><path class=\"uuid-61f38188-217a-47f2-8796-d8fc6fca60aa\" d=\"m317.25,616.01v93.34h-80v-93.34c0-4.42,3.58-8,8-8h64c4.42,0,8,3.58,8,8Z\"><\/path><\/svg>\t\t\t\t\t\t<\/span>\n\t\t\t\t\t\t\t\t\t\t<span class=\"elementor-icon-list-text\">La prise en charge de la commande publique<\/span>\n\t\t\t\t\t\t\t\t\t<\/li>\n\t\t\t\t\t\t<\/ul>\n\t\t\t\t\t\t<\/div>\n\t\t\t\t<\/div>\n\t\t\t\t<div class=\"elementor-element elementor-element-1d655fd elementor-widget elementor-widget-text-editor\" data-id=\"1d655fd\" data-element_type=\"widget\" data-e-type=\"widget\" data-widget_type=\"text-editor.default\">\n\t\t\t\t<div class=\"elementor-widget-container\">\n\t\t\t\t\t\t\t\t\t<p>Financing purchase orders in the public and semi-public sector<\/p>\t\t\t\t\t\t\t\t<\/div>\n\t\t\t\t<\/div>\n\t\t\t\t<\/div>\n\t\t\t\t<\/div>\n\t\t<div class=\"elementor-element elementor-element-19689a9 e-con-full e-flex e-con e-child\" data-id=\"19689a9\" data-element_type=\"container\" data-e-type=\"container\">\n\t\t\t\t<div class=\"elementor-element elementor-element-263966e elementor-widget elementor-widget-image\" data-id=\"263966e\" data-element_type=\"widget\" data-e-type=\"widget\" data-widget_type=\"image.default\">\n\t\t\t\t<div class=\"elementor-widget-container\">\n\t\t\t\t\t\t\t\t\t\t\t\t\t\t\t<img fetchpriority=\"high\" decoding=\"async\" width=\"640\" height=\"427\" src=\"https:\/\/fidevsa.com\/wp-content\/uploads\/2023\/10\/commande-1.jpg\" class=\"attachment-large size-large wp-image-1012\" alt=\"\" srcset=\"https:\/\/fidevsa.com\/wp-content\/uploads\/2023\/10\/commande-1.jpg 720w, https:\/\/fidevsa.com\/wp-content\/uploads\/2023\/10\/commande-1-300x200.jpg 300w\" sizes=\"(max-width: 640px) 100vw, 640px\" \/>\t\t\t\t\t\t\t\t\t\t\t\t\t\t\t<\/div>\n\t\t\t\t<\/div>\n\t\t\t\t<\/div>\n\t\t\t\t\t<\/div>\n\t\t\t\t<\/div>\n\t\t<div class=\"elementor-element elementor-element-ed5245c e-flex e-con-boxed e-con e-parent\" data-id=\"ed5245c\" data-element_type=\"container\" data-e-type=\"container\" data-settings=\"{&quot;background_background&quot;:&quot;classic&quot;}\">\n\t\t\t\t\t<div class=\"e-con-inner\">\n\t\t\t\t<div class=\"elementor-element elementor-element-7fccb57 elementor-widget elementor-widget-heading\" data-id=\"7fccb57\" data-element_type=\"widget\" data-e-type=\"widget\" data-widget_type=\"heading.default\">\n\t\t\t\t<div class=\"elementor-widget-container\">\n\t\t\t\t\t<h2 class=\"elementor-heading-title elementor-size-default\"><span style=\"color: #000\">Contact us<\/span> now<\/h2>\t\t\t\t<\/div>\n\t\t\t\t<\/div>\n\t\t\t\t<div class=\"elementor-element elementor-element-3ae4435 elementor-align-center elementor-widget elementor-widget-button\" data-id=\"3ae4435\" data-element_type=\"widget\" data-e-type=\"widget\" data-widget_type=\"button.default\">\n\t\t\t\t<div class=\"elementor-widget-container\">\n\t\t\t\t\t\t\t\t\t<div class=\"elementor-button-wrapper\">\n\t\t\t\t\t<a class=\"elementor-button elementor-button-link elementor-size-sm\" href=\"https:\/\/fidevsa.com\/en\/contact\/\">\n\t\t\t\t\t\t<span class=\"elementor-button-content-wrapper\">\n\t\t\t\t\t\t\t\t\t<span class=\"elementor-button-text\"> Book an appointment now!<\/span>\n\t\t\t\t\t<\/span>\n\t\t\t\t\t<\/a>\n\t\t\t\t<\/div>\n\t\t\t\t\t\t\t\t<\/div>\n\t\t\t\t<\/div>\n\t\t\t\t\t<\/div>\n\t\t\t\t<\/div>\n\t\t\t\t<\/div>","protected":false},"excerpt":{"rendered":"<p>Accueil La prise en charge de la commande publique Financement des bons de commande du secteur public et parapublique Contactez-nous d\u00e8s \u00e0 pr\u00e9sent Prendre un rendez-vous d\u00e8s maintenant !<\/p>","protected":false},"author":1,"featured_media":0,"parent":0,"menu_order":0,"comment_status":"closed","ping_status":"closed","template":"elementor_header_footer","meta":{"_acf_changed":false,"inline_featured_image":false,"footnotes":""},"class_list":["post-932","page","type-page","status-publish","hentry"],"acf":[],"_links":{"self":[{"href":"https:\/\/fidevsa.com\/en\/wp-json\/wp\/v2\/pages\/932","targetHints":{"allow":["GET"]}}],"collection":[{"href":"https:\/\/fidevsa.com\/en\/wp-json\/wp\/v2\/pages"}],"about":[{"href":"https:\/\/fidevsa.com\/en\/wp-json\/wp\/v2\/types\/page"}],"author":[{"embeddable":true,"href":"https:\/\/fidevsa.com\/en\/wp-json\/wp\/v2\/users\/1"}],"replies":[{"embeddable":true,"href":"https:\/\/fidevsa.com\/en\/wp-json\/wp\/v2\/comments?post=932"}],"version-history":[{"count":0,"href":"https:\/\/fidevsa.com\/en\/wp-json\/wp\/v2\/pages\/932\/revisions"}],"wp:attachment":[{"href":"https:\/\/fidevsa.com\/en\/wp-json\/wp\/v2\/media?parent=932"}],"curies":[{"name":"wp","href":"https:\/\/api.w.org\/{rel}","templated":true}]}}